{"id":1569,"date":"2025-05-22T16:43:25","date_gmt":"2025-05-22T16:43:25","guid":{"rendered":"https:\/\/aracnidatextil.com\/?page_id=1569"},"modified":"2025-08-13T17:59:02","modified_gmt":"2025-08-13T17:59:02","slug":"muneca-chancay","status":"publish","type":"page","link":"https:\/\/aracnidatextil.com\/?page_id=1569","title":{"rendered":"FIGURINA chancay"},"content":{"rendered":"\n<hr class=\"wp-block-separator has-text-color has-alpha-channel-opacity has-background is-style-wide\" style=\"background-color:#7e2828;color:#7e2828\"\/>\n\n\n\n<div class=\"wp-block-group is-layout-constrained wp-block-group-is-layout-constrained\">\n<div class=\"alignnormal\"><div id=\"metaslider-id-1515\" style=\"width: 100%;\" class=\"ml-slider-3-108-0 metaslider metaslider-flex metaslider-1515 ml-slider has-dots-nav has-carousel-mode ms-theme-clarity\" role=\"region\" aria-label=\"New Slideshow\" data-height=\"400\" data-width=\"300\">\n    <div id=\"metaslider_container_1515\">\n        <div id=\"metaslider_1515\">\n            <ul class='slides'>\n                <li style=\"display: none; width: 100%;\" class=\"slide-1516 ms-image \" aria-roledescription=\"slide\" data-date=\"2025-05-22 14:57:42\" data-filename=\"6-1-scaled-300x400.jpg\" data-slide-type=\"image\"><img loading=\"lazy\" decoding=\"async\" src=\"https:\/\/aracnidatextil.com\/wp-content\/uploads\/2025\/05\/6-1-scaled-300x400.jpg\" height=\"400\" width=\"300\" alt=\"\" class=\"slider-1515 slide-1516 msDefaultImage\" title=\"6\" \/><\/li>\n                <li style=\"display: none; width: 100%;\" class=\"slide-1517 ms-image \" aria-roledescription=\"slide\" data-date=\"2025-05-22 14:57:42\" data-filename=\"5-2-scaled-300x400.jpg\" data-slide-type=\"image\"><img loading=\"lazy\" decoding=\"async\" src=\"https:\/\/aracnidatextil.com\/wp-content\/uploads\/2025\/05\/5-2-scaled-300x400.jpg\" height=\"400\" width=\"300\" alt=\"\" class=\"slider-1515 slide-1517 msDefaultImage\" title=\"5\" \/><\/li>\n                <li style=\"display: none; width: 100%;\" class=\"slide-1518 ms-image \" aria-roledescription=\"slide\" data-date=\"2025-05-22 14:57:42\" data-filename=\"4-2-scaled-300x400.jpg\" data-slide-type=\"image\"><img loading=\"lazy\" decoding=\"async\" src=\"https:\/\/aracnidatextil.com\/wp-content\/uploads\/2025\/05\/4-2-scaled-300x400.jpg\" height=\"400\" width=\"300\" alt=\"\" class=\"slider-1515 slide-1518 msDefaultImage\" title=\"4\" \/><\/li>\n                <li style=\"display: none; width: 100%;\" class=\"slide-1519 ms-image \" aria-roledescription=\"slide\" data-date=\"2025-05-22 14:57:42\" data-filename=\"3-2-scaled-300x400.jpg\" data-slide-type=\"image\"><img loading=\"lazy\" decoding=\"async\" src=\"https:\/\/aracnidatextil.com\/wp-content\/uploads\/2025\/05\/3-2-scaled-300x400.jpg\" height=\"400\" width=\"300\" alt=\"\" class=\"slider-1515 slide-1519 msDefaultImage\" title=\"3\" \/><\/li>\n                <li style=\"display: none; width: 100%;\" class=\"slide-1520 ms-image \" aria-roledescription=\"slide\" data-date=\"2025-05-22 14:57:42\" data-filename=\"2-2-scaled-300x400.jpg\" data-slide-type=\"image\"><img loading=\"lazy\" decoding=\"async\" src=\"https:\/\/aracnidatextil.com\/wp-content\/uploads\/2025\/05\/2-2-scaled-300x400.jpg\" height=\"400\" width=\"300\" alt=\"\" class=\"slider-1515 slide-1520 msDefaultImage\" title=\"2\" \/><\/li>\n                <li style=\"display: none; width: 100%;\" class=\"slide-1521 ms-image \" aria-roledescription=\"slide\" data-date=\"2025-05-22 14:57:42\" data-filename=\"1-2-scaled-300x400.jpg\" data-slide-type=\"image\"><img loading=\"lazy\" decoding=\"async\" src=\"https:\/\/aracnidatextil.com\/wp-content\/uploads\/2025\/05\/1-2-scaled-300x400.jpg\" height=\"400\" width=\"300\" alt=\"\" class=\"slider-1515 slide-1521 msDefaultImage\" title=\"1\" \/><\/li>\n            <\/ul>\n        <\/div>\n        \n    <\/div>\n<\/div><\/div>\n<\/div>\n\n\n\n<div class=\"wp-block-cover\"><span aria-hidden=\"true\" class=\"wp-block-cover__background has-ast-global-color-5-background-color has-background-dim-90 has-background-dim\"><\/span><div class=\"wp-block-cover__inner-container is-layout-constrained wp-block-cover-is-layout-constrained\">\n<div class=\"wp-block-cover\"><img loading=\"lazy\" decoding=\"async\" width=\"768\" height=\"1024\" class=\"wp-block-cover__image-background wp-image-2310 size-large\" alt=\"\" src=\"https:\/\/aracnidatextil.com\/wp-content\/uploads\/2025\/08\/IMG_7518-768x1024.jpg\" data-object-fit=\"cover\" srcset=\"https:\/\/aracnidatextil.com\/wp-content\/uploads\/2025\/08\/IMG_7518-768x1024.jpg 768w, https:\/\/aracnidatextil.com\/wp-content\/uploads\/2025\/08\/IMG_7518-225x300.jpg 225w, https:\/\/aracnidatextil.com\/wp-content\/uploads\/2025\/08\/IMG_7518-1152x1536.jpg 1152w, https:\/\/aracnidatextil.com\/wp-content\/uploads\/2025\/08\/IMG_7518-1536x2048.jpg 1536w, https:\/\/aracnidatextil.com\/wp-content\/uploads\/2025\/08\/IMG_7518-scaled.jpg 1920w\" sizes=\"auto, (max-width: 768px) 100vw, 768px\" \/><span aria-hidden=\"true\" class=\"wp-block-cover__background has-ast-global-color-5-background-color has-background-dim-90 has-background-dim\"><\/span><div class=\"wp-block-cover__inner-container is-layout-constrained wp-block-cover-is-layout-constrained\">\n<div class=\"wp-block-group is-vertical is-layout-flex wp-container-core-group-is-layout-fe9cc265 wp-block-group-is-layout-flex\">\n<blockquote class=\"wp-block-quote is-style-plain is-layout-flow wp-block-quote-is-layout-flow\">\n<p><strong>Figurina Femenina \u2013 Cultura Chancay (1200\u20131400 d.C.)<\/strong><\/p>\n\n\n\n<p><strong>Descripci\u00f3n: <\/strong><br>La figurina femenina es una de las piezas textiles m\u00e1s representativas de la cultura Chancay, desarrollada en la costa central del antiguo Per\u00fa. Estas esculturas en tela, tambi\u00e9n llamadas mu\u00f1ecas o figurinas, reflejaban la cosmovisi\u00f3n y el universo simb\u00f3lico de esta sociedad.<\/p>\n\n\n\n<p>Elaboradas con gran detalle, retratan escenas de la vida cotidiana, creencias y costumbres, constituyendo un valioso testimonio de la sensibilidad est\u00e9tica y la habilidad t\u00e9cnica de los artesanos Chancay. En su construcci\u00f3n se empleaban fibras vegetales, tintes naturales y t\u00e9cnicas de tejido complejas que han perdurado a lo largo de los siglos, revelando el profundo v\u00ednculo entre arte, identidad y tradici\u00f3n en el mundo andino.<\/p>\n\n\n\n<ul class=\"wp-block-list\">\n<li>Nombre: Figurina Chancay<\/li>\n\n\n\n<li>T\u00e9cnicas: faz de trama, faz de urdimbre, embarrilado y anudado<\/li>\n\n\n\n<li>Fibras: Algod\u00f3n, totora y alpaca<\/li>\n\n\n\n<li>Medidas: <\/li>\n\n\n\n<li>A\u00f1o: 2024<\/li>\n<\/ul>\n<\/blockquote>\n<\/div>\n<\/div><\/div>\n<\/div><\/div>\n\n\n\n<figure class=\"wp-block-gallery has-nested-images columns-6 is-cropped wp-block-gallery-1 is-layout-flex wp-block-gallery-is-layout-flex\">\n<figure class=\"wp-block-image size-full\"><a href=\"https:\/\/aracnidatextil.com\/wp-content\/uploads\/2025\/05\/1-2-scaled.jpg\"><img loading=\"lazy\" decoding=\"async\" width=\"1920\" height=\"2560\" data-id=\"1273\" src=\"https:\/\/aracnidatextil.com\/wp-content\/uploads\/2025\/05\/1-2-scaled.jpg\" alt=\"\" class=\"wp-image-1273\" srcset=\"https:\/\/aracnidatextil.com\/wp-content\/uploads\/2025\/05\/1-2-scaled.jpg 1920w, https:\/\/aracnidatextil.com\/wp-content\/uploads\/2025\/05\/1-2-225x300.jpg 225w, https:\/\/aracnidatextil.com\/wp-content\/uploads\/2025\/05\/1-2-768x1024.jpg 768w, https:\/\/aracnidatextil.com\/wp-content\/uploads\/2025\/05\/1-2-1152x1536.jpg 1152w, https:\/\/aracnidatextil.com\/wp-content\/uploads\/2025\/05\/1-2-1536x2048.jpg 1536w, https:\/\/aracnidatextil.com\/wp-content\/uploads\/2025\/05\/1-2-600x800.jpg 600w, https:\/\/aracnidatextil.com\/wp-content\/uploads\/2025\/05\/1-2-scaled-300x400.jpg 300w\" sizes=\"auto, (max-width: 1920px) 100vw, 1920px\" \/><\/a><\/figure>\n\n\n\n<figure class=\"wp-block-image size-full\"><a href=\"https:\/\/aracnidatextil.com\/wp-content\/uploads\/2025\/05\/2-2-scaled.jpg\"><img loading=\"lazy\" decoding=\"async\" width=\"1920\" height=\"2560\" data-id=\"1274\" src=\"https:\/\/aracnidatextil.com\/wp-content\/uploads\/2025\/05\/2-2-scaled.jpg\" alt=\"\" class=\"wp-image-1274\" srcset=\"https:\/\/aracnidatextil.com\/wp-content\/uploads\/2025\/05\/2-2-scaled.jpg 1920w, https:\/\/aracnidatextil.com\/wp-content\/uploads\/2025\/05\/2-2-225x300.jpg 225w, https:\/\/aracnidatextil.com\/wp-content\/uploads\/2025\/05\/2-2-768x1024.jpg 768w, https:\/\/aracnidatextil.com\/wp-content\/uploads\/2025\/05\/2-2-1152x1536.jpg 1152w, https:\/\/aracnidatextil.com\/wp-content\/uploads\/2025\/05\/2-2-1536x2048.jpg 1536w, https:\/\/aracnidatextil.com\/wp-content\/uploads\/2025\/05\/2-2-600x800.jpg 600w, https:\/\/aracnidatextil.com\/wp-content\/uploads\/2025\/05\/2-2-scaled-300x400.jpg 300w\" sizes=\"auto, (max-width: 1920px) 100vw, 1920px\" \/><\/a><\/figure>\n\n\n\n<figure class=\"wp-block-image size-full\"><a href=\"https:\/\/aracnidatextil.com\/wp-content\/uploads\/2025\/05\/3-2-scaled.jpg\"><img loading=\"lazy\" decoding=\"async\" width=\"1920\" height=\"2560\" data-id=\"1276\" src=\"https:\/\/aracnidatextil.com\/wp-content\/uploads\/2025\/05\/3-2-scaled.jpg\" alt=\"\" class=\"wp-image-1276\" srcset=\"https:\/\/aracnidatextil.com\/wp-content\/uploads\/2025\/05\/3-2-scaled.jpg 1920w, https:\/\/aracnidatextil.com\/wp-content\/uploads\/2025\/05\/3-2-225x300.jpg 225w, https:\/\/aracnidatextil.com\/wp-content\/uploads\/2025\/05\/3-2-768x1024.jpg 768w, https:\/\/aracnidatextil.com\/wp-content\/uploads\/2025\/05\/3-2-1152x1536.jpg 1152w, https:\/\/aracnidatextil.com\/wp-content\/uploads\/2025\/05\/3-2-1536x2048.jpg 1536w, https:\/\/aracnidatextil.com\/wp-content\/uploads\/2025\/05\/3-2-600x800.jpg 600w, https:\/\/aracnidatextil.com\/wp-content\/uploads\/2025\/05\/3-2-scaled-300x400.jpg 300w\" sizes=\"auto, (max-width: 1920px) 100vw, 1920px\" \/><\/a><\/figure>\n\n\n\n<figure class=\"wp-block-image size-full\"><a href=\"https:\/\/aracnidatextil.com\/wp-content\/uploads\/2025\/05\/4-2-scaled.jpg\"><img loading=\"lazy\" decoding=\"async\" width=\"1920\" height=\"2560\" data-id=\"1277\" src=\"https:\/\/aracnidatextil.com\/wp-content\/uploads\/2025\/05\/4-2-scaled.jpg\" alt=\"\" class=\"wp-image-1277\" srcset=\"https:\/\/aracnidatextil.com\/wp-content\/uploads\/2025\/05\/4-2-scaled.jpg 1920w, https:\/\/aracnidatextil.com\/wp-content\/uploads\/2025\/05\/4-2-225x300.jpg 225w, https:\/\/aracnidatextil.com\/wp-content\/uploads\/2025\/05\/4-2-768x1024.jpg 768w, https:\/\/aracnidatextil.com\/wp-content\/uploads\/2025\/05\/4-2-1152x1536.jpg 1152w, https:\/\/aracnidatextil.com\/wp-content\/uploads\/2025\/05\/4-2-1536x2048.jpg 1536w, https:\/\/aracnidatextil.com\/wp-content\/uploads\/2025\/05\/4-2-600x800.jpg 600w, https:\/\/aracnidatextil.com\/wp-content\/uploads\/2025\/05\/4-2-scaled-300x400.jpg 300w\" sizes=\"auto, (max-width: 1920px) 100vw, 1920px\" \/><\/a><\/figure>\n\n\n\n<figure class=\"wp-block-image size-full\"><a href=\"https:\/\/aracnidatextil.com\/wp-content\/uploads\/2025\/05\/5-2-scaled.jpg\"><img loading=\"lazy\" decoding=\"async\" width=\"1920\" height=\"2560\" data-id=\"1278\" src=\"https:\/\/aracnidatextil.com\/wp-content\/uploads\/2025\/05\/5-2-scaled.jpg\" alt=\"\" class=\"wp-image-1278\" srcset=\"https:\/\/aracnidatextil.com\/wp-content\/uploads\/2025\/05\/5-2-scaled.jpg 1920w, https:\/\/aracnidatextil.com\/wp-content\/uploads\/2025\/05\/5-2-225x300.jpg 225w, https:\/\/aracnidatextil.com\/wp-content\/uploads\/2025\/05\/5-2-768x1024.jpg 768w, https:\/\/aracnidatextil.com\/wp-content\/uploads\/2025\/05\/5-2-1152x1536.jpg 1152w, https:\/\/aracnidatextil.com\/wp-content\/uploads\/2025\/05\/5-2-1536x2048.jpg 1536w, https:\/\/aracnidatextil.com\/wp-content\/uploads\/2025\/05\/5-2-600x800.jpg 600w, https:\/\/aracnidatextil.com\/wp-content\/uploads\/2025\/05\/5-2-scaled-300x400.jpg 300w\" sizes=\"auto, (max-width: 1920px) 100vw, 1920px\" \/><\/a><\/figure>\n\n\n\n<figure class=\"wp-block-image size-full\"><a href=\"https:\/\/aracnidatextil.com\/wp-content\/uploads\/2025\/05\/6-1-scaled.jpg\"><img loading=\"lazy\" decoding=\"async\" width=\"1920\" height=\"2560\" data-id=\"1280\" src=\"https:\/\/aracnidatextil.com\/wp-content\/uploads\/2025\/05\/6-1-scaled.jpg\" alt=\"\" class=\"wp-image-1280\" srcset=\"https:\/\/aracnidatextil.com\/wp-content\/uploads\/2025\/05\/6-1-scaled.jpg 1920w, https:\/\/aracnidatextil.com\/wp-content\/uploads\/2025\/05\/6-1-225x300.jpg 225w, https:\/\/aracnidatextil.com\/wp-content\/uploads\/2025\/05\/6-1-768x1024.jpg 768w, https:\/\/aracnidatextil.com\/wp-content\/uploads\/2025\/05\/6-1-1152x1536.jpg 1152w, https:\/\/aracnidatextil.com\/wp-content\/uploads\/2025\/05\/6-1-1536x2048.jpg 1536w, https:\/\/aracnidatextil.com\/wp-content\/uploads\/2025\/05\/6-1-600x800.jpg 600w, https:\/\/aracnidatextil.com\/wp-content\/uploads\/2025\/05\/6-1-scaled-300x400.jpg 300w\" sizes=\"auto, (max-width: 1920px) 100vw, 1920px\" \/><\/a><\/figure>\n<\/figure>\n\n\n\n<p><\/p>\n","protected":false},"excerpt":{"rendered":"","protected":false},"author":1,"featured_media":0,"parent":0,"menu_order":0,"comment_status":"closed","ping_status":"closed","template":"","meta":{"site-sidebar-layout":"default","site-content-layout":"","ast-site-content-layout":"default","site-content-style":"default","site-sidebar-style":"default","ast-global-header-display":"","ast-banner-title-visibility":"","ast-main-header-display":"","ast-hfb-above-header-display":"","ast-hfb-below-header-display":"","ast-hfb-mobile-header-display":"","site-post-title":"","ast-breadcrumbs-content":"","ast-featured-img":"","footer-sml-layout":"","ast-disable-related-posts":"","theme-transparent-header-meta":"","adv-header-id-meta":"","stick-header-meta":"","header-above-stick-meta":"","header-main-stick-meta":"","header-below-stick-meta":"","astra-migrate-meta-layouts":"set","ast-page-background-enabled":"default","ast-page-background-meta":{"desktop":{"background-color":"var(--ast-global-color-4)","background-image":"","background-repeat":"repeat","background-position":"center center","background-size":"auto","background-attachment":"scroll","background-type":"","background-media":"","overlay-type":"","overlay-color":"","overlay-opacity":"","overlay-gradient":""},"tablet":{"background-color":"","background-image":"","background-repeat":"repeat","background-position":"center center","background-size":"auto","background-attachment":"scroll","background-type":"","background-media":"","overlay-type":"","overlay-color":"","overlay-opacity":"","overlay-gradient":""},"mobile":{"background-color":"","background-image":"","background-repeat":"repeat","background-position":"center center","background-size":"auto","background-attachment":"scroll","background-type":"","background-media":"","overlay-type":"","overlay-color":"","overlay-opacity":"","overlay-gradient":""}},"ast-content-background-meta":{"desktop":{"background-color":"var(--ast-global-color-5)","background-image":"","background-repeat":"repeat","background-position":"center center","background-size":"auto","background-attachment":"scroll","background-type":"","background-media":"","overlay-type":"","overlay-color":"","overlay-opacity":"","overlay-gradient":""},"tablet":{"background-color":"var(--ast-global-color-5)","background-image":"","background-repeat":"repeat","background-position":"center center","background-size":"auto","background-attachment":"scroll","background-type":"","background-media":"","overlay-type":"","overlay-color":"","overlay-opacity":"","overlay-gradient":""},"mobile":{"background-color":"var(--ast-global-color-5)","background-image":"","background-repeat":"repeat","background-position":"center center","background-size":"auto","background-attachment":"scroll","background-type":"","background-media":"","overlay-type":"","overlay-color":"","overlay-opacity":"","overlay-gradient":""}},"footnotes":""},"class_list":["post-1569","page","type-page","status-publish","hentry"],"aioseo_notices":[],"_links":{"self":[{"href":"https:\/\/aracnidatextil.com\/index.php?rest_route=\/wp\/v2\/pages\/1569","targetHints":{"allow":["GET"]}}],"collection":[{"href":"https:\/\/aracnidatextil.com\/index.php?rest_route=\/wp\/v2\/pages"}],"about":[{"href":"https:\/\/aracnidatextil.com\/index.php?rest_route=\/wp\/v2\/types\/page"}],"author":[{"embeddable":true,"href":"https:\/\/aracnidatextil.com\/index.php?rest_route=\/wp\/v2\/users\/1"}],"replies":[{"embeddable":true,"href":"https:\/\/aracnidatextil.com\/index.php?rest_route=%2Fwp%2Fv2%2Fcomments&post=1569"}],"version-history":[{"count":47,"href":"https:\/\/aracnidatextil.com\/index.php?rest_route=\/wp\/v2\/pages\/1569\/revisions"}],"predecessor-version":[{"id":2403,"href":"https:\/\/aracnidatextil.com\/index.php?rest_route=\/wp\/v2\/pages\/1569\/revisions\/2403"}],"wp:attachment":[{"href":"https:\/\/aracnidatextil.com\/index.php?rest_route=%2Fwp%2Fv2%2Fmedia&parent=1569"}],"curies":[{"name":"wp","href":"https:\/\/api.w.org\/{rel}","templated":true}]}}