{"id":2302,"date":"2025-08-09T02:43:41","date_gmt":"2025-08-09T02:43:41","guid":{"rendered":"https:\/\/aracnidatextil.com\/?page_id=2302"},"modified":"2025-08-13T18:13:31","modified_gmt":"2025-08-13T18:13:31","slug":"bolsa-anilladas","status":"publish","type":"page","link":"https:\/\/aracnidatextil.com\/?page_id=2302","title":{"rendered":"Bolsa anilladas"},"content":{"rendered":"\n<hr class=\"wp-block-separator has-text-color has-alpha-channel-opacity has-background is-style-wide\" style=\"background-color:#7e2828;color:#7e2828\"\/>\n\n\n\n<div class=\"wp-block-group is-layout-constrained wp-block-group-is-layout-constrained\">\n<div class=\"alignnormal\"><div id=\"metaslider-id-1515\" style=\"width: 100%;\" class=\"ml-slider-3-108-0 metaslider metaslider-flex metaslider-1515 ml-slider has-dots-nav has-carousel-mode ms-theme-clarity\" role=\"region\" aria-label=\"New Slideshow\" data-height=\"400\" data-width=\"300\">\n    <div id=\"metaslider_container_1515\">\n        <div id=\"metaslider_1515\">\n            <ul class='slides'>\n                <li style=\"display: none; width: 100%;\" class=\"slide-1516 ms-image \" aria-roledescription=\"slide\" data-date=\"2025-05-22 14:57:42\" data-filename=\"6-1-scaled-300x400.jpg\" data-slide-type=\"image\"><img loading=\"lazy\" decoding=\"async\" src=\"https:\/\/aracnidatextil.com\/wp-content\/uploads\/2025\/05\/6-1-scaled-300x400.jpg\" height=\"400\" width=\"300\" alt=\"\" class=\"slider-1515 slide-1516 msDefaultImage\" title=\"6\" \/><\/li>\n                <li style=\"display: none; width: 100%;\" class=\"slide-1517 ms-image \" aria-roledescription=\"slide\" data-date=\"2025-05-22 14:57:42\" data-filename=\"5-2-scaled-300x400.jpg\" data-slide-type=\"image\"><img loading=\"lazy\" decoding=\"async\" src=\"https:\/\/aracnidatextil.com\/wp-content\/uploads\/2025\/05\/5-2-scaled-300x400.jpg\" height=\"400\" width=\"300\" alt=\"\" class=\"slider-1515 slide-1517 msDefaultImage\" title=\"5\" \/><\/li>\n                <li style=\"display: none; width: 100%;\" class=\"slide-1518 ms-image \" aria-roledescription=\"slide\" data-date=\"2025-05-22 14:57:42\" data-filename=\"4-2-scaled-300x400.jpg\" data-slide-type=\"image\"><img loading=\"lazy\" decoding=\"async\" src=\"https:\/\/aracnidatextil.com\/wp-content\/uploads\/2025\/05\/4-2-scaled-300x400.jpg\" height=\"400\" width=\"300\" alt=\"\" class=\"slider-1515 slide-1518 msDefaultImage\" title=\"4\" \/><\/li>\n                <li style=\"display: none; width: 100%;\" class=\"slide-1519 ms-image \" aria-roledescription=\"slide\" data-date=\"2025-05-22 14:57:42\" data-filename=\"3-2-scaled-300x400.jpg\" data-slide-type=\"image\"><img loading=\"lazy\" decoding=\"async\" src=\"https:\/\/aracnidatextil.com\/wp-content\/uploads\/2025\/05\/3-2-scaled-300x400.jpg\" height=\"400\" width=\"300\" alt=\"\" class=\"slider-1515 slide-1519 msDefaultImage\" title=\"3\" \/><\/li>\n                <li style=\"display: none; width: 100%;\" class=\"slide-1520 ms-image \" aria-roledescription=\"slide\" data-date=\"2025-05-22 14:57:42\" data-filename=\"2-2-scaled-300x400.jpg\" data-slide-type=\"image\"><img loading=\"lazy\" decoding=\"async\" src=\"https:\/\/aracnidatextil.com\/wp-content\/uploads\/2025\/05\/2-2-scaled-300x400.jpg\" height=\"400\" width=\"300\" alt=\"\" class=\"slider-1515 slide-1520 msDefaultImage\" title=\"2\" \/><\/li>\n                <li style=\"display: none; width: 100%;\" class=\"slide-1521 ms-image \" aria-roledescription=\"slide\" data-date=\"2025-05-22 14:57:42\" data-filename=\"1-2-scaled-300x400.jpg\" data-slide-type=\"image\"><img loading=\"lazy\" decoding=\"async\" src=\"https:\/\/aracnidatextil.com\/wp-content\/uploads\/2025\/05\/1-2-scaled-300x400.jpg\" height=\"400\" width=\"300\" alt=\"\" class=\"slider-1515 slide-1521 msDefaultImage\" title=\"1\" \/><\/li>\n            <\/ul>\n        <\/div>\n        \n    <\/div>\n<\/div><\/div>\n<\/div>\n\n\n\n<div class=\"wp-block-group is-vertical is-layout-flex wp-container-core-group-is-layout-fe9cc265 wp-block-group-is-layout-flex\">\n<div class=\"wp-block-group is-vertical is-layout-flex wp-container-core-group-is-layout-fe9cc265 wp-block-group-is-layout-flex\">\n<div class=\"wp-block-cover\"><img loading=\"lazy\" decoding=\"async\" width=\"683\" height=\"1024\" class=\"wp-block-cover__image-background wp-image-1353 size-large\" alt=\"\" src=\"https:\/\/aracnidatextil.com\/wp-content\/uploads\/2025\/05\/4-5-683x1024.jpg\" data-object-fit=\"cover\" srcset=\"https:\/\/aracnidatextil.com\/wp-content\/uploads\/2025\/05\/4-5-683x1024.jpg 683w, https:\/\/aracnidatextil.com\/wp-content\/uploads\/2025\/05\/4-5-200x300.jpg 200w, https:\/\/aracnidatextil.com\/wp-content\/uploads\/2025\/05\/4-5-768x1152.jpg 768w, https:\/\/aracnidatextil.com\/wp-content\/uploads\/2025\/05\/4-5-1024x1536.jpg 1024w, https:\/\/aracnidatextil.com\/wp-content\/uploads\/2025\/05\/4-5-1365x2048.jpg 1365w, https:\/\/aracnidatextil.com\/wp-content\/uploads\/2025\/05\/4-5-600x900.jpg 600w, https:\/\/aracnidatextil.com\/wp-content\/uploads\/2025\/05\/4-5-scaled.jpg 1707w\" sizes=\"auto, (max-width: 683px) 100vw, 683px\" \/><span aria-hidden=\"true\" class=\"wp-block-cover__background has-ast-global-color-5-background-color has-background-dim-90 has-background-dim\"><\/span><div class=\"wp-block-cover__inner-container is-layout-constrained wp-block-cover-is-layout-constrained\">\n<div class=\"wp-block-group is-vertical is-layout-flex wp-container-core-group-is-layout-fe9cc265 wp-block-group-is-layout-flex\">\n<blockquote class=\"wp-block-quote is-style-plain is-layout-flow wp-block-quote-is-layout-flow\">\n<p><strong>Bolsas con t\u00e9cnica de anillado<\/strong><\/p>\n\n\n\n<p><strong>Descripci\u00f3n<\/strong><br>Estas piezas est\u00e1n elaboradas con la t\u00e9cnica de <em>anillado<\/em>, en sus variantes simple y compuesto, un m\u00e9todo milenario presente en diversas culturas del antiguo Per\u00fa. El anillado consiste en la construcci\u00f3n de estructuras textiles a partir de nudos entrelazados que generan superficies resistentes y flexibles.<\/p>\n\n\n\n<p>Las bolsas creadas con esta t\u00e9cnica eran utilizadas tradicionalmente para contener y transportar objetos, pero tambi\u00e9n pod\u00edan tener funciones ceremoniales, dependiendo de su contexto y dise\u00f1o.<\/p>\n\n\n\n<p>En estas obras, la t\u00e9cnica ancestral se adapta a un formato contempor\u00e1neo, preservando su riqueza estructural y est\u00e9tica, y rindiendo homenaje a las manos artesanas que han transmitido este conocimiento a lo largo de los siglos.<\/p>\n\n\n\n<ul class=\"wp-block-list\">\n<li>T\u00e9cnicas: Anillado simple y complejo<\/li>\n\n\n\n<li>Fibras: Algod\u00f3n, Sansenveira <\/li>\n\n\n\n<li>Medidas: variado<\/li>\n\n\n\n<li>A\u00f1o: 2022<\/li>\n<\/ul>\n<\/blockquote>\n<\/div>\n<\/div><\/div>\n<\/div>\n<\/div>\n\n\n\n<figure class=\"wp-block-gallery has-nested-images columns-6 is-cropped wp-block-gallery-1 is-layout-flex wp-block-gallery-is-layout-flex\">\n<figure class=\"wp-block-image size-full\"><a href=\"https:\/\/aracnidatextil.com\/wp-content\/uploads\/2025\/05\/2-4-scaled.jpg\"><img loading=\"lazy\" decoding=\"async\" width=\"1920\" height=\"2560\" data-id=\"1346\" src=\"https:\/\/aracnidatextil.com\/wp-content\/uploads\/2025\/05\/2-4-scaled.jpg\" alt=\"\" class=\"wp-image-1346\" srcset=\"https:\/\/aracnidatextil.com\/wp-content\/uploads\/2025\/05\/2-4-scaled.jpg 1920w, https:\/\/aracnidatextil.com\/wp-content\/uploads\/2025\/05\/2-4-225x300.jpg 225w, https:\/\/aracnidatextil.com\/wp-content\/uploads\/2025\/05\/2-4-768x1024.jpg 768w, https:\/\/aracnidatextil.com\/wp-content\/uploads\/2025\/05\/2-4-1152x1536.jpg 1152w, https:\/\/aracnidatextil.com\/wp-content\/uploads\/2025\/05\/2-4-1536x2048.jpg 1536w, https:\/\/aracnidatextil.com\/wp-content\/uploads\/2025\/05\/2-4-600x800.jpg 600w\" sizes=\"auto, (max-width: 1920px) 100vw, 1920px\" \/><\/a><\/figure>\n\n\n\n<figure class=\"wp-block-image size-full\"><a href=\"https:\/\/aracnidatextil.com\/wp-content\/uploads\/2025\/05\/4-4-scaled.jpg\"><img loading=\"lazy\" decoding=\"async\" width=\"1920\" height=\"2560\" data-id=\"1348\" src=\"https:\/\/aracnidatextil.com\/wp-content\/uploads\/2025\/05\/4-4-scaled.jpg\" alt=\"\" class=\"wp-image-1348\" srcset=\"https:\/\/aracnidatextil.com\/wp-content\/uploads\/2025\/05\/4-4-scaled.jpg 1920w, https:\/\/aracnidatextil.com\/wp-content\/uploads\/2025\/05\/4-4-225x300.jpg 225w, https:\/\/aracnidatextil.com\/wp-content\/uploads\/2025\/05\/4-4-768x1024.jpg 768w, https:\/\/aracnidatextil.com\/wp-content\/uploads\/2025\/05\/4-4-1152x1536.jpg 1152w, https:\/\/aracnidatextil.com\/wp-content\/uploads\/2025\/05\/4-4-1536x2048.jpg 1536w, https:\/\/aracnidatextil.com\/wp-content\/uploads\/2025\/05\/4-4-600x800.jpg 600w\" sizes=\"auto, (max-width: 1920px) 100vw, 1920px\" \/><\/a><\/figure>\n\n\n\n<figure class=\"wp-block-image size-full\"><a href=\"https:\/\/aracnidatextil.com\/wp-content\/uploads\/2025\/05\/3-4-scaled.jpg\"><img loading=\"lazy\" decoding=\"async\" width=\"2560\" height=\"2560\" data-id=\"1347\" src=\"https:\/\/aracnidatextil.com\/wp-content\/uploads\/2025\/05\/3-4-scaled.jpg\" alt=\"\" class=\"wp-image-1347\" srcset=\"https:\/\/aracnidatextil.com\/wp-content\/uploads\/2025\/05\/3-4-scaled.jpg 2560w, https:\/\/aracnidatextil.com\/wp-content\/uploads\/2025\/05\/3-4-300x300.jpg 300w, https:\/\/aracnidatextil.com\/wp-content\/uploads\/2025\/05\/3-4-1024x1024.jpg 1024w, https:\/\/aracnidatextil.com\/wp-content\/uploads\/2025\/05\/3-4-150x150.jpg 150w, https:\/\/aracnidatextil.com\/wp-content\/uploads\/2025\/05\/3-4-768x768.jpg 768w, https:\/\/aracnidatextil.com\/wp-content\/uploads\/2025\/05\/3-4-1536x1536.jpg 1536w, https:\/\/aracnidatextil.com\/wp-content\/uploads\/2025\/05\/3-4-2048x2048.jpg 2048w, https:\/\/aracnidatextil.com\/wp-content\/uploads\/2025\/05\/3-4-600x600.jpg 600w, https:\/\/aracnidatextil.com\/wp-content\/uploads\/2025\/05\/3-4-100x100.jpg 100w\" sizes=\"auto, (max-width: 2560px) 100vw, 2560px\" \/><\/a><\/figure>\n\n\n\n<figure class=\"wp-block-image size-full\"><a href=\"https:\/\/aracnidatextil.com\/wp-content\/uploads\/2025\/05\/1-5-scaled.jpg\"><img loading=\"lazy\" decoding=\"async\" width=\"1707\" height=\"2560\" data-id=\"1350\" src=\"https:\/\/aracnidatextil.com\/wp-content\/uploads\/2025\/05\/1-5-scaled.jpg\" alt=\"\" class=\"wp-image-1350\" srcset=\"https:\/\/aracnidatextil.com\/wp-content\/uploads\/2025\/05\/1-5-scaled.jpg 1707w, https:\/\/aracnidatextil.com\/wp-content\/uploads\/2025\/05\/1-5-200x300.jpg 200w, https:\/\/aracnidatextil.com\/wp-content\/uploads\/2025\/05\/1-5-683x1024.jpg 683w, https:\/\/aracnidatextil.com\/wp-content\/uploads\/2025\/05\/1-5-768x1152.jpg 768w, https:\/\/aracnidatextil.com\/wp-content\/uploads\/2025\/05\/1-5-1024x1536.jpg 1024w, https:\/\/aracnidatextil.com\/wp-content\/uploads\/2025\/05\/1-5-1365x2048.jpg 1365w, https:\/\/aracnidatextil.com\/wp-content\/uploads\/2025\/05\/1-5-600x900.jpg 600w\" sizes=\"auto, (max-width: 1707px) 100vw, 1707px\" \/><\/a><\/figure>\n\n\n\n<figure class=\"wp-block-image size-full\"><a href=\"https:\/\/aracnidatextil.com\/wp-content\/uploads\/2025\/05\/2-5-scaled.jpg\"><img loading=\"lazy\" decoding=\"async\" width=\"2560\" height=\"1707\" data-id=\"1351\" src=\"https:\/\/aracnidatextil.com\/wp-content\/uploads\/2025\/05\/2-5-scaled.jpg\" alt=\"\" class=\"wp-image-1351\" srcset=\"https:\/\/aracnidatextil.com\/wp-content\/uploads\/2025\/05\/2-5-scaled.jpg 2560w, https:\/\/aracnidatextil.com\/wp-content\/uploads\/2025\/05\/2-5-300x200.jpg 300w, https:\/\/aracnidatextil.com\/wp-content\/uploads\/2025\/05\/2-5-1024x683.jpg 1024w, https:\/\/aracnidatextil.com\/wp-content\/uploads\/2025\/05\/2-5-768x512.jpg 768w, https:\/\/aracnidatextil.com\/wp-content\/uploads\/2025\/05\/2-5-1536x1024.jpg 1536w, https:\/\/aracnidatextil.com\/wp-content\/uploads\/2025\/05\/2-5-2048x1365.jpg 2048w, https:\/\/aracnidatextil.com\/wp-content\/uploads\/2025\/05\/2-5-600x400.jpg 600w\" sizes=\"auto, (max-width: 2560px) 100vw, 2560px\" \/><\/a><\/figure>\n\n\n\n<figure class=\"wp-block-image size-full\"><a href=\"https:\/\/aracnidatextil.com\/wp-content\/uploads\/2025\/05\/4-5-scaled.jpg\"><img loading=\"lazy\" decoding=\"async\" width=\"1707\" height=\"2560\" data-id=\"1353\" src=\"https:\/\/aracnidatextil.com\/wp-content\/uploads\/2025\/05\/4-5-scaled.jpg\" alt=\"\" class=\"wp-image-1353\" srcset=\"https:\/\/aracnidatextil.com\/wp-content\/uploads\/2025\/05\/4-5-scaled.jpg 1707w, https:\/\/aracnidatextil.com\/wp-content\/uploads\/2025\/05\/4-5-200x300.jpg 200w, https:\/\/aracnidatextil.com\/wp-content\/uploads\/2025\/05\/4-5-683x1024.jpg 683w, https:\/\/aracnidatextil.com\/wp-content\/uploads\/2025\/05\/4-5-768x1152.jpg 768w, https:\/\/aracnidatextil.com\/wp-content\/uploads\/2025\/05\/4-5-1024x1536.jpg 1024w, https:\/\/aracnidatextil.com\/wp-content\/uploads\/2025\/05\/4-5-1365x2048.jpg 1365w, https:\/\/aracnidatextil.com\/wp-content\/uploads\/2025\/05\/4-5-600x900.jpg 600w\" sizes=\"auto, (max-width: 1707px) 100vw, 1707px\" \/><\/a><\/figure>\n<\/figure>\n","protected":false},"excerpt":{"rendered":"","protected":false},"author":1,"featured_media":0,"parent":0,"menu_order":0,"comment_status":"closed","ping_status":"closed","template":"","meta":{"site-sidebar-layout":"default","site-content-layout":"","ast-site-content-layout":"default","site-content-style":"default","site-sidebar-style":"default","ast-global-header-display":"","ast-banner-title-visibility":"","ast-main-header-display":"","ast-hfb-above-header-display":"","ast-hfb-below-header-display":"","ast-hfb-mobile-header-display":"","site-post-title":"","ast-breadcrumbs-content":"","ast-featured-img":"","footer-sml-layout":"","ast-disable-related-posts":"","theme-transparent-header-meta":"","adv-header-id-meta":"","stick-header-meta":"","header-above-stick-meta":"","header-main-stick-meta":"","header-below-stick-meta":"","astra-migrate-meta-layouts":"set","ast-page-background-enabled":"default","ast-page-background-meta":{"desktop":{"background-color":"var(--ast-global-color-4)","background-image":"","background-repeat":"repeat","background-position":"center center","background-size":"auto","background-attachment":"scroll","background-type":"","background-media":"","overlay-type":"","overlay-color":"","overlay-opacity":"","overlay-gradient":""},"tablet":{"background-color":"","background-image":"","background-repeat":"repeat","background-position":"center center","background-size":"auto","background-attachment":"scroll","background-type":"","background-media":"","overlay-type":"","overlay-color":"","overlay-opacity":"","overlay-gradient":""},"mobile":{"background-color":"","background-image":"","background-repeat":"repeat","background-position":"center center","background-size":"auto","background-attachment":"scroll","background-type":"","background-media":"","overlay-type":"","overlay-color":"","overlay-opacity":"","overlay-gradient":""}},"ast-content-background-meta":{"desktop":{"background-color":"var(--ast-global-color-5)","background-image":"","background-repeat":"repeat","background-position":"center center","background-size":"auto","background-attachment":"scroll","background-type":"","background-media":"","overlay-type":"","overlay-color":"","overlay-opacity":"","overlay-gradient":""},"tablet":{"background-color":"var(--ast-global-color-5)","background-image":"","background-repeat":"repeat","background-position":"center center","background-size":"auto","background-attachment":"scroll","background-type":"","background-media":"","overlay-type":"","overlay-color":"","overlay-opacity":"","overlay-gradient":""},"mobile":{"background-color":"var(--ast-global-color-5)","background-image":"","background-repeat":"repeat","background-position":"center center","background-size":"auto","background-attachment":"scroll","background-type":"","background-media":"","overlay-type":"","overlay-color":"","overlay-opacity":"","overlay-gradient":""}},"footnotes":""},"class_list":["post-2302","page","type-page","status-publish","hentry"],"aioseo_notices":[],"_links":{"self":[{"href":"https:\/\/aracnidatextil.com\/index.php?rest_route=\/wp\/v2\/pages\/2302","targetHints":{"allow":["GET"]}}],"collection":[{"href":"https:\/\/aracnidatextil.com\/index.php?rest_route=\/wp\/v2\/pages"}],"about":[{"href":"https:\/\/aracnidatextil.com\/index.php?rest_route=\/wp\/v2\/types\/page"}],"author":[{"embeddable":true,"href":"https:\/\/aracnidatextil.com\/index.php?rest_route=\/wp\/v2\/users\/1"}],"replies":[{"embeddable":true,"href":"https:\/\/aracnidatextil.com\/index.php?rest_route=%2Fwp%2Fv2%2Fcomments&post=2302"}],"version-history":[{"count":7,"href":"https:\/\/aracnidatextil.com\/index.php?rest_route=\/wp\/v2\/pages\/2302\/revisions"}],"predecessor-version":[{"id":2407,"href":"https:\/\/aracnidatextil.com\/index.php?rest_route=\/wp\/v2\/pages\/2302\/revisions\/2407"}],"wp:attachment":[{"href":"https:\/\/aracnidatextil.com\/index.php?rest_route=%2Fwp%2Fv2%2Fmedia&parent=2302"}],"curies":[{"name":"wp","href":"https:\/\/api.w.org\/{rel}","templated":true}]}}