{"id":2363,"date":"2025-08-11T21:21:13","date_gmt":"2025-08-11T21:21:13","guid":{"rendered":"https:\/\/aracnidatextil.com\/?page_id=2363"},"modified":"2025-08-15T14:45:24","modified_gmt":"2025-08-15T14:45:24","slug":"ata-pollera","status":"publish","type":"page","link":"https:\/\/aracnidatextil.com\/?page_id=2363","title":{"rendered":"ata pollera"},"content":{"rendered":"\n<hr class=\"wp-block-separator has-text-color has-alpha-channel-opacity has-background is-style-wide\" style=\"background-color:#7e2828;color:#7e2828\"\/>\n\n\n\n<div class=\"wp-block-group is-layout-constrained wp-block-group-is-layout-constrained\">\n<div class=\"alignnormal\"><div id=\"metaslider-id-1515\" style=\"width: 100%;\" class=\"ml-slider-3-108-0 metaslider metaslider-flex metaslider-1515 ml-slider has-dots-nav has-carousel-mode ms-theme-clarity\" role=\"region\" aria-label=\"New Slideshow\" data-height=\"400\" data-width=\"300\">\n    <div id=\"metaslider_container_1515\">\n        <div id=\"metaslider_1515\">\n            <ul class='slides'>\n                <li style=\"display: none; width: 100%;\" class=\"slide-1516 ms-image \" aria-roledescription=\"slide\" data-date=\"2025-05-22 14:57:42\" data-filename=\"6-1-scaled-300x400.jpg\" data-slide-type=\"image\"><img loading=\"lazy\" decoding=\"async\" src=\"https:\/\/aracnidatextil.com\/wp-content\/uploads\/2025\/05\/6-1-scaled-300x400.jpg\" height=\"400\" width=\"300\" alt=\"\" class=\"slider-1515 slide-1516 msDefaultImage\" title=\"6\" \/><\/li>\n                <li style=\"display: none; width: 100%;\" class=\"slide-1517 ms-image \" aria-roledescription=\"slide\" data-date=\"2025-05-22 14:57:42\" data-filename=\"5-2-scaled-300x400.jpg\" data-slide-type=\"image\"><img loading=\"lazy\" decoding=\"async\" src=\"https:\/\/aracnidatextil.com\/wp-content\/uploads\/2025\/05\/5-2-scaled-300x400.jpg\" height=\"400\" width=\"300\" alt=\"\" class=\"slider-1515 slide-1517 msDefaultImage\" title=\"5\" \/><\/li>\n                <li style=\"display: none; width: 100%;\" class=\"slide-1518 ms-image \" aria-roledescription=\"slide\" data-date=\"2025-05-22 14:57:42\" data-filename=\"4-2-scaled-300x400.jpg\" data-slide-type=\"image\"><img loading=\"lazy\" decoding=\"async\" src=\"https:\/\/aracnidatextil.com\/wp-content\/uploads\/2025\/05\/4-2-scaled-300x400.jpg\" height=\"400\" width=\"300\" alt=\"\" class=\"slider-1515 slide-1518 msDefaultImage\" title=\"4\" \/><\/li>\n                <li style=\"display: none; width: 100%;\" class=\"slide-1519 ms-image \" aria-roledescription=\"slide\" data-date=\"2025-05-22 14:57:42\" data-filename=\"3-2-scaled-300x400.jpg\" data-slide-type=\"image\"><img loading=\"lazy\" decoding=\"async\" src=\"https:\/\/aracnidatextil.com\/wp-content\/uploads\/2025\/05\/3-2-scaled-300x400.jpg\" height=\"400\" width=\"300\" alt=\"\" class=\"slider-1515 slide-1519 msDefaultImage\" title=\"3\" \/><\/li>\n                <li style=\"display: none; width: 100%;\" class=\"slide-1520 ms-image \" aria-roledescription=\"slide\" data-date=\"2025-05-22 14:57:42\" data-filename=\"2-2-scaled-300x400.jpg\" data-slide-type=\"image\"><img loading=\"lazy\" decoding=\"async\" src=\"https:\/\/aracnidatextil.com\/wp-content\/uploads\/2025\/05\/2-2-scaled-300x400.jpg\" height=\"400\" width=\"300\" alt=\"\" class=\"slider-1515 slide-1520 msDefaultImage\" title=\"2\" \/><\/li>\n                <li style=\"display: none; width: 100%;\" class=\"slide-1521 ms-image \" aria-roledescription=\"slide\" data-date=\"2025-05-22 14:57:42\" data-filename=\"1-2-scaled-300x400.jpg\" data-slide-type=\"image\"><img loading=\"lazy\" decoding=\"async\" src=\"https:\/\/aracnidatextil.com\/wp-content\/uploads\/2025\/05\/1-2-scaled-300x400.jpg\" height=\"400\" width=\"300\" alt=\"\" class=\"slider-1515 slide-1521 msDefaultImage\" title=\"1\" \/><\/li>\n            <\/ul>\n        <\/div>\n        \n    <\/div>\n<\/div><\/div>\n<\/div>\n\n\n\n<div class=\"wp-block-cover\" style=\"min-height:579px;aspect-ratio:unset;\"><span aria-hidden=\"true\" class=\"wp-block-cover__background has-ast-global-color-5-background-color has-background-dim-90 has-background-dim\"><\/span><div class=\"wp-block-cover__inner-container is-layout-constrained wp-block-cover-is-layout-constrained\">\n<div class=\"wp-block-cover\"><img loading=\"lazy\" decoding=\"async\" width=\"1024\" height=\"768\" class=\"wp-block-cover__image-background wp-image-2357 size-large\" alt=\"\" src=\"https:\/\/aracnidatextil.com\/wp-content\/uploads\/2025\/08\/IMG_8414-1024x768.jpg\" data-object-fit=\"cover\" srcset=\"https:\/\/aracnidatextil.com\/wp-content\/uploads\/2025\/08\/IMG_8414-1024x768.jpg 1024w, https:\/\/aracnidatextil.com\/wp-content\/uploads\/2025\/08\/IMG_8414-300x225.jpg 300w, https:\/\/aracnidatextil.com\/wp-content\/uploads\/2025\/08\/IMG_8414-768x576.jpg 768w, https:\/\/aracnidatextil.com\/wp-content\/uploads\/2025\/08\/IMG_8414-1536x1152.jpg 1536w, https:\/\/aracnidatextil.com\/wp-content\/uploads\/2025\/08\/IMG_8414-2048x1536.jpg 2048w\" sizes=\"auto, (max-width: 1024px) 100vw, 1024px\" \/><span aria-hidden=\"true\" class=\"wp-block-cover__background has-ast-global-color-5-background-color has-background-dim-90 has-background-dim\"><\/span><div class=\"wp-block-cover__inner-container is-layout-constrained wp-block-cover-is-layout-constrained\">\n<div class=\"wp-block-group is-vertical is-layout-flex wp-container-core-group-is-layout-fe9cc265 wp-block-group-is-layout-flex\">\n<blockquote class=\"wp-block-quote is-style-plain is-layout-flow wp-block-quote-is-layout-flow\">\n<p><strong>Ata pollera &#8211; Cordoner\u00eda <\/strong><\/p>\n\n\n\n<p><strong>Descripci\u00f3n: <\/strong><br>El ata polleras es una pieza textil tradicional utilizada para sujetar la pollera u otras prendas de vestir, formando parte importante del atuendo andino.<\/p>\n\n\n\n<p>Esta pieza est\u00e1 elaborada con la t\u00e9cnica de cordoner\u00eda andina y presenta terminaciones de pompones que aportan belleza y color al conjunto. El dise\u00f1o del cord\u00f3n se denomina <em>Mayu<\/em>, palabra quechua que significa \u201cr\u00edo\u201d, evocando el fluir del agua y su importancia en la vida de las comunidades andinas.<\/p>\n\n\n\n<p>M\u00e1s all\u00e1 de su funci\u00f3n utilitaria, el ata polleras refleja la conexi\u00f3n entre la est\u00e9tica, la funcionalidad y la cosmovisi\u00f3n andina, en la que cada elemento textil es portador de historia y significado.<\/p>\n\n\n\n<ul class=\"wp-block-list\">\n<li>T\u00e9cnicas: Cordoner\u00eda <\/li>\n\n\n\n<li>Fibras: oveja \/lana<\/li>\n\n\n\n<li>Medidas: <\/li>\n\n\n\n<li>A\u00f1o: 2023<\/li>\n<\/ul>\n<\/blockquote>\n<\/div>\n<\/div><\/div>\n<\/div><\/div>\n\n\n\n<figure class=\"wp-block-gallery has-nested-images columns-6 is-cropped wp-block-gallery-1 is-layout-flex wp-block-gallery-is-layout-flex\">\n<figure class=\"wp-block-image size-full\"><a href=\"https:\/\/aracnidatextil.com\/wp-content\/uploads\/2025\/05\/IMG_8414-scaled.jpg\"><img loading=\"lazy\" decoding=\"async\" width=\"2560\" height=\"1920\" data-id=\"1344\" src=\"https:\/\/aracnidatextil.com\/wp-content\/uploads\/2025\/05\/IMG_8414-scaled.jpg\" alt=\"\" class=\"wp-image-1344\" srcset=\"https:\/\/aracnidatextil.com\/wp-content\/uploads\/2025\/05\/IMG_8414-scaled.jpg 2560w, https:\/\/aracnidatextil.com\/wp-content\/uploads\/2025\/05\/IMG_8414-300x225.jpg 300w, https:\/\/aracnidatextil.com\/wp-content\/uploads\/2025\/05\/IMG_8414-1024x768.jpg 1024w, https:\/\/aracnidatextil.com\/wp-content\/uploads\/2025\/05\/IMG_8414-768x576.jpg 768w, https:\/\/aracnidatextil.com\/wp-content\/uploads\/2025\/05\/IMG_8414-1536x1152.jpg 1536w, https:\/\/aracnidatextil.com\/wp-content\/uploads\/2025\/05\/IMG_8414-2048x1536.jpg 2048w, https:\/\/aracnidatextil.com\/wp-content\/uploads\/2025\/05\/IMG_8414-600x450.jpg 600w\" sizes=\"auto, (max-width: 2560px) 100vw, 2560px\" \/><\/a><\/figure>\n\n\n\n<figure class=\"wp-block-image size-full\"><a href=\"https:\/\/aracnidatextil.com\/wp-content\/uploads\/2025\/08\/BFED2CE6-698D-42D3-B753-C25583F39608.jpg\"><img loading=\"lazy\" decoding=\"async\" width=\"1440\" height=\"1800\" data-id=\"2354\" src=\"https:\/\/aracnidatextil.com\/wp-content\/uploads\/2025\/08\/BFED2CE6-698D-42D3-B753-C25583F39608.jpg\" alt=\"\" class=\"wp-image-2354\" srcset=\"https:\/\/aracnidatextil.com\/wp-content\/uploads\/2025\/08\/BFED2CE6-698D-42D3-B753-C25583F39608.jpg 1440w, https:\/\/aracnidatextil.com\/wp-content\/uploads\/2025\/08\/BFED2CE6-698D-42D3-B753-C25583F39608-240x300.jpg 240w, https:\/\/aracnidatextil.com\/wp-content\/uploads\/2025\/08\/BFED2CE6-698D-42D3-B753-C25583F39608-819x1024.jpg 819w, https:\/\/aracnidatextil.com\/wp-content\/uploads\/2025\/08\/BFED2CE6-698D-42D3-B753-C25583F39608-768x960.jpg 768w, https:\/\/aracnidatextil.com\/wp-content\/uploads\/2025\/08\/BFED2CE6-698D-42D3-B753-C25583F39608-1229x1536.jpg 1229w\" sizes=\"auto, (max-width: 1440px) 100vw, 1440px\" \/><\/a><\/figure>\n\n\n\n<figure class=\"wp-block-image size-full\"><a href=\"https:\/\/aracnidatextil.com\/wp-content\/uploads\/2025\/05\/IMG_8393-scaled.jpg\"><img loading=\"lazy\" decoding=\"async\" width=\"1920\" height=\"2560\" data-id=\"1342\" src=\"https:\/\/aracnidatextil.com\/wp-content\/uploads\/2025\/05\/IMG_8393-scaled.jpg\" alt=\"\" class=\"wp-image-1342\" srcset=\"https:\/\/aracnidatextil.com\/wp-content\/uploads\/2025\/05\/IMG_8393-scaled.jpg 1920w, https:\/\/aracnidatextil.com\/wp-content\/uploads\/2025\/05\/IMG_8393-225x300.jpg 225w, https:\/\/aracnidatextil.com\/wp-content\/uploads\/2025\/05\/IMG_8393-768x1024.jpg 768w, https:\/\/aracnidatextil.com\/wp-content\/uploads\/2025\/05\/IMG_8393-1152x1536.jpg 1152w, https:\/\/aracnidatextil.com\/wp-content\/uploads\/2025\/05\/IMG_8393-1536x2048.jpg 1536w, https:\/\/aracnidatextil.com\/wp-content\/uploads\/2025\/05\/IMG_8393-600x800.jpg 600w\" sizes=\"auto, (max-width: 1920px) 100vw, 1920px\" \/><\/a><\/figure>\n\n\n\n<figure class=\"wp-block-image size-full\"><a href=\"https:\/\/aracnidatextil.com\/wp-content\/uploads\/2025\/05\/IMG_8380-scaled.jpg\"><img loading=\"lazy\" decoding=\"async\" width=\"1920\" height=\"2560\" data-id=\"1341\" src=\"https:\/\/aracnidatextil.com\/wp-content\/uploads\/2025\/05\/IMG_8380-scaled.jpg\" alt=\"\" class=\"wp-image-1341\" srcset=\"https:\/\/aracnidatextil.com\/wp-content\/uploads\/2025\/05\/IMG_8380-scaled.jpg 1920w, https:\/\/aracnidatextil.com\/wp-content\/uploads\/2025\/05\/IMG_8380-225x300.jpg 225w, https:\/\/aracnidatextil.com\/wp-content\/uploads\/2025\/05\/IMG_8380-768x1024.jpg 768w, https:\/\/aracnidatextil.com\/wp-content\/uploads\/2025\/05\/IMG_8380-1152x1536.jpg 1152w, https:\/\/aracnidatextil.com\/wp-content\/uploads\/2025\/05\/IMG_8380-1536x2048.jpg 1536w, https:\/\/aracnidatextil.com\/wp-content\/uploads\/2025\/05\/IMG_8380-600x800.jpg 600w\" sizes=\"auto, (max-width: 1920px) 100vw, 1920px\" \/><\/a><\/figure>\n\n\n\n<figure class=\"wp-block-image size-full\"><a href=\"https:\/\/aracnidatextil.com\/wp-content\/uploads\/2025\/08\/IMG_8110-scaled.jpg\"><img loading=\"lazy\" decoding=\"async\" width=\"1920\" height=\"2560\" data-id=\"2353\" src=\"https:\/\/aracnidatextil.com\/wp-content\/uploads\/2025\/08\/IMG_8110-scaled.jpg\" alt=\"\" class=\"wp-image-2353\" srcset=\"https:\/\/aracnidatextil.com\/wp-content\/uploads\/2025\/08\/IMG_8110-scaled.jpg 1920w, https:\/\/aracnidatextil.com\/wp-content\/uploads\/2025\/08\/IMG_8110-225x300.jpg 225w, https:\/\/aracnidatextil.com\/wp-content\/uploads\/2025\/08\/IMG_8110-768x1024.jpg 768w, https:\/\/aracnidatextil.com\/wp-content\/uploads\/2025\/08\/IMG_8110-1152x1536.jpg 1152w, https:\/\/aracnidatextil.com\/wp-content\/uploads\/2025\/08\/IMG_8110-1536x2048.jpg 1536w\" sizes=\"auto, (max-width: 1920px) 100vw, 1920px\" \/><\/a><\/figure>\n\n\n\n<figure class=\"wp-block-image size-full\"><a href=\"https:\/\/aracnidatextil.com\/wp-content\/uploads\/2025\/05\/IMG_8408-scaled.jpg\"><img loading=\"lazy\" decoding=\"async\" width=\"1920\" height=\"2560\" data-id=\"1343\" src=\"https:\/\/aracnidatextil.com\/wp-content\/uploads\/2025\/05\/IMG_8408-scaled.jpg\" alt=\"\" class=\"wp-image-1343\" srcset=\"https:\/\/aracnidatextil.com\/wp-content\/uploads\/2025\/05\/IMG_8408-scaled.jpg 1920w, https:\/\/aracnidatextil.com\/wp-content\/uploads\/2025\/05\/IMG_8408-225x300.jpg 225w, https:\/\/aracnidatextil.com\/wp-content\/uploads\/2025\/05\/IMG_8408-768x1024.jpg 768w, https:\/\/aracnidatextil.com\/wp-content\/uploads\/2025\/05\/IMG_8408-1152x1536.jpg 1152w, https:\/\/aracnidatextil.com\/wp-content\/uploads\/2025\/05\/IMG_8408-1536x2048.jpg 1536w, https:\/\/aracnidatextil.com\/wp-content\/uploads\/2025\/05\/IMG_8408-600x800.jpg 600w\" sizes=\"auto, (max-width: 1920px) 100vw, 1920px\" \/><\/a><\/figure>\n<\/figure>\n","protected":false},"excerpt":{"rendered":"","protected":false},"author":1,"featured_media":0,"parent":0,"menu_order":0,"comment_status":"closed","ping_status":"closed","template":"","meta":{"site-sidebar-layout":"default","site-content-layout":"","ast-site-content-layout":"default","site-content-style":"default","site-sidebar-style":"default","ast-global-header-display":"","ast-banner-title-visibility":"","ast-main-header-display":"","ast-hfb-above-header-display":"","ast-hfb-below-header-display":"","ast-hfb-mobile-header-display":"","site-post-title":"","ast-breadcrumbs-content":"","ast-featured-img":"","footer-sml-layout":"","ast-disable-related-posts":"","theme-transparent-header-meta":"","adv-header-id-meta":"","stick-header-meta":"","header-above-stick-meta":"","header-main-stick-meta":"","header-below-stick-meta":"","astra-migrate-meta-layouts":"set","ast-page-background-enabled":"default","ast-page-background-meta":{"desktop":{"background-color":"var(--ast-global-color-4)","background-image":"","background-repeat":"repeat","background-position":"center center","background-size":"auto","background-attachment":"scroll","background-type":"","background-media":"","overlay-type":"","overlay-color":"","overlay-opacity":"","overlay-gradient":""},"tablet":{"background-color":"","background-image":"","background-repeat":"repeat","background-position":"center center","background-size":"auto","background-attachment":"scroll","background-type":"","background-media":"","overlay-type":"","overlay-color":"","overlay-opacity":"","overlay-gradient":""},"mobile":{"background-color":"","background-image":"","background-repeat":"repeat","background-position":"center center","background-size":"auto","background-attachment":"scroll","background-type":"","background-media":"","overlay-type":"","overlay-color":"","overlay-opacity":"","overlay-gradient":""}},"ast-content-background-meta":{"desktop":{"background-color":"var(--ast-global-color-5)","background-image":"","background-repeat":"repeat","background-position":"center center","background-size":"auto","background-attachment":"scroll","background-type":"","background-media":"","overlay-type":"","overlay-color":"","overlay-opacity":"","overlay-gradient":""},"tablet":{"background-color":"var(--ast-global-color-5)","background-image":"","background-repeat":"repeat","background-position":"center center","background-size":"auto","background-attachment":"scroll","background-type":"","background-media":"","overlay-type":"","overlay-color":"","overlay-opacity":"","overlay-gradient":""},"mobile":{"background-color":"var(--ast-global-color-5)","background-image":"","background-repeat":"repeat","background-position":"center center","background-size":"auto","background-attachment":"scroll","background-type":"","background-media":"","overlay-type":"","overlay-color":"","overlay-opacity":"","overlay-gradient":""}},"footnotes":""},"class_list":["post-2363","page","type-page","status-publish","hentry"],"aioseo_notices":[],"_links":{"self":[{"href":"https:\/\/aracnidatextil.com\/index.php?rest_route=\/wp\/v2\/pages\/2363","targetHints":{"allow":["GET"]}}],"collection":[{"href":"https:\/\/aracnidatextil.com\/index.php?rest_route=\/wp\/v2\/pages"}],"about":[{"href":"https:\/\/aracnidatextil.com\/index.php?rest_route=\/wp\/v2\/types\/page"}],"author":[{"embeddable":true,"href":"https:\/\/aracnidatextil.com\/index.php?rest_route=\/wp\/v2\/users\/1"}],"replies":[{"embeddable":true,"href":"https:\/\/aracnidatextil.com\/index.php?rest_route=%2Fwp%2Fv2%2Fcomments&post=2363"}],"version-history":[{"count":2,"href":"https:\/\/aracnidatextil.com\/index.php?rest_route=\/wp\/v2\/pages\/2363\/revisions"}],"predecessor-version":[{"id":2410,"href":"https:\/\/aracnidatextil.com\/index.php?rest_route=\/wp\/v2\/pages\/2363\/revisions\/2410"}],"wp:attachment":[{"href":"https:\/\/aracnidatextil.com\/index.php?rest_route=%2Fwp%2Fv2%2Fmedia&parent=2363"}],"curies":[{"name":"wp","href":"https:\/\/api.w.org\/{rel}","templated":true}]}}