{"id":2374,"date":"2025-08-13T16:27:36","date_gmt":"2025-08-13T16:27:36","guid":{"rendered":"https:\/\/aracnidatextil.com\/?page_id=2374"},"modified":"2025-08-15T14:48:08","modified_gmt":"2025-08-15T14:48:08","slug":"corona-de-llama","status":"publish","type":"page","link":"https:\/\/aracnidatextil.com\/?page_id=2374","title":{"rendered":"CORONA DE LLAMA"},"content":{"rendered":"\n<hr class=\"wp-block-separator has-text-color has-alpha-channel-opacity has-background is-style-wide\" style=\"background-color:#7e2828;color:#7e2828\"\/>\n\n\n\n<div class=\"wp-block-group is-layout-constrained wp-block-group-is-layout-constrained\">\n<div class=\"alignnormal\"><div id=\"metaslider-id-1515\" style=\"width: 100%;\" class=\"ml-slider-3-108-0 metaslider metaslider-flex metaslider-1515 ml-slider has-dots-nav has-carousel-mode ms-theme-clarity\" role=\"region\" aria-label=\"New Slideshow\" data-height=\"400\" data-width=\"300\">\n    <div id=\"metaslider_container_1515\">\n        <div id=\"metaslider_1515\">\n            <ul class='slides'>\n                <li style=\"display: none; width: 100%;\" class=\"slide-1516 ms-image \" aria-roledescription=\"slide\" data-date=\"2025-05-22 14:57:42\" data-filename=\"6-1-scaled-300x400.jpg\" data-slide-type=\"image\"><img loading=\"lazy\" decoding=\"async\" src=\"https:\/\/aracnidatextil.com\/wp-content\/uploads\/2025\/05\/6-1-scaled-300x400.jpg\" height=\"400\" width=\"300\" alt=\"\" class=\"slider-1515 slide-1516 msDefaultImage\" title=\"6\" \/><\/li>\n                <li style=\"display: none; width: 100%;\" class=\"slide-1517 ms-image \" aria-roledescription=\"slide\" data-date=\"2025-05-22 14:57:42\" data-filename=\"5-2-scaled-300x400.jpg\" data-slide-type=\"image\"><img loading=\"lazy\" decoding=\"async\" src=\"https:\/\/aracnidatextil.com\/wp-content\/uploads\/2025\/05\/5-2-scaled-300x400.jpg\" height=\"400\" width=\"300\" alt=\"\" class=\"slider-1515 slide-1517 msDefaultImage\" title=\"5\" \/><\/li>\n                <li style=\"display: none; width: 100%;\" class=\"slide-1518 ms-image \" aria-roledescription=\"slide\" data-date=\"2025-05-22 14:57:42\" data-filename=\"4-2-scaled-300x400.jpg\" data-slide-type=\"image\"><img loading=\"lazy\" decoding=\"async\" src=\"https:\/\/aracnidatextil.com\/wp-content\/uploads\/2025\/05\/4-2-scaled-300x400.jpg\" height=\"400\" width=\"300\" alt=\"\" class=\"slider-1515 slide-1518 msDefaultImage\" title=\"4\" \/><\/li>\n                <li style=\"display: none; width: 100%;\" class=\"slide-1519 ms-image \" aria-roledescription=\"slide\" data-date=\"2025-05-22 14:57:42\" data-filename=\"3-2-scaled-300x400.jpg\" data-slide-type=\"image\"><img loading=\"lazy\" decoding=\"async\" src=\"https:\/\/aracnidatextil.com\/wp-content\/uploads\/2025\/05\/3-2-scaled-300x400.jpg\" height=\"400\" width=\"300\" alt=\"\" class=\"slider-1515 slide-1519 msDefaultImage\" title=\"3\" \/><\/li>\n                <li style=\"display: none; width: 100%;\" class=\"slide-1520 ms-image \" aria-roledescription=\"slide\" data-date=\"2025-05-22 14:57:42\" data-filename=\"2-2-scaled-300x400.jpg\" data-slide-type=\"image\"><img loading=\"lazy\" decoding=\"async\" src=\"https:\/\/aracnidatextil.com\/wp-content\/uploads\/2025\/05\/2-2-scaled-300x400.jpg\" height=\"400\" width=\"300\" alt=\"\" class=\"slider-1515 slide-1520 msDefaultImage\" title=\"2\" \/><\/li>\n                <li style=\"display: none; width: 100%;\" class=\"slide-1521 ms-image \" aria-roledescription=\"slide\" data-date=\"2025-05-22 14:57:42\" data-filename=\"1-2-scaled-300x400.jpg\" data-slide-type=\"image\"><img loading=\"lazy\" decoding=\"async\" src=\"https:\/\/aracnidatextil.com\/wp-content\/uploads\/2025\/05\/1-2-scaled-300x400.jpg\" height=\"400\" width=\"300\" alt=\"\" class=\"slider-1515 slide-1521 msDefaultImage\" title=\"1\" \/><\/li>\n            <\/ul>\n        <\/div>\n        \n    <\/div>\n<\/div><\/div>\n<\/div>\n\n\n\n<div class=\"wp-block-cover\" style=\"min-height:579px;aspect-ratio:unset;\"><span aria-hidden=\"true\" class=\"wp-block-cover__background has-ast-global-color-5-background-color has-background-dim-90 has-background-dim\"><\/span><div class=\"wp-block-cover__inner-container is-layout-constrained wp-block-cover-is-layout-constrained\">\n<div class=\"wp-block-cover\"><img loading=\"lazy\" decoding=\"async\" width=\"1024\" height=\"683\" class=\"wp-block-cover__image-background wp-image-2382 size-large\" alt=\"\" src=\"https:\/\/aracnidatextil.com\/wp-content\/uploads\/2025\/08\/IMG_2754-1024x683.jpg\" data-object-fit=\"cover\" srcset=\"https:\/\/aracnidatextil.com\/wp-content\/uploads\/2025\/08\/IMG_2754-1024x683.jpg 1024w, https:\/\/aracnidatextil.com\/wp-content\/uploads\/2025\/08\/IMG_2754-300x200.jpg 300w, https:\/\/aracnidatextil.com\/wp-content\/uploads\/2025\/08\/IMG_2754-768x512.jpg 768w, https:\/\/aracnidatextil.com\/wp-content\/uploads\/2025\/08\/IMG_2754-1536x1024.jpg 1536w, https:\/\/aracnidatextil.com\/wp-content\/uploads\/2025\/08\/IMG_2754-2048x1365.jpg 2048w\" sizes=\"auto, (max-width: 1024px) 100vw, 1024px\" \/><span aria-hidden=\"true\" class=\"wp-block-cover__background has-ast-global-color-5-background-color has-background-dim-90 has-background-dim\"><\/span><div class=\"wp-block-cover__inner-container is-layout-constrained wp-block-cover-is-layout-constrained\">\n<div class=\"wp-block-group is-vertical is-layout-flex wp-container-core-group-is-layout-fe9cc265 wp-block-group-is-layout-flex\">\n<blockquote class=\"wp-block-quote is-style-plain is-layout-flow wp-block-quote-is-layout-flow\">\n<p><strong>Corona de llama &#8211; Adorno textil <\/strong><\/p>\n\n\n\n<p><strong>Descripci\u00f3n: <\/strong><br>La corona de llamas es un adorno textil tradicional utilizado para embellecer a los cam\u00e9lidos en las caravanas, una pr\u00e1ctica que fue esencial para el transporte y el intercambio en tiempos precolombinos y que a\u00fan perdura en algunas comunidades andinas.<\/p>\n\n\n\n<p>Esta pieza es una r\u00e9plica elaborada con la t\u00e9cnica de trenzado en cruz, decorada con borlas y pompones que aportan color y movimiento. M\u00e1s all\u00e1 de su funci\u00f3n ornamental, la corona simboliza el valor y el respeto hacia los animales que sostienen la vida en las alturas andinas, as\u00ed como la profunda conexi\u00f3n entre las personas y su entorno natural.<\/p>\n\n\n\n<ul class=\"wp-block-list\">\n<li>T\u00e9cnicas: Cordoner\u00eda y terminacines en borlas <\/li>\n\n\n\n<li>Fibras: oveja \/lana y sint\u00e9tica <\/li>\n\n\n\n<li>Medidas: <\/li>\n\n\n\n<li>A\u00f1o: 2023<\/li>\n<\/ul>\n<\/blockquote>\n<\/div>\n<\/div><\/div>\n<\/div><\/div>\n\n\n\n<figure class=\"wp-block-gallery has-nested-images columns-6 is-cropped wp-block-gallery-1 is-layout-flex wp-block-gallery-is-layout-flex\">\n<figure class=\"wp-block-image size-full\"><a href=\"https:\/\/aracnidatextil.com\/wp-content\/uploads\/2025\/06\/pg-w.png\"><img loading=\"lazy\" decoding=\"async\" width=\"957\" height=\"998\" data-id=\"1625\" src=\"https:\/\/aracnidatextil.com\/wp-content\/uploads\/2025\/06\/pg-w.png\" alt=\"\" class=\"wp-image-1625\" srcset=\"https:\/\/aracnidatextil.com\/wp-content\/uploads\/2025\/06\/pg-w.png 957w, https:\/\/aracnidatextil.com\/wp-content\/uploads\/2025\/06\/pg-w-288x300.png 288w, https:\/\/aracnidatextil.com\/wp-content\/uploads\/2025\/06\/pg-w-768x801.png 768w\" sizes=\"auto, (max-width: 957px) 100vw, 957px\" \/><\/a><\/figure>\n\n\n\n<figure class=\"wp-block-image size-full\"><a href=\"https:\/\/aracnidatextil.com\/wp-content\/uploads\/2025\/05\/IMG_2703-scaled.jpeg\"><img loading=\"lazy\" decoding=\"async\" width=\"1707\" height=\"2560\" data-id=\"1334\" src=\"https:\/\/aracnidatextil.com\/wp-content\/uploads\/2025\/05\/IMG_2703-scaled.jpeg\" alt=\"\" class=\"wp-image-1334\" srcset=\"https:\/\/aracnidatextil.com\/wp-content\/uploads\/2025\/05\/IMG_2703-scaled.jpeg 1707w, https:\/\/aracnidatextil.com\/wp-content\/uploads\/2025\/05\/IMG_2703-200x300.jpeg 200w, https:\/\/aracnidatextil.com\/wp-content\/uploads\/2025\/05\/IMG_2703-683x1024.jpeg 683w, https:\/\/aracnidatextil.com\/wp-content\/uploads\/2025\/05\/IMG_2703-768x1152.jpeg 768w, https:\/\/aracnidatextil.com\/wp-content\/uploads\/2025\/05\/IMG_2703-1024x1536.jpeg 1024w, https:\/\/aracnidatextil.com\/wp-content\/uploads\/2025\/05\/IMG_2703-1365x2048.jpeg 1365w, https:\/\/aracnidatextil.com\/wp-content\/uploads\/2025\/05\/IMG_2703-600x900.jpeg 600w\" sizes=\"auto, (max-width: 1707px) 100vw, 1707px\" \/><\/a><\/figure>\n\n\n\n<figure class=\"wp-block-image size-full\"><a href=\"https:\/\/aracnidatextil.com\/wp-content\/uploads\/2025\/05\/IMG_2745-scaled.jpg\"><img loading=\"lazy\" decoding=\"async\" width=\"2560\" height=\"1707\" data-id=\"1336\" src=\"https:\/\/aracnidatextil.com\/wp-content\/uploads\/2025\/05\/IMG_2745-scaled.jpg\" alt=\"\" class=\"wp-image-1336\" srcset=\"https:\/\/aracnidatextil.com\/wp-content\/uploads\/2025\/05\/IMG_2745-scaled.jpg 2560w, https:\/\/aracnidatextil.com\/wp-content\/uploads\/2025\/05\/IMG_2745-300x200.jpg 300w, https:\/\/aracnidatextil.com\/wp-content\/uploads\/2025\/05\/IMG_2745-1024x683.jpg 1024w, https:\/\/aracnidatextil.com\/wp-content\/uploads\/2025\/05\/IMG_2745-768x512.jpg 768w, https:\/\/aracnidatextil.com\/wp-content\/uploads\/2025\/05\/IMG_2745-1536x1024.jpg 1536w, https:\/\/aracnidatextil.com\/wp-content\/uploads\/2025\/05\/IMG_2745-2048x1365.jpg 2048w, https:\/\/aracnidatextil.com\/wp-content\/uploads\/2025\/05\/IMG_2745-600x400.jpg 600w\" sizes=\"auto, (max-width: 2560px) 100vw, 2560px\" \/><\/a><\/figure>\n\n\n\n<figure class=\"wp-block-image size-full\"><a href=\"https:\/\/aracnidatextil.com\/wp-content\/uploads\/2025\/05\/IMG_2683-scaled.jpg\"><img loading=\"lazy\" decoding=\"async\" width=\"2560\" height=\"1707\" data-id=\"1333\" src=\"https:\/\/aracnidatextil.com\/wp-content\/uploads\/2025\/05\/IMG_2683-scaled.jpg\" alt=\"\" class=\"wp-image-1333\" srcset=\"https:\/\/aracnidatextil.com\/wp-content\/uploads\/2025\/05\/IMG_2683-scaled.jpg 2560w, https:\/\/aracnidatextil.com\/wp-content\/uploads\/2025\/05\/IMG_2683-300x200.jpg 300w, https:\/\/aracnidatextil.com\/wp-content\/uploads\/2025\/05\/IMG_2683-1024x683.jpg 1024w, https:\/\/aracnidatextil.com\/wp-content\/uploads\/2025\/05\/IMG_2683-768x512.jpg 768w, https:\/\/aracnidatextil.com\/wp-content\/uploads\/2025\/05\/IMG_2683-1536x1024.jpg 1536w, https:\/\/aracnidatextil.com\/wp-content\/uploads\/2025\/05\/IMG_2683-2048x1365.jpg 2048w, https:\/\/aracnidatextil.com\/wp-content\/uploads\/2025\/05\/IMG_2683-600x400.jpg 600w\" sizes=\"auto, (max-width: 2560px) 100vw, 2560px\" \/><\/a><\/figure>\n\n\n\n<figure class=\"wp-block-image size-full\"><a href=\"https:\/\/aracnidatextil.com\/wp-content\/uploads\/2025\/05\/IMG_2760-scaled.jpg\"><img loading=\"lazy\" decoding=\"async\" width=\"1707\" height=\"2560\" data-id=\"1338\" src=\"https:\/\/aracnidatextil.com\/wp-content\/uploads\/2025\/05\/IMG_2760-scaled.jpg\" alt=\"\" class=\"wp-image-1338\" srcset=\"https:\/\/aracnidatextil.com\/wp-content\/uploads\/2025\/05\/IMG_2760-scaled.jpg 1707w, https:\/\/aracnidatextil.com\/wp-content\/uploads\/2025\/05\/IMG_2760-200x300.jpg 200w, https:\/\/aracnidatextil.com\/wp-content\/uploads\/2025\/05\/IMG_2760-683x1024.jpg 683w, https:\/\/aracnidatextil.com\/wp-content\/uploads\/2025\/05\/IMG_2760-768x1152.jpg 768w, https:\/\/aracnidatextil.com\/wp-content\/uploads\/2025\/05\/IMG_2760-1024x1536.jpg 1024w, https:\/\/aracnidatextil.com\/wp-content\/uploads\/2025\/05\/IMG_2760-1365x2048.jpg 1365w, https:\/\/aracnidatextil.com\/wp-content\/uploads\/2025\/05\/IMG_2760-600x900.jpg 600w\" sizes=\"auto, (max-width: 1707px) 100vw, 1707px\" \/><\/a><\/figure>\n\n\n\n<figure class=\"wp-block-image size-full\"><a href=\"https:\/\/aracnidatextil.com\/wp-content\/uploads\/2025\/08\/IMG_2712-scaled.jpeg\"><img loading=\"lazy\" decoding=\"async\" width=\"1707\" height=\"2560\" data-id=\"2379\" src=\"https:\/\/aracnidatextil.com\/wp-content\/uploads\/2025\/08\/IMG_2712-scaled.jpeg\" alt=\"\" class=\"wp-image-2379\" srcset=\"https:\/\/aracnidatextil.com\/wp-content\/uploads\/2025\/08\/IMG_2712-scaled.jpeg 1707w, https:\/\/aracnidatextil.com\/wp-content\/uploads\/2025\/08\/IMG_2712-200x300.jpeg 200w, https:\/\/aracnidatextil.com\/wp-content\/uploads\/2025\/08\/IMG_2712-683x1024.jpeg 683w, https:\/\/aracnidatextil.com\/wp-content\/uploads\/2025\/08\/IMG_2712-768x1152.jpeg 768w, https:\/\/aracnidatextil.com\/wp-content\/uploads\/2025\/08\/IMG_2712-1024x1536.jpeg 1024w, https:\/\/aracnidatextil.com\/wp-content\/uploads\/2025\/08\/IMG_2712-1365x2048.jpeg 1365w\" sizes=\"auto, (max-width: 1707px) 100vw, 1707px\" \/><\/a><\/figure>\n<\/figure>\n\n\n\n<p><\/p>\n","protected":false},"excerpt":{"rendered":"","protected":false},"author":1,"featured_media":0,"parent":0,"menu_order":0,"comment_status":"closed","ping_status":"closed","template":"","meta":{"site-sidebar-layout":"default","site-content-layout":"","ast-site-content-layout":"default","site-content-style":"default","site-sidebar-style":"default","ast-global-header-display":"","ast-banner-title-visibility":"","ast-main-header-display":"","ast-hfb-above-header-display":"","ast-hfb-below-header-display":"","ast-hfb-mobile-header-display":"","site-post-title":"","ast-breadcrumbs-content":"","ast-featured-img":"","footer-sml-layout":"","ast-disable-related-posts":"","theme-transparent-header-meta":"","adv-header-id-meta":"","stick-header-meta":"","header-above-stick-meta":"","header-main-stick-meta":"","header-below-stick-meta":"","astra-migrate-meta-layouts":"set","ast-page-background-enabled":"default","ast-page-background-meta":{"desktop":{"background-color":"var(--ast-global-color-4)","background-image":"","background-repeat":"repeat","background-position":"center center","background-size":"auto","background-attachment":"scroll","background-type":"","background-media":"","overlay-type":"","overlay-color":"","overlay-opacity":"","overlay-gradient":""},"tablet":{"background-color":"","background-image":"","background-repeat":"repeat","background-position":"center center","background-size":"auto","background-attachment":"scroll","background-type":"","background-media":"","overlay-type":"","overlay-color":"","overlay-opacity":"","overlay-gradient":""},"mobile":{"background-color":"","background-image":"","background-repeat":"repeat","background-position":"center center","background-size":"auto","background-attachment":"scroll","background-type":"","background-media":"","overlay-type":"","overlay-color":"","overlay-opacity":"","overlay-gradient":""}},"ast-content-background-meta":{"desktop":{"background-color":"var(--ast-global-color-5)","background-image":"","background-repeat":"repeat","background-position":"center center","background-size":"auto","background-attachment":"scroll","background-type":"","background-media":"","overlay-type":"","overlay-color":"","overlay-opacity":"","overlay-gradient":""},"tablet":{"background-color":"var(--ast-global-color-5)","background-image":"","background-repeat":"repeat","background-position":"center center","background-size":"auto","background-attachment":"scroll","background-type":"","background-media":"","overlay-type":"","overlay-color":"","overlay-opacity":"","overlay-gradient":""},"mobile":{"background-color":"var(--ast-global-color-5)","background-image":"","background-repeat":"repeat","background-position":"center center","background-size":"auto","background-attachment":"scroll","background-type":"","background-media":"","overlay-type":"","overlay-color":"","overlay-opacity":"","overlay-gradient":""}},"footnotes":""},"class_list":["post-2374","page","type-page","status-publish","hentry"],"aioseo_notices":[],"_links":{"self":[{"href":"https:\/\/aracnidatextil.com\/index.php?rest_route=\/wp\/v2\/pages\/2374","targetHints":{"allow":["GET"]}}],"collection":[{"href":"https:\/\/aracnidatextil.com\/index.php?rest_route=\/wp\/v2\/pages"}],"about":[{"href":"https:\/\/aracnidatextil.com\/index.php?rest_route=\/wp\/v2\/types\/page"}],"author":[{"embeddable":true,"href":"https:\/\/aracnidatextil.com\/index.php?rest_route=\/wp\/v2\/users\/1"}],"replies":[{"embeddable":true,"href":"https:\/\/aracnidatextil.com\/index.php?rest_route=%2Fwp%2Fv2%2Fcomments&post=2374"}],"version-history":[{"count":5,"href":"https:\/\/aracnidatextil.com\/index.php?rest_route=\/wp\/v2\/pages\/2374\/revisions"}],"predecessor-version":[{"id":2411,"href":"https:\/\/aracnidatextil.com\/index.php?rest_route=\/wp\/v2\/pages\/2374\/revisions\/2411"}],"wp:attachment":[{"href":"https:\/\/aracnidatextil.com\/index.php?rest_route=%2Fwp%2Fv2%2Fmedia&parent=2374"}],"curies":[{"name":"wp","href":"https:\/\/api.w.org\/{rel}","templated":true}]}}