{"id":2383,"date":"2025-08-13T17:01:22","date_gmt":"2025-08-13T17:01:22","guid":{"rendered":"https:\/\/aracnidatextil.com\/?page_id=2383"},"modified":"2025-08-15T14:50:45","modified_gmt":"2025-08-15T14:50:45","slug":"gorrito-de-4-puntas-2","status":"publish","type":"page","link":"https:\/\/aracnidatextil.com\/?page_id=2383","title":{"rendered":"gorrito de 4 puntas"},"content":{"rendered":"\n<hr class=\"wp-block-separator has-text-color has-alpha-channel-opacity has-background is-style-wide\" style=\"background-color:#7e2828;color:#7e2828\"\/>\n\n\n\n<div class=\"wp-block-group is-layout-constrained wp-block-group-is-layout-constrained\">\n<div class=\"alignnormal\"><div id=\"metaslider-id-1515\" style=\"width: 100%;\" class=\"ml-slider-3-108-0 metaslider metaslider-flex metaslider-1515 ml-slider has-dots-nav has-carousel-mode ms-theme-clarity\" role=\"region\" aria-label=\"New Slideshow\" data-height=\"400\" data-width=\"300\">\n    <div id=\"metaslider_container_1515\">\n        <div id=\"metaslider_1515\">\n            <ul class='slides'>\n                <li style=\"display: none; width: 100%;\" class=\"slide-1516 ms-image \" aria-roledescription=\"slide\" data-date=\"2025-05-22 14:57:42\" data-filename=\"6-1-scaled-300x400.jpg\" data-slide-type=\"image\"><img loading=\"lazy\" decoding=\"async\" src=\"https:\/\/aracnidatextil.com\/wp-content\/uploads\/2025\/05\/6-1-scaled-300x400.jpg\" height=\"400\" width=\"300\" alt=\"\" class=\"slider-1515 slide-1516 msDefaultImage\" title=\"6\" \/><\/li>\n                <li style=\"display: none; width: 100%;\" class=\"slide-1517 ms-image \" aria-roledescription=\"slide\" data-date=\"2025-05-22 14:57:42\" data-filename=\"5-2-scaled-300x400.jpg\" data-slide-type=\"image\"><img loading=\"lazy\" decoding=\"async\" src=\"https:\/\/aracnidatextil.com\/wp-content\/uploads\/2025\/05\/5-2-scaled-300x400.jpg\" height=\"400\" width=\"300\" alt=\"\" class=\"slider-1515 slide-1517 msDefaultImage\" title=\"5\" \/><\/li>\n                <li style=\"display: none; width: 100%;\" class=\"slide-1518 ms-image \" aria-roledescription=\"slide\" data-date=\"2025-05-22 14:57:42\" data-filename=\"4-2-scaled-300x400.jpg\" data-slide-type=\"image\"><img loading=\"lazy\" decoding=\"async\" src=\"https:\/\/aracnidatextil.com\/wp-content\/uploads\/2025\/05\/4-2-scaled-300x400.jpg\" height=\"400\" width=\"300\" alt=\"\" class=\"slider-1515 slide-1518 msDefaultImage\" title=\"4\" \/><\/li>\n                <li style=\"display: none; width: 100%;\" class=\"slide-1519 ms-image \" aria-roledescription=\"slide\" data-date=\"2025-05-22 14:57:42\" data-filename=\"3-2-scaled-300x400.jpg\" data-slide-type=\"image\"><img loading=\"lazy\" decoding=\"async\" src=\"https:\/\/aracnidatextil.com\/wp-content\/uploads\/2025\/05\/3-2-scaled-300x400.jpg\" height=\"400\" width=\"300\" alt=\"\" class=\"slider-1515 slide-1519 msDefaultImage\" title=\"3\" \/><\/li>\n                <li style=\"display: none; width: 100%;\" class=\"slide-1520 ms-image \" aria-roledescription=\"slide\" data-date=\"2025-05-22 14:57:42\" data-filename=\"2-2-scaled-300x400.jpg\" data-slide-type=\"image\"><img loading=\"lazy\" decoding=\"async\" src=\"https:\/\/aracnidatextil.com\/wp-content\/uploads\/2025\/05\/2-2-scaled-300x400.jpg\" height=\"400\" width=\"300\" alt=\"\" class=\"slider-1515 slide-1520 msDefaultImage\" title=\"2\" \/><\/li>\n                <li style=\"display: none; width: 100%;\" class=\"slide-1521 ms-image \" aria-roledescription=\"slide\" data-date=\"2025-05-22 14:57:42\" data-filename=\"1-2-scaled-300x400.jpg\" data-slide-type=\"image\"><img loading=\"lazy\" decoding=\"async\" src=\"https:\/\/aracnidatextil.com\/wp-content\/uploads\/2025\/05\/1-2-scaled-300x400.jpg\" height=\"400\" width=\"300\" alt=\"\" class=\"slider-1515 slide-1521 msDefaultImage\" title=\"1\" \/><\/li>\n            <\/ul>\n        <\/div>\n        \n    <\/div>\n<\/div><\/div>\n<\/div>\n\n\n\n<div class=\"wp-block-cover\" style=\"min-height:579px;aspect-ratio:unset;\"><span aria-hidden=\"true\" class=\"wp-block-cover__background has-ast-global-color-5-background-color has-background-dim-90 has-background-dim\"><\/span><div class=\"wp-block-cover__inner-container is-layout-constrained wp-block-cover-is-layout-constrained\">\n<div class=\"wp-block-cover\"><img loading=\"lazy\" decoding=\"async\" width=\"1024\" height=\"683\" class=\"wp-block-cover__image-background wp-image-1316 size-large\" alt=\"\" src=\"https:\/\/aracnidatextil.com\/wp-content\/uploads\/2025\/05\/IMG_3862-1024x683.jpg\" data-object-fit=\"cover\" srcset=\"https:\/\/aracnidatextil.com\/wp-content\/uploads\/2025\/05\/IMG_3862-1024x683.jpg 1024w, https:\/\/aracnidatextil.com\/wp-content\/uploads\/2025\/05\/IMG_3862-300x200.jpg 300w, https:\/\/aracnidatextil.com\/wp-content\/uploads\/2025\/05\/IMG_3862-768x512.jpg 768w, https:\/\/aracnidatextil.com\/wp-content\/uploads\/2025\/05\/IMG_3862-1536x1024.jpg 1536w, https:\/\/aracnidatextil.com\/wp-content\/uploads\/2025\/05\/IMG_3862-2048x1365.jpg 2048w, https:\/\/aracnidatextil.com\/wp-content\/uploads\/2025\/05\/IMG_3862-600x400.jpg 600w\" sizes=\"auto, (max-width: 1024px) 100vw, 1024px\" \/><span aria-hidden=\"true\" class=\"wp-block-cover__background has-ast-global-color-5-background-color has-background-dim-90 has-background-dim\"><\/span><div class=\"wp-block-cover__inner-container is-layout-constrained wp-block-cover-is-layout-constrained\">\n<div class=\"wp-block-group is-vertical is-layout-flex wp-container-core-group-is-layout-fe9cc265 wp-block-group-is-layout-flex\">\n<blockquote class=\"wp-block-quote is-style-plain is-layout-flow wp-block-quote-is-layout-flow\">\n<p><strong>Gorro de 4 puntas <\/strong><\/p>\n\n\n\n<p><strong>Descripci\u00f3n: <\/strong><br>El gorro de cuatro puntas es una pieza emblem\u00e1tica de las culturas precolombinas Wari y Tiahuanaco, donde tuvo un profundo significado social y simb\u00f3lico. Su dise\u00f1o, compuesto por cuatro prolongaciones en las esquinas, no solo cumpl\u00eda una funci\u00f3n est\u00e9tica, sino que tambi\u00e9n comunicaba identidad y estatus dentro de la comunidad.<\/p>\n\n\n\n<p>Esta obra fue elaborada en un taller dirigido por la maestra Isabel Mart\u00ednez, aplicando la t\u00e9cnica de <strong>anillado compuesto<\/strong> para construir tanto la estructura como los dise\u00f1os que lo ornamentan. La minuciosidad en su ejecuci\u00f3n rinde homenaje a la complejidad y refinamiento de la tradici\u00f3n textil andina, preservando un legado que ha perdurado por siglos.<\/p>\n\n\n\n<ul class=\"wp-block-list\">\n<li>T\u00e9cnicas: Anillado compuesto<\/li>\n\n\n\n<li>Fibras: Sint\u00e9tica<\/li>\n\n\n\n<li>Medidas: <\/li>\n\n\n\n<li>A\u00f1o: 2020<\/li>\n<\/ul>\n<\/blockquote>\n<\/div>\n<\/div><\/div>\n<\/div><\/div>\n\n\n\n<figure class=\"wp-block-gallery has-nested-images columns-6 is-cropped wp-block-gallery-1 is-layout-flex wp-block-gallery-is-layout-flex\">\n<figure class=\"wp-block-image size-full\"><a href=\"https:\/\/aracnidatextil.com\/wp-content\/uploads\/2025\/05\/IMG_3871-scaled.jpg\"><img loading=\"lazy\" decoding=\"async\" width=\"2560\" height=\"1707\" data-id=\"1323\" src=\"https:\/\/aracnidatextil.com\/wp-content\/uploads\/2025\/05\/IMG_3871-scaled.jpg\" alt=\"\" class=\"wp-image-1323\" srcset=\"https:\/\/aracnidatextil.com\/wp-content\/uploads\/2025\/05\/IMG_3871-scaled.jpg 2560w, https:\/\/aracnidatextil.com\/wp-content\/uploads\/2025\/05\/IMG_3871-300x200.jpg 300w, https:\/\/aracnidatextil.com\/wp-content\/uploads\/2025\/05\/IMG_3871-1024x683.jpg 1024w, https:\/\/aracnidatextil.com\/wp-content\/uploads\/2025\/05\/IMG_3871-768x512.jpg 768w, https:\/\/aracnidatextil.com\/wp-content\/uploads\/2025\/05\/IMG_3871-1536x1024.jpg 1536w, https:\/\/aracnidatextil.com\/wp-content\/uploads\/2025\/05\/IMG_3871-2048x1365.jpg 2048w, https:\/\/aracnidatextil.com\/wp-content\/uploads\/2025\/05\/IMG_3871-600x400.jpg 600w\" sizes=\"auto, (max-width: 2560px) 100vw, 2560px\" \/><\/a><\/figure>\n\n\n\n<figure class=\"wp-block-image size-full\"><a href=\"https:\/\/aracnidatextil.com\/wp-content\/uploads\/2025\/05\/IMG_3865-scaled.jpg\"><img loading=\"lazy\" decoding=\"async\" width=\"2560\" height=\"1707\" data-id=\"1318\" src=\"https:\/\/aracnidatextil.com\/wp-content\/uploads\/2025\/05\/IMG_3865-scaled.jpg\" alt=\"\" class=\"wp-image-1318\" srcset=\"https:\/\/aracnidatextil.com\/wp-content\/uploads\/2025\/05\/IMG_3865-scaled.jpg 2560w, https:\/\/aracnidatextil.com\/wp-content\/uploads\/2025\/05\/IMG_3865-300x200.jpg 300w, https:\/\/aracnidatextil.com\/wp-content\/uploads\/2025\/05\/IMG_3865-1024x683.jpg 1024w, https:\/\/aracnidatextil.com\/wp-content\/uploads\/2025\/05\/IMG_3865-768x512.jpg 768w, https:\/\/aracnidatextil.com\/wp-content\/uploads\/2025\/05\/IMG_3865-1536x1024.jpg 1536w, https:\/\/aracnidatextil.com\/wp-content\/uploads\/2025\/05\/IMG_3865-2048x1365.jpg 2048w, https:\/\/aracnidatextil.com\/wp-content\/uploads\/2025\/05\/IMG_3865-600x400.jpg 600w\" sizes=\"auto, (max-width: 2560px) 100vw, 2560px\" \/><\/a><\/figure>\n\n\n\n<figure class=\"wp-block-image size-full\"><a href=\"https:\/\/aracnidatextil.com\/wp-content\/uploads\/2025\/05\/IMG_3858-scaled.jpg\"><img loading=\"lazy\" decoding=\"async\" width=\"2560\" height=\"1707\" data-id=\"1312\" src=\"https:\/\/aracnidatextil.com\/wp-content\/uploads\/2025\/05\/IMG_3858-scaled.jpg\" alt=\"\" class=\"wp-image-1312\" srcset=\"https:\/\/aracnidatextil.com\/wp-content\/uploads\/2025\/05\/IMG_3858-scaled.jpg 2560w, https:\/\/aracnidatextil.com\/wp-content\/uploads\/2025\/05\/IMG_3858-300x200.jpg 300w, https:\/\/aracnidatextil.com\/wp-content\/uploads\/2025\/05\/IMG_3858-1024x683.jpg 1024w, https:\/\/aracnidatextil.com\/wp-content\/uploads\/2025\/05\/IMG_3858-768x512.jpg 768w, https:\/\/aracnidatextil.com\/wp-content\/uploads\/2025\/05\/IMG_3858-1536x1024.jpg 1536w, https:\/\/aracnidatextil.com\/wp-content\/uploads\/2025\/05\/IMG_3858-2048x1365.jpg 2048w, https:\/\/aracnidatextil.com\/wp-content\/uploads\/2025\/05\/IMG_3858-600x400.jpg 600w\" sizes=\"auto, (max-width: 2560px) 100vw, 2560px\" \/><\/a><\/figure>\n\n\n\n<figure class=\"wp-block-image size-full\"><a href=\"https:\/\/aracnidatextil.com\/wp-content\/uploads\/2025\/05\/IMG_3873-scaled.jpg\"><img loading=\"lazy\" decoding=\"async\" width=\"2560\" height=\"1707\" data-id=\"1325\" src=\"https:\/\/aracnidatextil.com\/wp-content\/uploads\/2025\/05\/IMG_3873-scaled.jpg\" alt=\"\" class=\"wp-image-1325\" srcset=\"https:\/\/aracnidatextil.com\/wp-content\/uploads\/2025\/05\/IMG_3873-scaled.jpg 2560w, https:\/\/aracnidatextil.com\/wp-content\/uploads\/2025\/05\/IMG_3873-300x200.jpg 300w, https:\/\/aracnidatextil.com\/wp-content\/uploads\/2025\/05\/IMG_3873-1024x683.jpg 1024w, https:\/\/aracnidatextil.com\/wp-content\/uploads\/2025\/05\/IMG_3873-768x512.jpg 768w, https:\/\/aracnidatextil.com\/wp-content\/uploads\/2025\/05\/IMG_3873-1536x1024.jpg 1536w, https:\/\/aracnidatextil.com\/wp-content\/uploads\/2025\/05\/IMG_3873-2048x1365.jpg 2048w, https:\/\/aracnidatextil.com\/wp-content\/uploads\/2025\/05\/IMG_3873-600x400.jpg 600w\" sizes=\"auto, (max-width: 2560px) 100vw, 2560px\" \/><\/a><\/figure>\n\n\n\n<figure class=\"wp-block-image size-full\"><a href=\"https:\/\/aracnidatextil.com\/wp-content\/uploads\/2025\/05\/20201004_155623-scaled.jpg\"><img loading=\"lazy\" decoding=\"async\" width=\"2560\" height=\"2560\" data-id=\"1327\" src=\"https:\/\/aracnidatextil.com\/wp-content\/uploads\/2025\/05\/20201004_155623-scaled.jpg\" alt=\"\" class=\"wp-image-1327\" srcset=\"https:\/\/aracnidatextil.com\/wp-content\/uploads\/2025\/05\/20201004_155623-scaled.jpg 2560w, https:\/\/aracnidatextil.com\/wp-content\/uploads\/2025\/05\/20201004_155623-300x300.jpg 300w, https:\/\/aracnidatextil.com\/wp-content\/uploads\/2025\/05\/20201004_155623-1024x1024.jpg 1024w, https:\/\/aracnidatextil.com\/wp-content\/uploads\/2025\/05\/20201004_155623-150x150.jpg 150w, https:\/\/aracnidatextil.com\/wp-content\/uploads\/2025\/05\/20201004_155623-768x768.jpg 768w, https:\/\/aracnidatextil.com\/wp-content\/uploads\/2025\/05\/20201004_155623-1536x1536.jpg 1536w, https:\/\/aracnidatextil.com\/wp-content\/uploads\/2025\/05\/20201004_155623-2048x2048.jpg 2048w, https:\/\/aracnidatextil.com\/wp-content\/uploads\/2025\/05\/20201004_155623-600x600.jpg 600w, https:\/\/aracnidatextil.com\/wp-content\/uploads\/2025\/05\/20201004_155623-100x100.jpg 100w\" sizes=\"auto, (max-width: 2560px) 100vw, 2560px\" \/><\/a><\/figure>\n\n\n\n<figure class=\"wp-block-image size-full\"><a href=\"https:\/\/aracnidatextil.com\/wp-content\/uploads\/2025\/05\/IMG_3866-scaled.jpg\"><img loading=\"lazy\" decoding=\"async\" width=\"2560\" height=\"1707\" data-id=\"1319\" src=\"https:\/\/aracnidatextil.com\/wp-content\/uploads\/2025\/05\/IMG_3866-scaled.jpg\" alt=\"\" class=\"wp-image-1319\" srcset=\"https:\/\/aracnidatextil.com\/wp-content\/uploads\/2025\/05\/IMG_3866-scaled.jpg 2560w, https:\/\/aracnidatextil.com\/wp-content\/uploads\/2025\/05\/IMG_3866-300x200.jpg 300w, https:\/\/aracnidatextil.com\/wp-content\/uploads\/2025\/05\/IMG_3866-1024x683.jpg 1024w, https:\/\/aracnidatextil.com\/wp-content\/uploads\/2025\/05\/IMG_3866-768x512.jpg 768w, https:\/\/aracnidatextil.com\/wp-content\/uploads\/2025\/05\/IMG_3866-1536x1024.jpg 1536w, https:\/\/aracnidatextil.com\/wp-content\/uploads\/2025\/05\/IMG_3866-2048x1365.jpg 2048w, https:\/\/aracnidatextil.com\/wp-content\/uploads\/2025\/05\/IMG_3866-600x400.jpg 600w\" sizes=\"auto, (max-width: 2560px) 100vw, 2560px\" \/><\/a><\/figure>\n<\/figure>\n","protected":false},"excerpt":{"rendered":"","protected":false},"author":1,"featured_media":0,"parent":0,"menu_order":0,"comment_status":"closed","ping_status":"closed","template":"","meta":{"site-sidebar-layout":"default","site-content-layout":"","ast-site-content-layout":"default","site-content-style":"default","site-sidebar-style":"default","ast-global-header-display":"","ast-banner-title-visibility":"","ast-main-header-display":"","ast-hfb-above-header-display":"","ast-hfb-below-header-display":"","ast-hfb-mobile-header-display":"","site-post-title":"","ast-breadcrumbs-content":"","ast-featured-img":"","footer-sml-layout":"","ast-disable-related-posts":"","theme-transparent-header-meta":"","adv-header-id-meta":"","stick-header-meta":"","header-above-stick-meta":"","header-main-stick-meta":"","header-below-stick-meta":"","astra-migrate-meta-layouts":"set","ast-page-background-enabled":"default","ast-page-background-meta":{"desktop":{"background-color":"var(--ast-global-color-4)","background-image":"","background-repeat":"repeat","background-position":"center center","background-size":"auto","background-attachment":"scroll","background-type":"","background-media":"","overlay-type":"","overlay-color":"","overlay-opacity":"","overlay-gradient":""},"tablet":{"background-color":"","background-image":"","background-repeat":"repeat","background-position":"center center","background-size":"auto","background-attachment":"scroll","background-type":"","background-media":"","overlay-type":"","overlay-color":"","overlay-opacity":"","overlay-gradient":""},"mobile":{"background-color":"","background-image":"","background-repeat":"repeat","background-position":"center center","background-size":"auto","background-attachment":"scroll","background-type":"","background-media":"","overlay-type":"","overlay-color":"","overlay-opacity":"","overlay-gradient":""}},"ast-content-background-meta":{"desktop":{"background-color":"var(--ast-global-color-5)","background-image":"","background-repeat":"repeat","background-position":"center center","background-size":"auto","background-attachment":"scroll","background-type":"","background-media":"","overlay-type":"","overlay-color":"","overlay-opacity":"","overlay-gradient":""},"tablet":{"background-color":"var(--ast-global-color-5)","background-image":"","background-repeat":"repeat","background-position":"center center","background-size":"auto","background-attachment":"scroll","background-type":"","background-media":"","overlay-type":"","overlay-color":"","overlay-opacity":"","overlay-gradient":""},"mobile":{"background-color":"var(--ast-global-color-5)","background-image":"","background-repeat":"repeat","background-position":"center center","background-size":"auto","background-attachment":"scroll","background-type":"","background-media":"","overlay-type":"","overlay-color":"","overlay-opacity":"","overlay-gradient":""}},"footnotes":""},"class_list":["post-2383","page","type-page","status-publish","hentry"],"aioseo_notices":[],"_links":{"self":[{"href":"https:\/\/aracnidatextil.com\/index.php?rest_route=\/wp\/v2\/pages\/2383","targetHints":{"allow":["GET"]}}],"collection":[{"href":"https:\/\/aracnidatextil.com\/index.php?rest_route=\/wp\/v2\/pages"}],"about":[{"href":"https:\/\/aracnidatextil.com\/index.php?rest_route=\/wp\/v2\/types\/page"}],"author":[{"embeddable":true,"href":"https:\/\/aracnidatextil.com\/index.php?rest_route=\/wp\/v2\/users\/1"}],"replies":[{"embeddable":true,"href":"https:\/\/aracnidatextil.com\/index.php?rest_route=%2Fwp%2Fv2%2Fcomments&post=2383"}],"version-history":[{"count":3,"href":"https:\/\/aracnidatextil.com\/index.php?rest_route=\/wp\/v2\/pages\/2383\/revisions"}],"predecessor-version":[{"id":2412,"href":"https:\/\/aracnidatextil.com\/index.php?rest_route=\/wp\/v2\/pages\/2383\/revisions\/2412"}],"wp:attachment":[{"href":"https:\/\/aracnidatextil.com\/index.php?rest_route=%2Fwp%2Fv2%2Fmedia&parent=2383"}],"curies":[{"name":"wp","href":"https:\/\/api.w.org\/{rel}","templated":true}]}}