{"id":2391,"date":"2025-08-13T17:25:56","date_gmt":"2025-08-13T17:25:56","guid":{"rendered":"https:\/\/aracnidatextil.com\/?page_id=2391"},"modified":"2025-08-15T14:55:43","modified_gmt":"2025-08-15T14:55:43","slug":"tapiz-chimu-2","status":"publish","type":"page","link":"https:\/\/aracnidatextil.com\/?page_id=2391","title":{"rendered":"Tapiz chim\u00fa"},"content":{"rendered":"\n<hr class=\"wp-block-separator has-text-color has-alpha-channel-opacity has-background is-style-wide\" style=\"background-color:#7e2828;color:#7e2828\"\/>\n\n\n\n<div class=\"wp-block-group is-layout-constrained wp-block-group-is-layout-constrained\">\n<div class=\"alignnormal\"><div id=\"metaslider-id-1515\" style=\"width: 100%;\" class=\"ml-slider-3-108-0 metaslider metaslider-flex metaslider-1515 ml-slider has-dots-nav has-carousel-mode ms-theme-clarity\" role=\"region\" aria-label=\"New Slideshow\" data-height=\"400\" data-width=\"300\">\n    <div id=\"metaslider_container_1515\">\n        <div id=\"metaslider_1515\">\n            <ul class='slides'>\n                <li style=\"display: none; width: 100%;\" class=\"slide-1516 ms-image \" aria-roledescription=\"slide\" data-date=\"2025-05-22 14:57:42\" data-filename=\"6-1-scaled-300x400.jpg\" data-slide-type=\"image\"><img loading=\"lazy\" decoding=\"async\" src=\"https:\/\/aracnidatextil.com\/wp-content\/uploads\/2025\/05\/6-1-scaled-300x400.jpg\" height=\"400\" width=\"300\" alt=\"\" class=\"slider-1515 slide-1516 msDefaultImage\" title=\"6\" \/><\/li>\n                <li style=\"display: none; width: 100%;\" class=\"slide-1517 ms-image \" aria-roledescription=\"slide\" data-date=\"2025-05-22 14:57:42\" data-filename=\"5-2-scaled-300x400.jpg\" data-slide-type=\"image\"><img loading=\"lazy\" decoding=\"async\" src=\"https:\/\/aracnidatextil.com\/wp-content\/uploads\/2025\/05\/5-2-scaled-300x400.jpg\" height=\"400\" width=\"300\" alt=\"\" class=\"slider-1515 slide-1517 msDefaultImage\" title=\"5\" \/><\/li>\n                <li style=\"display: none; width: 100%;\" class=\"slide-1518 ms-image \" aria-roledescription=\"slide\" data-date=\"2025-05-22 14:57:42\" data-filename=\"4-2-scaled-300x400.jpg\" data-slide-type=\"image\"><img loading=\"lazy\" decoding=\"async\" src=\"https:\/\/aracnidatextil.com\/wp-content\/uploads\/2025\/05\/4-2-scaled-300x400.jpg\" height=\"400\" width=\"300\" alt=\"\" class=\"slider-1515 slide-1518 msDefaultImage\" title=\"4\" \/><\/li>\n                <li style=\"display: none; width: 100%;\" class=\"slide-1519 ms-image \" aria-roledescription=\"slide\" data-date=\"2025-05-22 14:57:42\" data-filename=\"3-2-scaled-300x400.jpg\" data-slide-type=\"image\"><img loading=\"lazy\" decoding=\"async\" src=\"https:\/\/aracnidatextil.com\/wp-content\/uploads\/2025\/05\/3-2-scaled-300x400.jpg\" height=\"400\" width=\"300\" alt=\"\" class=\"slider-1515 slide-1519 msDefaultImage\" title=\"3\" \/><\/li>\n                <li style=\"display: none; width: 100%;\" class=\"slide-1520 ms-image \" aria-roledescription=\"slide\" data-date=\"2025-05-22 14:57:42\" data-filename=\"2-2-scaled-300x400.jpg\" data-slide-type=\"image\"><img loading=\"lazy\" decoding=\"async\" src=\"https:\/\/aracnidatextil.com\/wp-content\/uploads\/2025\/05\/2-2-scaled-300x400.jpg\" height=\"400\" width=\"300\" alt=\"\" class=\"slider-1515 slide-1520 msDefaultImage\" title=\"2\" \/><\/li>\n                <li style=\"display: none; width: 100%;\" class=\"slide-1521 ms-image \" aria-roledescription=\"slide\" data-date=\"2025-05-22 14:57:42\" data-filename=\"1-2-scaled-300x400.jpg\" data-slide-type=\"image\"><img loading=\"lazy\" decoding=\"async\" src=\"https:\/\/aracnidatextil.com\/wp-content\/uploads\/2025\/05\/1-2-scaled-300x400.jpg\" height=\"400\" width=\"300\" alt=\"\" class=\"slider-1515 slide-1521 msDefaultImage\" title=\"1\" \/><\/li>\n            <\/ul>\n        <\/div>\n        \n    <\/div>\n<\/div><\/div>\n<\/div>\n\n\n\n<div class=\"wp-block-cover\" style=\"min-height:579px;aspect-ratio:unset;\"><span aria-hidden=\"true\" class=\"wp-block-cover__background has-ast-global-color-5-background-color has-background-dim-90 has-background-dim\"><\/span><div class=\"wp-block-cover__inner-container is-layout-constrained wp-block-cover-is-layout-constrained\">\n<div class=\"wp-block-cover\"><img loading=\"lazy\" decoding=\"async\" width=\"1024\" height=\"1024\" class=\"wp-block-cover__image-background wp-image-1297 size-large\" alt=\"\" src=\"https:\/\/aracnidatextil.com\/wp-content\/uploads\/2025\/05\/IMG-20210425-WA0010-1024x1024.jpg\" data-object-fit=\"cover\" srcset=\"https:\/\/aracnidatextil.com\/wp-content\/uploads\/2025\/05\/IMG-20210425-WA0010-1024x1024.jpg 1024w, https:\/\/aracnidatextil.com\/wp-content\/uploads\/2025\/05\/IMG-20210425-WA0010-300x300.jpg 300w, https:\/\/aracnidatextil.com\/wp-content\/uploads\/2025\/05\/IMG-20210425-WA0010-150x150.jpg 150w, https:\/\/aracnidatextil.com\/wp-content\/uploads\/2025\/05\/IMG-20210425-WA0010-768x768.jpg 768w, https:\/\/aracnidatextil.com\/wp-content\/uploads\/2025\/05\/IMG-20210425-WA0010-600x600.jpg 600w, https:\/\/aracnidatextil.com\/wp-content\/uploads\/2025\/05\/IMG-20210425-WA0010-100x100.jpg 100w, https:\/\/aracnidatextil.com\/wp-content\/uploads\/2025\/05\/IMG-20210425-WA0010.jpg 1512w\" sizes=\"auto, (max-width: 1024px) 100vw, 1024px\" \/><span aria-hidden=\"true\" class=\"wp-block-cover__background has-ast-global-color-5-background-color has-background-dim-90 has-background-dim\"><\/span><div class=\"wp-block-cover__inner-container is-layout-constrained wp-block-cover-is-layout-constrained\">\n<div class=\"wp-block-group is-vertical is-layout-flex wp-container-core-group-is-layout-fe9cc265 wp-block-group-is-layout-flex\">\n<blockquote class=\"wp-block-quote is-style-plain is-layout-flow wp-block-quote-is-layout-flow\">\n<p><strong>Tapiz Chim\u00fa <\/strong><\/p>\n\n\n\n<p><strong>Descripci\u00f3n: <\/strong><br>Esta pieza es una reproducci\u00f3n de un textil perteneciente a la cultura Chim\u00fa, una de las civilizaciones m\u00e1s destacadas de la costa norte del Per\u00fa (900\u20131470 d.C.). Reconocidos por su maestr\u00eda t\u00e9cnica y est\u00e9tica, los Chim\u00fa desarrollaron un lenguaje visual \u00fanico en sus tejidos, combinando precisi\u00f3n geom\u00e9trica y simbolismo cultural.<\/p>\n\n\n\n<p>La obra fue elaborada en el marco de las clases del <strong>Museo de Arqueolog\u00eda y Antropolog\u00eda de la Universidad Nacional Mayor de San Marcos<\/strong>, bajo la gu\u00eda y manuales del maestro <strong>Andr\u00e9s Yntusca Garc\u00eda<\/strong>. Se realiz\u00f3 utilizando la t\u00e9cnica de <strong>faz de Trama<\/strong>, una estructura fundamental en la tradici\u00f3n textil andina que evidencia el profundo conocimiento en el manejo de fibras y color.<\/p>\n\n\n\n<ul class=\"wp-block-list\">\n<li>T\u00e9cnicas: Faz de trama <\/li>\n\n\n\n<li>Fibras: Algod\u00f3n <\/li>\n\n\n\n<li>Medidas: <\/li>\n\n\n\n<li>A\u00f1o: 2020<\/li>\n<\/ul>\n<\/blockquote>\n<\/div>\n<\/div><\/div>\n<\/div><\/div>\n\n\n\n<figure class=\"wp-block-gallery has-nested-images columns-6 is-cropped wp-block-gallery-1 is-layout-flex wp-block-gallery-is-layout-flex\">\n<figure class=\"wp-block-image size-full\"><a href=\"https:\/\/aracnidatextil.com\/wp-content\/uploads\/2025\/05\/IMG-20210916-WA0000.jpg\"><img loading=\"lazy\" decoding=\"async\" width=\"868\" height=\"1160\" data-id=\"1301\" src=\"https:\/\/aracnidatextil.com\/wp-content\/uploads\/2025\/05\/IMG-20210916-WA0000.jpg\" alt=\"\" class=\"wp-image-1301\" srcset=\"https:\/\/aracnidatextil.com\/wp-content\/uploads\/2025\/05\/IMG-20210916-WA0000.jpg 868w, https:\/\/aracnidatextil.com\/wp-content\/uploads\/2025\/05\/IMG-20210916-WA0000-224x300.jpg 224w, https:\/\/aracnidatextil.com\/wp-content\/uploads\/2025\/05\/IMG-20210916-WA0000-766x1024.jpg 766w, https:\/\/aracnidatextil.com\/wp-content\/uploads\/2025\/05\/IMG-20210916-WA0000-768x1026.jpg 768w, https:\/\/aracnidatextil.com\/wp-content\/uploads\/2025\/05\/IMG-20210916-WA0000-600x802.jpg 600w\" sizes=\"auto, (max-width: 868px) 100vw, 868px\" \/><\/a><\/figure>\n\n\n\n<figure class=\"wp-block-image size-full\"><a href=\"https:\/\/aracnidatextil.com\/wp-content\/uploads\/2025\/05\/IMG-20210914-WA0028.jpg\"><img loading=\"lazy\" decoding=\"async\" width=\"1197\" height=\"1600\" data-id=\"1299\" src=\"https:\/\/aracnidatextil.com\/wp-content\/uploads\/2025\/05\/IMG-20210914-WA0028.jpg\" alt=\"\" class=\"wp-image-1299\" srcset=\"https:\/\/aracnidatextil.com\/wp-content\/uploads\/2025\/05\/IMG-20210914-WA0028.jpg 1197w, https:\/\/aracnidatextil.com\/wp-content\/uploads\/2025\/05\/IMG-20210914-WA0028-224x300.jpg 224w, https:\/\/aracnidatextil.com\/wp-content\/uploads\/2025\/05\/IMG-20210914-WA0028-766x1024.jpg 766w, https:\/\/aracnidatextil.com\/wp-content\/uploads\/2025\/05\/IMG-20210914-WA0028-768x1027.jpg 768w, https:\/\/aracnidatextil.com\/wp-content\/uploads\/2025\/05\/IMG-20210914-WA0028-1149x1536.jpg 1149w, https:\/\/aracnidatextil.com\/wp-content\/uploads\/2025\/05\/IMG-20210914-WA0028-600x802.jpg 600w\" sizes=\"auto, (max-width: 1197px) 100vw, 1197px\" \/><\/a><\/figure>\n\n\n\n<figure class=\"wp-block-image size-full\"><a href=\"https:\/\/aracnidatextil.com\/wp-content\/uploads\/2025\/05\/IMG-20210425-WA0010.jpg\"><img loading=\"lazy\" decoding=\"async\" width=\"1512\" height=\"1512\" data-id=\"1297\" src=\"https:\/\/aracnidatextil.com\/wp-content\/uploads\/2025\/05\/IMG-20210425-WA0010.jpg\" alt=\"\" class=\"wp-image-1297\" srcset=\"https:\/\/aracnidatextil.com\/wp-content\/uploads\/2025\/05\/IMG-20210425-WA0010.jpg 1512w, https:\/\/aracnidatextil.com\/wp-content\/uploads\/2025\/05\/IMG-20210425-WA0010-300x300.jpg 300w, https:\/\/aracnidatextil.com\/wp-content\/uploads\/2025\/05\/IMG-20210425-WA0010-1024x1024.jpg 1024w, https:\/\/aracnidatextil.com\/wp-content\/uploads\/2025\/05\/IMG-20210425-WA0010-150x150.jpg 150w, https:\/\/aracnidatextil.com\/wp-content\/uploads\/2025\/05\/IMG-20210425-WA0010-768x768.jpg 768w, https:\/\/aracnidatextil.com\/wp-content\/uploads\/2025\/05\/IMG-20210425-WA0010-600x600.jpg 600w, https:\/\/aracnidatextil.com\/wp-content\/uploads\/2025\/05\/IMG-20210425-WA0010-100x100.jpg 100w\" sizes=\"auto, (max-width: 1512px) 100vw, 1512px\" \/><\/a><\/figure>\n\n\n\n<figure class=\"wp-block-image size-full\"><a href=\"https:\/\/aracnidatextil.com\/wp-content\/uploads\/2025\/05\/IMG-20210914-WA0032.jpg\"><img loading=\"lazy\" decoding=\"async\" width=\"1200\" height=\"1600\" data-id=\"1300\" src=\"https:\/\/aracnidatextil.com\/wp-content\/uploads\/2025\/05\/IMG-20210914-WA0032.jpg\" alt=\"\" class=\"wp-image-1300\" srcset=\"https:\/\/aracnidatextil.com\/wp-content\/uploads\/2025\/05\/IMG-20210914-WA0032.jpg 1200w, https:\/\/aracnidatextil.com\/wp-content\/uploads\/2025\/05\/IMG-20210914-WA0032-225x300.jpg 225w, https:\/\/aracnidatextil.com\/wp-content\/uploads\/2025\/05\/IMG-20210914-WA0032-768x1024.jpg 768w, https:\/\/aracnidatextil.com\/wp-content\/uploads\/2025\/05\/IMG-20210914-WA0032-1152x1536.jpg 1152w, https:\/\/aracnidatextil.com\/wp-content\/uploads\/2025\/05\/IMG-20210914-WA0032-600x800.jpg 600w\" sizes=\"auto, (max-width: 1200px) 100vw, 1200px\" \/><\/a><\/figure>\n\n\n\n<figure class=\"wp-block-image size-full\"><a href=\"https:\/\/aracnidatextil.com\/wp-content\/uploads\/2025\/05\/IMG-20210913-WA0036.jpg\"><img loading=\"lazy\" decoding=\"async\" width=\"1197\" height=\"1600\" data-id=\"1298\" src=\"https:\/\/aracnidatextil.com\/wp-content\/uploads\/2025\/05\/IMG-20210913-WA0036.jpg\" alt=\"\" class=\"wp-image-1298\" srcset=\"https:\/\/aracnidatextil.com\/wp-content\/uploads\/2025\/05\/IMG-20210913-WA0036.jpg 1197w, https:\/\/aracnidatextil.com\/wp-content\/uploads\/2025\/05\/IMG-20210913-WA0036-224x300.jpg 224w, https:\/\/aracnidatextil.com\/wp-content\/uploads\/2025\/05\/IMG-20210913-WA0036-766x1024.jpg 766w, https:\/\/aracnidatextil.com\/wp-content\/uploads\/2025\/05\/IMG-20210913-WA0036-768x1027.jpg 768w, https:\/\/aracnidatextil.com\/wp-content\/uploads\/2025\/05\/IMG-20210913-WA0036-1149x1536.jpg 1149w, https:\/\/aracnidatextil.com\/wp-content\/uploads\/2025\/05\/IMG-20210913-WA0036-600x802.jpg 600w\" sizes=\"auto, (max-width: 1197px) 100vw, 1197px\" \/><\/a><\/figure>\n\n\n\n<figure class=\"wp-block-image size-full\"><a href=\"https:\/\/aracnidatextil.com\/wp-content\/uploads\/2025\/05\/20210407_223622-scaled.jpg\"><img loading=\"lazy\" decoding=\"async\" width=\"2560\" height=\"2560\" data-id=\"1296\" src=\"https:\/\/aracnidatextil.com\/wp-content\/uploads\/2025\/05\/20210407_223622-scaled.jpg\" alt=\"\" class=\"wp-image-1296\" srcset=\"https:\/\/aracnidatextil.com\/wp-content\/uploads\/2025\/05\/20210407_223622-scaled.jpg 2560w, https:\/\/aracnidatextil.com\/wp-content\/uploads\/2025\/05\/20210407_223622-300x300.jpg 300w, https:\/\/aracnidatextil.com\/wp-content\/uploads\/2025\/05\/20210407_223622-1024x1024.jpg 1024w, https:\/\/aracnidatextil.com\/wp-content\/uploads\/2025\/05\/20210407_223622-150x150.jpg 150w, https:\/\/aracnidatextil.com\/wp-content\/uploads\/2025\/05\/20210407_223622-768x768.jpg 768w, https:\/\/aracnidatextil.com\/wp-content\/uploads\/2025\/05\/20210407_223622-1536x1536.jpg 1536w, https:\/\/aracnidatextil.com\/wp-content\/uploads\/2025\/05\/20210407_223622-2048x2048.jpg 2048w, https:\/\/aracnidatextil.com\/wp-content\/uploads\/2025\/05\/20210407_223622-600x600.jpg 600w, https:\/\/aracnidatextil.com\/wp-content\/uploads\/2025\/05\/20210407_223622-100x100.jpg 100w\" sizes=\"auto, (max-width: 2560px) 100vw, 2560px\" \/><\/a><\/figure>\n<\/figure>\n","protected":false},"excerpt":{"rendered":"","protected":false},"author":1,"featured_media":0,"parent":0,"menu_order":0,"comment_status":"closed","ping_status":"closed","template":"","meta":{"site-sidebar-layout":"default","site-content-layout":"","ast-site-content-layout":"default","site-content-style":"default","site-sidebar-style":"default","ast-global-header-display":"","ast-banner-title-visibility":"","ast-main-header-display":"","ast-hfb-above-header-display":"","ast-hfb-below-header-display":"","ast-hfb-mobile-header-display":"","site-post-title":"","ast-breadcrumbs-content":"","ast-featured-img":"","footer-sml-layout":"","ast-disable-related-posts":"","theme-transparent-header-meta":"","adv-header-id-meta":"","stick-header-meta":"","header-above-stick-meta":"","header-main-stick-meta":"","header-below-stick-meta":"","astra-migrate-meta-layouts":"set","ast-page-background-enabled":"default","ast-page-background-meta":{"desktop":{"background-color":"var(--ast-global-color-4)","background-image":"","background-repeat":"repeat","background-position":"center center","background-size":"auto","background-attachment":"scroll","background-type":"","background-media":"","overlay-type":"","overlay-color":"","overlay-opacity":"","overlay-gradient":""},"tablet":{"background-color":"","background-image":"","background-repeat":"repeat","background-position":"center center","background-size":"auto","background-attachment":"scroll","background-type":"","background-media":"","overlay-type":"","overlay-color":"","overlay-opacity":"","overlay-gradient":""},"mobile":{"background-color":"","background-image":"","background-repeat":"repeat","background-position":"center center","background-size":"auto","background-attachment":"scroll","background-type":"","background-media":"","overlay-type":"","overlay-color":"","overlay-opacity":"","overlay-gradient":""}},"ast-content-background-meta":{"desktop":{"background-color":"var(--ast-global-color-5)","background-image":"","background-repeat":"repeat","background-position":"center center","background-size":"auto","background-attachment":"scroll","background-type":"","background-media":"","overlay-type":"","overlay-color":"","overlay-opacity":"","overlay-gradient":""},"tablet":{"background-color":"var(--ast-global-color-5)","background-image":"","background-repeat":"repeat","background-position":"center center","background-size":"auto","background-attachment":"scroll","background-type":"","background-media":"","overlay-type":"","overlay-color":"","overlay-opacity":"","overlay-gradient":""},"mobile":{"background-color":"var(--ast-global-color-5)","background-image":"","background-repeat":"repeat","background-position":"center center","background-size":"auto","background-attachment":"scroll","background-type":"","background-media":"","overlay-type":"","overlay-color":"","overlay-opacity":"","overlay-gradient":""}},"footnotes":""},"class_list":["post-2391","page","type-page","status-publish","hentry"],"aioseo_notices":[],"_links":{"self":[{"href":"https:\/\/aracnidatextil.com\/index.php?rest_route=\/wp\/v2\/pages\/2391","targetHints":{"allow":["GET"]}}],"collection":[{"href":"https:\/\/aracnidatextil.com\/index.php?rest_route=\/wp\/v2\/pages"}],"about":[{"href":"https:\/\/aracnidatextil.com\/index.php?rest_route=\/wp\/v2\/types\/page"}],"author":[{"embeddable":true,"href":"https:\/\/aracnidatextil.com\/index.php?rest_route=\/wp\/v2\/users\/1"}],"replies":[{"embeddable":true,"href":"https:\/\/aracnidatextil.com\/index.php?rest_route=%2Fwp%2Fv2%2Fcomments&post=2391"}],"version-history":[{"count":3,"href":"https:\/\/aracnidatextil.com\/index.php?rest_route=\/wp\/v2\/pages\/2391\/revisions"}],"predecessor-version":[{"id":2414,"href":"https:\/\/aracnidatextil.com\/index.php?rest_route=\/wp\/v2\/pages\/2391\/revisions\/2414"}],"wp:attachment":[{"href":"https:\/\/aracnidatextil.com\/index.php?rest_route=%2Fwp%2Fv2%2Fmedia&parent=2391"}],"curies":[{"name":"wp","href":"https:\/\/api.w.org\/{rel}","templated":true}]}}