{"id":2416,"date":"2025-08-15T15:52:53","date_gmt":"2025-08-15T15:52:53","guid":{"rendered":"https:\/\/aracnidatextil.com\/?page_id=2416"},"modified":"2025-08-15T15:52:54","modified_gmt":"2025-08-15T15:52:54","slug":"chakana-discontinua","status":"publish","type":"page","link":"https:\/\/aracnidatextil.com\/?page_id=2416","title":{"rendered":"Chakana discontinua"},"content":{"rendered":"\n<hr class=\"wp-block-separator has-text-color has-alpha-channel-opacity has-background is-style-wide\" style=\"background-color:#7e2828;color:#7e2828\"\/>\n\n\n\n<div class=\"wp-block-group is-layout-constrained wp-block-group-is-layout-constrained\">\n<div class=\"alignnormal\"><div id=\"metaslider-id-1515\" style=\"width: 100%;\" class=\"ml-slider-3-108-0 metaslider metaslider-flex metaslider-1515 ml-slider has-dots-nav has-carousel-mode ms-theme-clarity\" role=\"region\" aria-label=\"New Slideshow\" data-height=\"400\" data-width=\"300\">\n    <div id=\"metaslider_container_1515\">\n        <div id=\"metaslider_1515\">\n            <ul class='slides'>\n                <li style=\"display: none; width: 100%;\" class=\"slide-1516 ms-image \" aria-roledescription=\"slide\" data-date=\"2025-05-22 14:57:42\" data-filename=\"6-1-scaled-300x400.jpg\" data-slide-type=\"image\"><img loading=\"lazy\" decoding=\"async\" src=\"https:\/\/aracnidatextil.com\/wp-content\/uploads\/2025\/05\/6-1-scaled-300x400.jpg\" height=\"400\" width=\"300\" alt=\"\" class=\"slider-1515 slide-1516 msDefaultImage\" title=\"6\" \/><\/li>\n                <li style=\"display: none; width: 100%;\" class=\"slide-1517 ms-image \" aria-roledescription=\"slide\" data-date=\"2025-05-22 14:57:42\" data-filename=\"5-2-scaled-300x400.jpg\" data-slide-type=\"image\"><img loading=\"lazy\" decoding=\"async\" src=\"https:\/\/aracnidatextil.com\/wp-content\/uploads\/2025\/05\/5-2-scaled-300x400.jpg\" height=\"400\" width=\"300\" alt=\"\" class=\"slider-1515 slide-1517 msDefaultImage\" title=\"5\" \/><\/li>\n                <li style=\"display: none; width: 100%;\" class=\"slide-1518 ms-image \" aria-roledescription=\"slide\" data-date=\"2025-05-22 14:57:42\" data-filename=\"4-2-scaled-300x400.jpg\" data-slide-type=\"image\"><img loading=\"lazy\" decoding=\"async\" src=\"https:\/\/aracnidatextil.com\/wp-content\/uploads\/2025\/05\/4-2-scaled-300x400.jpg\" height=\"400\" width=\"300\" alt=\"\" class=\"slider-1515 slide-1518 msDefaultImage\" title=\"4\" \/><\/li>\n                <li style=\"display: none; width: 100%;\" class=\"slide-1519 ms-image \" aria-roledescription=\"slide\" data-date=\"2025-05-22 14:57:42\" data-filename=\"3-2-scaled-300x400.jpg\" data-slide-type=\"image\"><img loading=\"lazy\" decoding=\"async\" src=\"https:\/\/aracnidatextil.com\/wp-content\/uploads\/2025\/05\/3-2-scaled-300x400.jpg\" height=\"400\" width=\"300\" alt=\"\" class=\"slider-1515 slide-1519 msDefaultImage\" title=\"3\" \/><\/li>\n                <li style=\"display: none; width: 100%;\" class=\"slide-1520 ms-image \" aria-roledescription=\"slide\" data-date=\"2025-05-22 14:57:42\" data-filename=\"2-2-scaled-300x400.jpg\" data-slide-type=\"image\"><img loading=\"lazy\" decoding=\"async\" src=\"https:\/\/aracnidatextil.com\/wp-content\/uploads\/2025\/05\/2-2-scaled-300x400.jpg\" height=\"400\" width=\"300\" alt=\"\" class=\"slider-1515 slide-1520 msDefaultImage\" title=\"2\" \/><\/li>\n                <li style=\"display: none; width: 100%;\" class=\"slide-1521 ms-image \" aria-roledescription=\"slide\" data-date=\"2025-05-22 14:57:42\" data-filename=\"1-2-scaled-300x400.jpg\" data-slide-type=\"image\"><img loading=\"lazy\" decoding=\"async\" src=\"https:\/\/aracnidatextil.com\/wp-content\/uploads\/2025\/05\/1-2-scaled-300x400.jpg\" height=\"400\" width=\"300\" alt=\"\" class=\"slider-1515 slide-1521 msDefaultImage\" title=\"1\" \/><\/li>\n            <\/ul>\n        <\/div>\n        \n    <\/div>\n<\/div><\/div>\n<\/div>\n\n\n\n<div class=\"wp-block-cover\" style=\"min-height:579px;aspect-ratio:unset;\"><span aria-hidden=\"true\" class=\"wp-block-cover__background has-ast-global-color-5-background-color has-background-dim-90 has-background-dim\"><\/span><div class=\"wp-block-cover__inner-container is-layout-constrained wp-block-cover-is-layout-constrained\">\n<div class=\"wp-block-cover\"><img loading=\"lazy\" decoding=\"async\" width=\"905\" height=\"1024\" class=\"wp-block-cover__image-background wp-image-1234 size-large\" alt=\"\" src=\"https:\/\/aracnidatextil.com\/wp-content\/uploads\/2025\/05\/B596A1DA-B70C-49FB-9018-9821898AFD7C-905x1024.jpg\" data-object-fit=\"cover\" srcset=\"https:\/\/aracnidatextil.com\/wp-content\/uploads\/2025\/05\/B596A1DA-B70C-49FB-9018-9821898AFD7C-905x1024.jpg 905w, https:\/\/aracnidatextil.com\/wp-content\/uploads\/2025\/05\/B596A1DA-B70C-49FB-9018-9821898AFD7C-265x300.jpg 265w, https:\/\/aracnidatextil.com\/wp-content\/uploads\/2025\/05\/B596A1DA-B70C-49FB-9018-9821898AFD7C-768x869.jpg 768w, https:\/\/aracnidatextil.com\/wp-content\/uploads\/2025\/05\/B596A1DA-B70C-49FB-9018-9821898AFD7C-1357x1536.jpg 1357w, https:\/\/aracnidatextil.com\/wp-content\/uploads\/2025\/05\/B596A1DA-B70C-49FB-9018-9821898AFD7C-600x679.jpg 600w, https:\/\/aracnidatextil.com\/wp-content\/uploads\/2025\/05\/B596A1DA-B70C-49FB-9018-9821898AFD7C.jpg 1440w\" sizes=\"auto, (max-width: 905px) 100vw, 905px\" \/><span aria-hidden=\"true\" class=\"wp-block-cover__background has-ast-global-color-5-background-color has-background-dim-90 has-background-dim\"><\/span><div class=\"wp-block-cover__inner-container is-layout-constrained wp-block-cover-is-layout-constrained\">\n<div class=\"wp-block-group is-vertical is-layout-flex wp-container-core-group-is-layout-fe9cc265 wp-block-group-is-layout-flex\">\n<blockquote class=\"wp-block-quote is-style-plain is-layout-flow wp-block-quote-is-layout-flow\">\n<p><strong>Chakana \u2013 T\u00e9cnica de Urdimbres y Tramas Discontinuas<\/strong><\/p>\n\n\n\n<p><strong>Descripci\u00f3n: <\/strong><br>Esta pieza representa la <strong>Chakana<\/strong> o cruz andina, s\u00edmbolo fundamental en la cosmovisi\u00f3n de los Andes. Fue elaborada aplicando la t\u00e9cnica de <strong>urdimbres y tramas discontinuas<\/strong>, una de las tradiciones textiles m\u00e1s relevantes y sofisticadas de las culturas precolombinas. La obra fue desarrollada durante las clases en la instituci\u00f3n <em><strong>Arte Textil Pawllu<\/strong><\/em>, bajo la gu\u00eda de la maestra <strong>Mar\u00eda Victoria Carvajal<\/strong>.<\/p>\n\n\n\n<p><\/p>\n\n\n\n<ul class=\"wp-block-list\">\n<li>T\u00e9cnicas: Urdimbres y tramas discontinuas <\/li>\n\n\n\n<li>Fibras: alpaca<\/li>\n\n\n\n<li>Medidas: <\/li>\n\n\n\n<li>A\u00f1o: 2023<\/li>\n<\/ul>\n<\/blockquote>\n<\/div>\n<\/div><\/div>\n<\/div><\/div>\n\n\n\n<figure class=\"wp-block-gallery has-nested-images columns-6 is-cropped wp-block-gallery-1 is-layout-flex wp-block-gallery-is-layout-flex\">\n<figure class=\"wp-block-image size-full\"><a href=\"https:\/\/aracnidatextil.com\/wp-content\/uploads\/2025\/05\/F3721B4E-9E65-462E-A31D-BF8C664DDA8B.jpg\"><img loading=\"lazy\" decoding=\"async\" width=\"1440\" height=\"1794\" data-id=\"1236\" src=\"https:\/\/aracnidatextil.com\/wp-content\/uploads\/2025\/05\/F3721B4E-9E65-462E-A31D-BF8C664DDA8B.jpg\" alt=\"\" class=\"wp-image-1236\" srcset=\"https:\/\/aracnidatextil.com\/wp-content\/uploads\/2025\/05\/F3721B4E-9E65-462E-A31D-BF8C664DDA8B.jpg 1440w, https:\/\/aracnidatextil.com\/wp-content\/uploads\/2025\/05\/F3721B4E-9E65-462E-A31D-BF8C664DDA8B-241x300.jpg 241w, https:\/\/aracnidatextil.com\/wp-content\/uploads\/2025\/05\/F3721B4E-9E65-462E-A31D-BF8C664DDA8B-822x1024.jpg 822w, https:\/\/aracnidatextil.com\/wp-content\/uploads\/2025\/05\/F3721B4E-9E65-462E-A31D-BF8C664DDA8B-768x957.jpg 768w, https:\/\/aracnidatextil.com\/wp-content\/uploads\/2025\/05\/F3721B4E-9E65-462E-A31D-BF8C664DDA8B-1233x1536.jpg 1233w, https:\/\/aracnidatextil.com\/wp-content\/uploads\/2025\/05\/F3721B4E-9E65-462E-A31D-BF8C664DDA8B-600x748.jpg 600w\" sizes=\"auto, (max-width: 1440px) 100vw, 1440px\" \/><\/a><\/figure>\n\n\n\n<figure class=\"wp-block-image size-full\"><a href=\"https:\/\/aracnidatextil.com\/wp-content\/uploads\/2025\/05\/B596A1DA-B70C-49FB-9018-9821898AFD7C.jpg\"><img loading=\"lazy\" decoding=\"async\" width=\"1440\" height=\"1630\" data-id=\"1234\" src=\"https:\/\/aracnidatextil.com\/wp-content\/uploads\/2025\/05\/B596A1DA-B70C-49FB-9018-9821898AFD7C.jpg\" alt=\"\" class=\"wp-image-1234\" srcset=\"https:\/\/aracnidatextil.com\/wp-content\/uploads\/2025\/05\/B596A1DA-B70C-49FB-9018-9821898AFD7C.jpg 1440w, https:\/\/aracnidatextil.com\/wp-content\/uploads\/2025\/05\/B596A1DA-B70C-49FB-9018-9821898AFD7C-265x300.jpg 265w, https:\/\/aracnidatextil.com\/wp-content\/uploads\/2025\/05\/B596A1DA-B70C-49FB-9018-9821898AFD7C-905x1024.jpg 905w, https:\/\/aracnidatextil.com\/wp-content\/uploads\/2025\/05\/B596A1DA-B70C-49FB-9018-9821898AFD7C-768x869.jpg 768w, https:\/\/aracnidatextil.com\/wp-content\/uploads\/2025\/05\/B596A1DA-B70C-49FB-9018-9821898AFD7C-1357x1536.jpg 1357w, https:\/\/aracnidatextil.com\/wp-content\/uploads\/2025\/05\/B596A1DA-B70C-49FB-9018-9821898AFD7C-600x679.jpg 600w\" sizes=\"auto, (max-width: 1440px) 100vw, 1440px\" \/><\/a><\/figure>\n\n\n\n<figure class=\"wp-block-image size-full\"><a href=\"https:\/\/aracnidatextil.com\/wp-content\/uploads\/2025\/05\/E362FA5A-9090-4D9C-A16F-AF003EB5B8F4.jpg\"><img loading=\"lazy\" decoding=\"async\" width=\"1440\" height=\"1440\" data-id=\"1235\" src=\"https:\/\/aracnidatextil.com\/wp-content\/uploads\/2025\/05\/E362FA5A-9090-4D9C-A16F-AF003EB5B8F4.jpg\" alt=\"\" class=\"wp-image-1235\" srcset=\"https:\/\/aracnidatextil.com\/wp-content\/uploads\/2025\/05\/E362FA5A-9090-4D9C-A16F-AF003EB5B8F4.jpg 1440w, https:\/\/aracnidatextil.com\/wp-content\/uploads\/2025\/05\/E362FA5A-9090-4D9C-A16F-AF003EB5B8F4-300x300.jpg 300w, https:\/\/aracnidatextil.com\/wp-content\/uploads\/2025\/05\/E362FA5A-9090-4D9C-A16F-AF003EB5B8F4-1024x1024.jpg 1024w, https:\/\/aracnidatextil.com\/wp-content\/uploads\/2025\/05\/E362FA5A-9090-4D9C-A16F-AF003EB5B8F4-150x150.jpg 150w, https:\/\/aracnidatextil.com\/wp-content\/uploads\/2025\/05\/E362FA5A-9090-4D9C-A16F-AF003EB5B8F4-768x768.jpg 768w, https:\/\/aracnidatextil.com\/wp-content\/uploads\/2025\/05\/E362FA5A-9090-4D9C-A16F-AF003EB5B8F4-600x600.jpg 600w, https:\/\/aracnidatextil.com\/wp-content\/uploads\/2025\/05\/E362FA5A-9090-4D9C-A16F-AF003EB5B8F4-100x100.jpg 100w\" sizes=\"auto, (max-width: 1440px) 100vw, 1440px\" \/><\/a><\/figure>\n\n\n\n<figure class=\"wp-block-image size-full\"><a href=\"https:\/\/aracnidatextil.com\/wp-content\/uploads\/2025\/05\/B09A2440-35B8-4934-B3AE-1B0793F66795.jpg\"><img loading=\"lazy\" decoding=\"async\" width=\"1440\" height=\"1794\" data-id=\"1233\" src=\"https:\/\/aracnidatextil.com\/wp-content\/uploads\/2025\/05\/B09A2440-35B8-4934-B3AE-1B0793F66795.jpg\" alt=\"\" class=\"wp-image-1233\" srcset=\"https:\/\/aracnidatextil.com\/wp-content\/uploads\/2025\/05\/B09A2440-35B8-4934-B3AE-1B0793F66795.jpg 1440w, https:\/\/aracnidatextil.com\/wp-content\/uploads\/2025\/05\/B09A2440-35B8-4934-B3AE-1B0793F66795-241x300.jpg 241w, https:\/\/aracnidatextil.com\/wp-content\/uploads\/2025\/05\/B09A2440-35B8-4934-B3AE-1B0793F66795-822x1024.jpg 822w, https:\/\/aracnidatextil.com\/wp-content\/uploads\/2025\/05\/B09A2440-35B8-4934-B3AE-1B0793F66795-768x957.jpg 768w, https:\/\/aracnidatextil.com\/wp-content\/uploads\/2025\/05\/B09A2440-35B8-4934-B3AE-1B0793F66795-1233x1536.jpg 1233w, https:\/\/aracnidatextil.com\/wp-content\/uploads\/2025\/05\/B09A2440-35B8-4934-B3AE-1B0793F66795-600x748.jpg 600w\" sizes=\"auto, (max-width: 1440px) 100vw, 1440px\" \/><\/a><\/figure>\n\n\n\n<figure class=\"wp-block-image size-full\"><a href=\"https:\/\/aracnidatextil.com\/wp-content\/uploads\/2025\/08\/IMG_8760-scaled.jpg\"><img loading=\"lazy\" decoding=\"async\" width=\"1920\" height=\"2560\" data-id=\"2418\" src=\"https:\/\/aracnidatextil.com\/wp-content\/uploads\/2025\/08\/IMG_8760-scaled.jpg\" alt=\"\" class=\"wp-image-2418\" srcset=\"https:\/\/aracnidatextil.com\/wp-content\/uploads\/2025\/08\/IMG_8760-scaled.jpg 1920w, https:\/\/aracnidatextil.com\/wp-content\/uploads\/2025\/08\/IMG_8760-225x300.jpg 225w, https:\/\/aracnidatextil.com\/wp-content\/uploads\/2025\/08\/IMG_8760-768x1024.jpg 768w, https:\/\/aracnidatextil.com\/wp-content\/uploads\/2025\/08\/IMG_8760-1152x1536.jpg 1152w, https:\/\/aracnidatextil.com\/wp-content\/uploads\/2025\/08\/IMG_8760-1536x2048.jpg 1536w\" sizes=\"auto, (max-width: 1920px) 100vw, 1920px\" \/><\/a><\/figure>\n\n\n\n<figure class=\"wp-block-image size-full\"><a href=\"https:\/\/aracnidatextil.com\/wp-content\/uploads\/2025\/08\/IMG_8716-scaled.jpg\"><img loading=\"lazy\" decoding=\"async\" width=\"1920\" height=\"2560\" data-id=\"2419\" src=\"https:\/\/aracnidatextil.com\/wp-content\/uploads\/2025\/08\/IMG_8716-scaled.jpg\" alt=\"\" class=\"wp-image-2419\" srcset=\"https:\/\/aracnidatextil.com\/wp-content\/uploads\/2025\/08\/IMG_8716-scaled.jpg 1920w, https:\/\/aracnidatextil.com\/wp-content\/uploads\/2025\/08\/IMG_8716-225x300.jpg 225w, https:\/\/aracnidatextil.com\/wp-content\/uploads\/2025\/08\/IMG_8716-768x1024.jpg 768w, https:\/\/aracnidatextil.com\/wp-content\/uploads\/2025\/08\/IMG_8716-1152x1536.jpg 1152w, https:\/\/aracnidatextil.com\/wp-content\/uploads\/2025\/08\/IMG_8716-1536x2048.jpg 1536w\" sizes=\"auto, (max-width: 1920px) 100vw, 1920px\" \/><\/a><\/figure>\n<\/figure>\n","protected":false},"excerpt":{"rendered":"","protected":false},"author":1,"featured_media":0,"parent":0,"menu_order":0,"comment_status":"closed","ping_status":"closed","template":"","meta":{"site-sidebar-layout":"default","site-content-layout":"","ast-site-content-layout":"default","site-content-style":"default","site-sidebar-style":"default","ast-global-header-display":"","ast-banner-title-visibility":"","ast-main-header-display":"","ast-hfb-above-header-display":"","ast-hfb-below-header-display":"","ast-hfb-mobile-header-display":"","site-post-title":"","ast-breadcrumbs-content":"","ast-featured-img":"","footer-sml-layout":"","ast-disable-related-posts":"","theme-transparent-header-meta":"","adv-header-id-meta":"","stick-header-meta":"","header-above-stick-meta":"","header-main-stick-meta":"","header-below-stick-meta":"","astra-migrate-meta-layouts":"set","ast-page-background-enabled":"default","ast-page-background-meta":{"desktop":{"background-color":"var(--ast-global-color-4)","background-image":"","background-repeat":"repeat","background-position":"center center","background-size":"auto","background-attachment":"scroll","background-type":"","background-media":"","overlay-type":"","overlay-color":"","overlay-opacity":"","overlay-gradient":""},"tablet":{"background-color":"","background-image":"","background-repeat":"repeat","background-position":"center center","background-size":"auto","background-attachment":"scroll","background-type":"","background-media":"","overlay-type":"","overlay-color":"","overlay-opacity":"","overlay-gradient":""},"mobile":{"background-color":"","background-image":"","background-repeat":"repeat","background-position":"center center","background-size":"auto","background-attachment":"scroll","background-type":"","background-media":"","overlay-type":"","overlay-color":"","overlay-opacity":"","overlay-gradient":""}},"ast-content-background-meta":{"desktop":{"background-color":"var(--ast-global-color-5)","background-image":"","background-repeat":"repeat","background-position":"center center","background-size":"auto","background-attachment":"scroll","background-type":"","background-media":"","overlay-type":"","overlay-color":"","overlay-opacity":"","overlay-gradient":""},"tablet":{"background-color":"var(--ast-global-color-5)","background-image":"","background-repeat":"repeat","background-position":"center center","background-size":"auto","background-attachment":"scroll","background-type":"","background-media":"","overlay-type":"","overlay-color":"","overlay-opacity":"","overlay-gradient":""},"mobile":{"background-color":"var(--ast-global-color-5)","background-image":"","background-repeat":"repeat","background-position":"center center","background-size":"auto","background-attachment":"scroll","background-type":"","background-media":"","overlay-type":"","overlay-color":"","overlay-opacity":"","overlay-gradient":""}},"footnotes":""},"class_list":["post-2416","page","type-page","status-publish","hentry"],"aioseo_notices":[],"_links":{"self":[{"href":"https:\/\/aracnidatextil.com\/index.php?rest_route=\/wp\/v2\/pages\/2416","targetHints":{"allow":["GET"]}}],"collection":[{"href":"https:\/\/aracnidatextil.com\/index.php?rest_route=\/wp\/v2\/pages"}],"about":[{"href":"https:\/\/aracnidatextil.com\/index.php?rest_route=\/wp\/v2\/types\/page"}],"author":[{"embeddable":true,"href":"https:\/\/aracnidatextil.com\/index.php?rest_route=\/wp\/v2\/users\/1"}],"replies":[{"embeddable":true,"href":"https:\/\/aracnidatextil.com\/index.php?rest_route=%2Fwp%2Fv2%2Fcomments&post=2416"}],"version-history":[{"count":1,"href":"https:\/\/aracnidatextil.com\/index.php?rest_route=\/wp\/v2\/pages\/2416\/revisions"}],"predecessor-version":[{"id":2421,"href":"https:\/\/aracnidatextil.com\/index.php?rest_route=\/wp\/v2\/pages\/2416\/revisions\/2421"}],"wp:attachment":[{"href":"https:\/\/aracnidatextil.com\/index.php?rest_route=%2Fwp%2Fv2%2Fmedia&parent=2416"}],"curies":[{"name":"wp","href":"https:\/\/api.w.org\/{rel}","templated":true}]}}