{"id":2424,"date":"2025-08-15T16:08:10","date_gmt":"2025-08-15T16:08:10","guid":{"rendered":"https:\/\/aracnidatextil.com\/?page_id=2424"},"modified":"2025-08-15T16:08:10","modified_gmt":"2025-08-15T16:08:10","slug":"waraka-diseno-ave","status":"publish","type":"page","link":"https:\/\/aracnidatextil.com\/?page_id=2424","title":{"rendered":"Warak&#8217;a dise\u00f1o ave"},"content":{"rendered":"\n<hr class=\"wp-block-separator has-text-color has-alpha-channel-opacity has-background is-style-wide\" style=\"background-color:#7e2828;color:#7e2828\"\/>\n\n\n\n<div class=\"wp-block-group is-layout-constrained wp-block-group-is-layout-constrained\">\n<div class=\"alignnormal\"><div id=\"metaslider-id-1515\" style=\"width: 100%;\" class=\"ml-slider-3-108-0 metaslider metaslider-flex metaslider-1515 ml-slider has-dots-nav has-carousel-mode ms-theme-clarity\" role=\"region\" aria-label=\"New Slideshow\" data-height=\"400\" data-width=\"300\">\n    <div id=\"metaslider_container_1515\">\n        <div id=\"metaslider_1515\">\n            <ul class='slides'>\n                <li style=\"display: none; width: 100%;\" class=\"slide-1516 ms-image \" aria-roledescription=\"slide\" data-date=\"2025-05-22 14:57:42\" data-filename=\"6-1-scaled-300x400.jpg\" data-slide-type=\"image\"><img loading=\"lazy\" decoding=\"async\" src=\"https:\/\/aracnidatextil.com\/wp-content\/uploads\/2025\/05\/6-1-scaled-300x400.jpg\" height=\"400\" width=\"300\" alt=\"\" class=\"slider-1515 slide-1516 msDefaultImage\" title=\"6\" \/><\/li>\n                <li style=\"display: none; width: 100%;\" class=\"slide-1517 ms-image \" aria-roledescription=\"slide\" data-date=\"2025-05-22 14:57:42\" data-filename=\"5-2-scaled-300x400.jpg\" data-slide-type=\"image\"><img loading=\"lazy\" decoding=\"async\" src=\"https:\/\/aracnidatextil.com\/wp-content\/uploads\/2025\/05\/5-2-scaled-300x400.jpg\" height=\"400\" width=\"300\" alt=\"\" class=\"slider-1515 slide-1517 msDefaultImage\" title=\"5\" \/><\/li>\n                <li style=\"display: none; width: 100%;\" class=\"slide-1518 ms-image \" aria-roledescription=\"slide\" data-date=\"2025-05-22 14:57:42\" data-filename=\"4-2-scaled-300x400.jpg\" data-slide-type=\"image\"><img loading=\"lazy\" decoding=\"async\" src=\"https:\/\/aracnidatextil.com\/wp-content\/uploads\/2025\/05\/4-2-scaled-300x400.jpg\" height=\"400\" width=\"300\" alt=\"\" class=\"slider-1515 slide-1518 msDefaultImage\" title=\"4\" \/><\/li>\n                <li style=\"display: none; width: 100%;\" class=\"slide-1519 ms-image \" aria-roledescription=\"slide\" data-date=\"2025-05-22 14:57:42\" data-filename=\"3-2-scaled-300x400.jpg\" data-slide-type=\"image\"><img loading=\"lazy\" decoding=\"async\" src=\"https:\/\/aracnidatextil.com\/wp-content\/uploads\/2025\/05\/3-2-scaled-300x400.jpg\" height=\"400\" width=\"300\" alt=\"\" class=\"slider-1515 slide-1519 msDefaultImage\" title=\"3\" \/><\/li>\n                <li style=\"display: none; width: 100%;\" class=\"slide-1520 ms-image \" aria-roledescription=\"slide\" data-date=\"2025-05-22 14:57:42\" data-filename=\"2-2-scaled-300x400.jpg\" data-slide-type=\"image\"><img loading=\"lazy\" decoding=\"async\" src=\"https:\/\/aracnidatextil.com\/wp-content\/uploads\/2025\/05\/2-2-scaled-300x400.jpg\" height=\"400\" width=\"300\" alt=\"\" class=\"slider-1515 slide-1520 msDefaultImage\" title=\"2\" \/><\/li>\n                <li style=\"display: none; width: 100%;\" class=\"slide-1521 ms-image \" aria-roledescription=\"slide\" data-date=\"2025-05-22 14:57:42\" data-filename=\"1-2-scaled-300x400.jpg\" data-slide-type=\"image\"><img loading=\"lazy\" decoding=\"async\" src=\"https:\/\/aracnidatextil.com\/wp-content\/uploads\/2025\/05\/1-2-scaled-300x400.jpg\" height=\"400\" width=\"300\" alt=\"\" class=\"slider-1515 slide-1521 msDefaultImage\" title=\"1\" \/><\/li>\n            <\/ul>\n        <\/div>\n        \n    <\/div>\n<\/div><\/div>\n<\/div>\n\n\n\n<div class=\"wp-block-cover\" style=\"min-height:579px;aspect-ratio:unset;\"><span aria-hidden=\"true\" class=\"wp-block-cover__background has-ast-global-color-5-background-color has-background-dim-90 has-background-dim\"><\/span><div class=\"wp-block-cover__inner-container is-layout-constrained wp-block-cover-is-layout-constrained\">\n<div class=\"wp-block-cover\"><img loading=\"lazy\" decoding=\"async\" width=\"768\" height=\"1024\" class=\"wp-block-cover__image-background wp-image-1245 size-large\" alt=\"\" src=\"https:\/\/aracnidatextil.com\/wp-content\/uploads\/2025\/05\/IMG_1024-768x1024.jpg\" data-object-fit=\"cover\" srcset=\"https:\/\/aracnidatextil.com\/wp-content\/uploads\/2025\/05\/IMG_1024-768x1024.jpg 768w, https:\/\/aracnidatextil.com\/wp-content\/uploads\/2025\/05\/IMG_1024-225x300.jpg 225w, https:\/\/aracnidatextil.com\/wp-content\/uploads\/2025\/05\/IMG_1024-1152x1536.jpg 1152w, https:\/\/aracnidatextil.com\/wp-content\/uploads\/2025\/05\/IMG_1024-1536x2048.jpg 1536w, https:\/\/aracnidatextil.com\/wp-content\/uploads\/2025\/05\/IMG_1024-600x800.jpg 600w, https:\/\/aracnidatextil.com\/wp-content\/uploads\/2025\/05\/IMG_1024-scaled.jpg 1920w\" sizes=\"auto, (max-width: 768px) 100vw, 768px\" \/><span aria-hidden=\"true\" class=\"wp-block-cover__background has-ast-global-color-5-background-color has-background-dim-90 has-background-dim\"><\/span><div class=\"wp-block-cover__inner-container is-layout-constrained wp-block-cover-is-layout-constrained\">\n<div class=\"wp-block-group is-vertical is-layout-flex wp-container-core-group-is-layout-fe9cc265 wp-block-group-is-layout-flex\">\n<blockquote class=\"wp-block-quote is-style-plain is-layout-flow wp-block-quote-is-layout-flow\">\n<p><strong>Warak&#8217;a dise\u00f1o ave<\/strong><\/p>\n\n\n\n<p><strong>Descripci\u00f3n: <\/strong><br>Esta pieza es una r\u00e9plica inspirada en un textil posiblemente perteneciente a la cultura Chancay o Chim\u00fa, ambas de gran relevancia en el antiguo Per\u00fa. La obra original pertenece a una colecci\u00f3n privada y presenta una elaboraci\u00f3n con la t\u00e9cnica de <strong>trama envolvente<\/strong>, un m\u00e9todo poco estudiado y desarrollado en la actualidad. Su iconograf\u00eda est\u00e1 compuesta por figuras de aves, un motivo recurrente en los textiles de ambas culturas, que refleja la estrecha relaci\u00f3n de estas sociedades con su entorno natural y su simbolismo.<\/p>\n\n\n\n<p><\/p>\n\n\n\n<ul class=\"wp-block-list\">\n<li>T\u00e9cnicas: Trama envolvente <\/li>\n\n\n\n<li>Fibras: Algod\u00f3n y yute<\/li>\n\n\n\n<li>Medidas: <\/li>\n\n\n\n<li>A\u00f1o: 2024<\/li>\n<\/ul>\n<\/blockquote>\n<\/div>\n<\/div><\/div>\n<\/div><\/div>\n\n\n\n<figure class=\"wp-block-gallery has-nested-images columns-6 is-cropped wp-block-gallery-1 is-layout-flex wp-block-gallery-is-layout-flex\">\n<figure class=\"wp-block-image size-full\"><a href=\"https:\/\/aracnidatextil.com\/wp-content\/uploads\/2025\/05\/1-1-scaled.jpg\"><img loading=\"lazy\" decoding=\"async\" width=\"2560\" height=\"1920\" data-id=\"1249\" src=\"https:\/\/aracnidatextil.com\/wp-content\/uploads\/2025\/05\/1-1-scaled.jpg\" alt=\"\" class=\"wp-image-1249\" srcset=\"https:\/\/aracnidatextil.com\/wp-content\/uploads\/2025\/05\/1-1-scaled.jpg 2560w, https:\/\/aracnidatextil.com\/wp-content\/uploads\/2025\/05\/1-1-300x225.jpg 300w, https:\/\/aracnidatextil.com\/wp-content\/uploads\/2025\/05\/1-1-1024x768.jpg 1024w, https:\/\/aracnidatextil.com\/wp-content\/uploads\/2025\/05\/1-1-768x576.jpg 768w, https:\/\/aracnidatextil.com\/wp-content\/uploads\/2025\/05\/1-1-1536x1152.jpg 1536w, https:\/\/aracnidatextil.com\/wp-content\/uploads\/2025\/05\/1-1-2048x1536.jpg 2048w, https:\/\/aracnidatextil.com\/wp-content\/uploads\/2025\/05\/1-1-600x450.jpg 600w\" sizes=\"auto, (max-width: 2560px) 100vw, 2560px\" \/><\/a><\/figure>\n\n\n\n<figure class=\"wp-block-image size-full\"><a href=\"https:\/\/aracnidatextil.com\/wp-content\/uploads\/2025\/05\/3-1-scaled.jpg\"><img loading=\"lazy\" decoding=\"async\" width=\"2560\" height=\"1920\" data-id=\"1251\" src=\"https:\/\/aracnidatextil.com\/wp-content\/uploads\/2025\/05\/3-1-scaled.jpg\" alt=\"\" class=\"wp-image-1251\" srcset=\"https:\/\/aracnidatextil.com\/wp-content\/uploads\/2025\/05\/3-1-scaled.jpg 2560w, https:\/\/aracnidatextil.com\/wp-content\/uploads\/2025\/05\/3-1-300x225.jpg 300w, https:\/\/aracnidatextil.com\/wp-content\/uploads\/2025\/05\/3-1-1024x768.jpg 1024w, https:\/\/aracnidatextil.com\/wp-content\/uploads\/2025\/05\/3-1-768x576.jpg 768w, https:\/\/aracnidatextil.com\/wp-content\/uploads\/2025\/05\/3-1-1536x1152.jpg 1536w, https:\/\/aracnidatextil.com\/wp-content\/uploads\/2025\/05\/3-1-2048x1536.jpg 2048w, https:\/\/aracnidatextil.com\/wp-content\/uploads\/2025\/05\/3-1-600x450.jpg 600w\" sizes=\"auto, (max-width: 2560px) 100vw, 2560px\" \/><\/a><\/figure>\n\n\n\n<figure class=\"wp-block-image size-full\"><a href=\"https:\/\/aracnidatextil.com\/wp-content\/uploads\/2025\/05\/IMG_1031-scaled.jpg\"><img loading=\"lazy\" decoding=\"async\" width=\"1920\" height=\"2560\" data-id=\"1248\" src=\"https:\/\/aracnidatextil.com\/wp-content\/uploads\/2025\/05\/IMG_1031-scaled.jpg\" alt=\"\" class=\"wp-image-1248\" srcset=\"https:\/\/aracnidatextil.com\/wp-content\/uploads\/2025\/05\/IMG_1031-scaled.jpg 1920w, https:\/\/aracnidatextil.com\/wp-content\/uploads\/2025\/05\/IMG_1031-225x300.jpg 225w, https:\/\/aracnidatextil.com\/wp-content\/uploads\/2025\/05\/IMG_1031-768x1024.jpg 768w, https:\/\/aracnidatextil.com\/wp-content\/uploads\/2025\/05\/IMG_1031-1152x1536.jpg 1152w, https:\/\/aracnidatextil.com\/wp-content\/uploads\/2025\/05\/IMG_1031-1536x2048.jpg 1536w, https:\/\/aracnidatextil.com\/wp-content\/uploads\/2025\/05\/IMG_1031-600x800.jpg 600w\" sizes=\"auto, (max-width: 1920px) 100vw, 1920px\" \/><\/a><\/figure>\n\n\n\n<figure class=\"wp-block-image size-full\"><a href=\"https:\/\/aracnidatextil.com\/wp-content\/uploads\/2025\/05\/IMG_1029-scaled.jpg\"><img loading=\"lazy\" decoding=\"async\" width=\"1920\" height=\"2560\" data-id=\"1247\" src=\"https:\/\/aracnidatextil.com\/wp-content\/uploads\/2025\/05\/IMG_1029-scaled.jpg\" alt=\"\" class=\"wp-image-1247\" srcset=\"https:\/\/aracnidatextil.com\/wp-content\/uploads\/2025\/05\/IMG_1029-scaled.jpg 1920w, https:\/\/aracnidatextil.com\/wp-content\/uploads\/2025\/05\/IMG_1029-225x300.jpg 225w, https:\/\/aracnidatextil.com\/wp-content\/uploads\/2025\/05\/IMG_1029-768x1024.jpg 768w, https:\/\/aracnidatextil.com\/wp-content\/uploads\/2025\/05\/IMG_1029-1152x1536.jpg 1152w, https:\/\/aracnidatextil.com\/wp-content\/uploads\/2025\/05\/IMG_1029-1536x2048.jpg 1536w, https:\/\/aracnidatextil.com\/wp-content\/uploads\/2025\/05\/IMG_1029-600x800.jpg 600w\" sizes=\"auto, (max-width: 1920px) 100vw, 1920px\" \/><\/a><\/figure>\n\n\n\n<figure class=\"wp-block-image size-full\"><a href=\"https:\/\/aracnidatextil.com\/wp-content\/uploads\/2025\/08\/IMG_3745-scaled.jpg\"><img loading=\"lazy\" decoding=\"async\" width=\"1707\" height=\"2560\" data-id=\"2426\" src=\"https:\/\/aracnidatextil.com\/wp-content\/uploads\/2025\/08\/IMG_3745-scaled.jpg\" alt=\"\" class=\"wp-image-2426\" srcset=\"https:\/\/aracnidatextil.com\/wp-content\/uploads\/2025\/08\/IMG_3745-scaled.jpg 1707w, https:\/\/aracnidatextil.com\/wp-content\/uploads\/2025\/08\/IMG_3745-200x300.jpg 200w, https:\/\/aracnidatextil.com\/wp-content\/uploads\/2025\/08\/IMG_3745-683x1024.jpg 683w, https:\/\/aracnidatextil.com\/wp-content\/uploads\/2025\/08\/IMG_3745-768x1152.jpg 768w, https:\/\/aracnidatextil.com\/wp-content\/uploads\/2025\/08\/IMG_3745-1024x1536.jpg 1024w, https:\/\/aracnidatextil.com\/wp-content\/uploads\/2025\/08\/IMG_3745-1365x2048.jpg 1365w\" sizes=\"auto, (max-width: 1707px) 100vw, 1707px\" \/><\/a><\/figure>\n\n\n\n<figure class=\"wp-block-image size-full\"><a href=\"https:\/\/aracnidatextil.com\/wp-content\/uploads\/2025\/08\/WhatsApp-Image-2024-10-30-at-6.37.46-PM.jpeg\"><img loading=\"lazy\" decoding=\"async\" width=\"1200\" height=\"1600\" data-id=\"2425\" src=\"https:\/\/aracnidatextil.com\/wp-content\/uploads\/2025\/08\/WhatsApp-Image-2024-10-30-at-6.37.46-PM.jpeg\" alt=\"\" class=\"wp-image-2425\" srcset=\"https:\/\/aracnidatextil.com\/wp-content\/uploads\/2025\/08\/WhatsApp-Image-2024-10-30-at-6.37.46-PM.jpeg 1200w, https:\/\/aracnidatextil.com\/wp-content\/uploads\/2025\/08\/WhatsApp-Image-2024-10-30-at-6.37.46-PM-225x300.jpeg 225w, https:\/\/aracnidatextil.com\/wp-content\/uploads\/2025\/08\/WhatsApp-Image-2024-10-30-at-6.37.46-PM-768x1024.jpeg 768w, https:\/\/aracnidatextil.com\/wp-content\/uploads\/2025\/08\/WhatsApp-Image-2024-10-30-at-6.37.46-PM-1152x1536.jpeg 1152w\" sizes=\"auto, (max-width: 1200px) 100vw, 1200px\" \/><\/a><\/figure>\n<\/figure>\n\n\n\n<p><\/p>\n","protected":false},"excerpt":{"rendered":"","protected":false},"author":1,"featured_media":0,"parent":0,"menu_order":0,"comment_status":"closed","ping_status":"closed","template":"","meta":{"site-sidebar-layout":"default","site-content-layout":"","ast-site-content-layout":"default","site-content-style":"default","site-sidebar-style":"default","ast-global-header-display":"","ast-banner-title-visibility":"","ast-main-header-display":"","ast-hfb-above-header-display":"","ast-hfb-below-header-display":"","ast-hfb-mobile-header-display":"","site-post-title":"","ast-breadcrumbs-content":"","ast-featured-img":"","footer-sml-layout":"","ast-disable-related-posts":"","theme-transparent-header-meta":"","adv-header-id-meta":"","stick-header-meta":"","header-above-stick-meta":"","header-main-stick-meta":"","header-below-stick-meta":"","astra-migrate-meta-layouts":"set","ast-page-background-enabled":"default","ast-page-background-meta":{"desktop":{"background-color":"var(--ast-global-color-4)","background-image":"","background-repeat":"repeat","background-position":"center center","background-size":"auto","background-attachment":"scroll","background-type":"","background-media":"","overlay-type":"","overlay-color":"","overlay-opacity":"","overlay-gradient":""},"tablet":{"background-color":"","background-image":"","background-repeat":"repeat","background-position":"center center","background-size":"auto","background-attachment":"scroll","background-type":"","background-media":"","overlay-type":"","overlay-color":"","overlay-opacity":"","overlay-gradient":""},"mobile":{"background-color":"","background-image":"","background-repeat":"repeat","background-position":"center center","background-size":"auto","background-attachment":"scroll","background-type":"","background-media":"","overlay-type":"","overlay-color":"","overlay-opacity":"","overlay-gradient":""}},"ast-content-background-meta":{"desktop":{"background-color":"var(--ast-global-color-5)","background-image":"","background-repeat":"repeat","background-position":"center center","background-size":"auto","background-attachment":"scroll","background-type":"","background-media":"","overlay-type":"","overlay-color":"","overlay-opacity":"","overlay-gradient":""},"tablet":{"background-color":"var(--ast-global-color-5)","background-image":"","background-repeat":"repeat","background-position":"center center","background-size":"auto","background-attachment":"scroll","background-type":"","background-media":"","overlay-type":"","overlay-color":"","overlay-opacity":"","overlay-gradient":""},"mobile":{"background-color":"var(--ast-global-color-5)","background-image":"","background-repeat":"repeat","background-position":"center center","background-size":"auto","background-attachment":"scroll","background-type":"","background-media":"","overlay-type":"","overlay-color":"","overlay-opacity":"","overlay-gradient":""}},"footnotes":""},"class_list":["post-2424","page","type-page","status-publish","hentry"],"aioseo_notices":[],"_links":{"self":[{"href":"https:\/\/aracnidatextil.com\/index.php?rest_route=\/wp\/v2\/pages\/2424","targetHints":{"allow":["GET"]}}],"collection":[{"href":"https:\/\/aracnidatextil.com\/index.php?rest_route=\/wp\/v2\/pages"}],"about":[{"href":"https:\/\/aracnidatextil.com\/index.php?rest_route=\/wp\/v2\/types\/page"}],"author":[{"embeddable":true,"href":"https:\/\/aracnidatextil.com\/index.php?rest_route=\/wp\/v2\/users\/1"}],"replies":[{"embeddable":true,"href":"https:\/\/aracnidatextil.com\/index.php?rest_route=%2Fwp%2Fv2%2Fcomments&post=2424"}],"version-history":[{"count":1,"href":"https:\/\/aracnidatextil.com\/index.php?rest_route=\/wp\/v2\/pages\/2424\/revisions"}],"predecessor-version":[{"id":2428,"href":"https:\/\/aracnidatextil.com\/index.php?rest_route=\/wp\/v2\/pages\/2424\/revisions\/2428"}],"wp:attachment":[{"href":"https:\/\/aracnidatextil.com\/index.php?rest_route=%2Fwp%2Fv2%2Fmedia&parent=2424"}],"curies":[{"name":"wp","href":"https:\/\/api.w.org\/{rel}","templated":true}]}}