{"id":348,"date":"2022-12-03T05:46:13","date_gmt":"2022-12-03T05:46:13","guid":{"rendered":"http:\/\/aracnidatextil.com\/?page_id=348"},"modified":"2025-10-19T11:39:26","modified_gmt":"2025-10-19T11:39:26","slug":"gjgjggkg","status":"publish","type":"page","link":"https:\/\/aracnidatextil.com\/?page_id=348","title":{"rendered":"TRENZADO PARA CABELLO \ud83c\udf3f"},"content":{"rendered":"\n<div class=\"inherit-container-width wp-block-group caja-curso is-layout-constrained wp-block-group-is-layout-constrained\">\n<h2 class=\"wp-block-heading\"><strong><strong>TALLERES DE PIEZAS TEXTILES <\/strong><\/strong><\/h2>\n\n\n\n<p><\/p>\n\n\n\n<hr class=\"wp-block-separator has-text-color has-alpha-channel-opacity has-background is-style-wide\" style=\"margin-top:var(--wp--preset--spacing--50);margin-bottom:var(--wp--preset--spacing--50);background-color:#9b3231;color:#9b3231\"\/>\n\n\n\n<div class=\"wp-block-media-text is-stacked-on-mobile\"><figure class=\"wp-block-media-text__media\"><a href=\"https:\/\/aracnidatextil.com\/?attachment_id=1642\"><img loading=\"lazy\" decoding=\"async\" width=\"957\" height=\"998\" src=\"https:\/\/aracnidatextil.com\/wp-content\/uploads\/2025\/06\/pw3.png\" alt=\"\" class=\"wp-image-1642 size-full\" srcset=\"https:\/\/aracnidatextil.com\/wp-content\/uploads\/2025\/06\/pw3.png 957w, https:\/\/aracnidatextil.com\/wp-content\/uploads\/2025\/06\/pw3-288x300.png 288w, https:\/\/aracnidatextil.com\/wp-content\/uploads\/2025\/06\/pw3-768x801.png 768w\" sizes=\"auto, (max-width: 957px) 100vw, 957px\" \/><\/a><\/figure><div class=\"wp-block-media-text__content\"><h5 class=\"wp-block-post-title\">TRENZADO PARA CABELLO \ud83c\udf3f<\/h5>\n\n\n<p><em>Taller para la creaci\u00f3n de un adorno para el cabello con la t\u00e9cnica de entrelazado oblicuo y terminaciones andinas <\/em><\/p>\n\n\n\n<div class=\"wp-block-group is-content-justification-left is-layout-constrained wp-container-core-group-is-layout-12dd3699 wp-block-group-is-layout-constrained\">\n<div class=\"wp-block-buttons is-layout-flex wp-block-buttons-is-layout-flex\">\n<div class=\"wp-block-button\"><a class=\"wp-block-button__link wp-element-button\" href=\"https:\/\/drive.google.com\/file\/d\/1Zr5PTniaOovc_1kv_3k4qTdbqOL0_RMt\/view?usp=sharing\">INFORMACI\u00d3N<\/a><\/div>\n<\/div>\n<\/div>\n<\/div><\/div>\n\n\n\n<hr class=\"wp-block-separator has-text-color has-alpha-channel-opacity has-background is-style-wide\" style=\"margin-top:var(--wp--preset--spacing--50);margin-bottom:var(--wp--preset--spacing--50);background-color:#9b3231;color:#9b3231\"\/>\n\n\n\n<div class=\"wp-block-media-text is-stacked-on-mobile\"><figure class=\"wp-block-media-text__media\"><img loading=\"lazy\" decoding=\"async\" width=\"957\" height=\"998\" src=\"https:\/\/aracnidatextil.com\/wp-content\/uploads\/2025\/06\/warakas.png\" alt=\"\" class=\"wp-image-1651 size-full\" srcset=\"https:\/\/aracnidatextil.com\/wp-content\/uploads\/2025\/06\/warakas.png 957w, https:\/\/aracnidatextil.com\/wp-content\/uploads\/2025\/06\/warakas-288x300.png 288w, https:\/\/aracnidatextil.com\/wp-content\/uploads\/2025\/06\/warakas-768x801.png 768w\" sizes=\"auto, (max-width: 957px) 100vw, 957px\" \/><\/figure><div class=\"wp-block-media-text__content\">\n<h5 class=\"wp-block-heading\">WARAK&#8217;A PREHISP\u00c1NICA &#8211; DISE\u00d1O AVE \ud83e\udd85<\/h5>\n\n\n\n<p><em>Taller de r\u00e9plica de Warak&#8217;a con tres t\u00e9cnicas textiles: Cordoner\u00eda simple, faz de trama y trama envolvente.<\/em><\/p>\n\n\n\n<div class=\"wp-block-buttons is-layout-flex wp-block-buttons-is-layout-flex\">\n<div class=\"wp-block-button\"><a class=\"wp-block-button__link wp-element-button\">INFORMACI\u00d3N<\/a><\/div>\n<\/div>\n<\/div><\/div>\n\n\n\n<p><\/p>\n\n\n\n<p><\/p>\n\n\n\n<hr class=\"wp-block-separator alignwide has-text-color has-alpha-channel-opacity has-background is-style-wide\" style=\"margin-top:var(--wp--preset--spacing--50);margin-bottom:var(--wp--preset--spacing--50);background-color:#9b3231;color:#9b3231\"\/>\n\n\n\n<h5 class=\"wp-block-heading\"><strong>Datos generales:<\/strong> <\/h5>\n\n\n\n<p><strong>Inicio:<\/strong> 6 de enero<\/p>\n\n\n\n<p><strong>Duraci\u00f3n:<\/strong> 4 horas (2 sesiones)<\/p>\n\n\n\n<p><strong>Fechas de las sesiones:<\/strong><\/p>\n\n\n\n<p><strong>Horario<\/strong>:<\/p>\n\n\n\n<p><strong>Modalidad<\/strong>: Virtual<\/p>\n\n\n\n<hr class=\"wp-block-separator alignwide has-text-color has-alpha-channel-opacity has-background is-style-wide\" style=\"margin-top:var(--wp--preset--spacing--50);margin-bottom:var(--wp--preset--spacing--50);background-color:#9b3231;color:#9b3231\"\/>\n\n\n\n<div class=\"inherit-container-width wp-block-group alignwide is-layout-constrained wp-block-group-is-layout-constrained\">\n<h5 class=\"wp-block-heading\"><strong>did\u00e1ctica<\/strong><\/h5>\n\n\n\n<div class=\"inherit-container-width wp-block-group is-layout-constrained wp-block-group-is-layout-constrained\">\n<p><strong>Qu\u00e9 aprender\u00e1s<\/strong><\/p>\n\n\n\n<ul class=\"wp-block-list\">\n<li>Dise\u00f1os mayu\/rio<\/li>\n\n\n\n<li>Dise\u00f1os qenqo\/laberinto<\/li>\n\n\n\n<li>Dise\u00f1os  kuti\/ volver<\/li>\n\n\n\n<li>Dise\u00f1o chaska con l\u00edneas verticales<\/li>\n\n\n\n<li>Empleo de 16 y 24 hilos al tejer<\/li>\n<\/ul>\n\n\n\n<p><strong>Qu\u00e9 necesitas<\/strong><\/p>\n\n\n\n<ul class=\"wp-block-list\">\n<li>Hilos (lanas, algod\u00f3n, sint\u00e9tico, etc.). Colores diferentes, 2 o 3 mil\u00edmetros de grosor.<\/li>\n\n\n\n<li>Cinta m\u00e9trica (opcional).<\/li>\n<\/ul>\n\n\n\n<p> <strong>Recursos did\u00e1cticos: <\/strong>Clases grabadas, videos adicionales, manuales y bibliograf\u00eda complementaria.<\/p>\n<\/div>\n\n\n\n<hr class=\"wp-block-separator alignwide has-text-color has-alpha-channel-opacity has-background is-style-wide\" style=\"margin-top:var(--wp--preset--spacing--50);margin-bottom:var(--wp--preset--spacing--50);background-color:#9b3231;color:#9b3231\"\/>\n<\/div>\n\n\n\n<h5 class=\"wp-block-heading\"><strong>Inscripci\u00f3n<\/strong><\/h5>\n\n\n\n<p><strong>Inversi\u00f3n:<\/strong><\/p>\n\n\n\n<ul class=\"wp-block-list\">\n<li>120 Soles (Per\u00fa)<\/li>\n\n\n\n<li>35 mil pesos (Chile)<\/li>\n\n\n\n<li>30 d\u00f3lares, otros pa\u00edses (Incluye comisi\u00f3n)<\/li>\n<\/ul>\n\n\n\n<p><strong>Modo de pago:<\/strong><\/p>\n<\/div>\n\n\n\n<div class=\"wp-block-buttons is-content-justification-center is-layout-flex wp-container-core-buttons-is-layout-a89b3969 wp-block-buttons-is-layout-flex\">\n<div class=\"wp-block-button boton-regresar-talleres\"><a class=\"wp-block-button__link wp-element-button\" href=\"https:\/\/aracnidatextil.com\/?page_id=14\">Regresar a talleres<\/a><\/div>\n<\/div>\n","protected":false},"excerpt":{"rendered":"<p>TALLERES DE PIEZAS TEXTILES Taller para la creaci\u00f3n de un adorno para el cabello con la t\u00e9cnica de entrelazado oblicuo y terminaciones andinas WARAK&#8217;A PREHISP\u00c1NICA &#8211; DISE\u00d1O AVE \ud83e\udd85 Taller de r\u00e9plica de Warak&#8217;a con tres t\u00e9cnicas textiles: Cordoner\u00eda simple, faz de trama y trama envolvente. Datos generales: Inicio: 6 de enero Duraci\u00f3n: 4 horas [&hellip;]<\/p>\n","protected":false},"author":1,"featured_media":0,"parent":0,"menu_order":0,"comment_status":"closed","ping_status":"closed","template":"","meta":{"site-sidebar-layout":"default","site-content-layout":"","ast-site-content-layout":"default","site-content-style":"default","site-sidebar-style":"default","ast-global-header-display":"","ast-banner-title-visibility":"","ast-main-header-display":"","ast-hfb-above-header-display":"","ast-hfb-below-header-display":"","ast-hfb-mobile-header-display":"","site-post-title":"disabled","ast-breadcrumbs-content":"","ast-featured-img":"","footer-sml-layout":"","ast-disable-related-posts":"","theme-transparent-header-meta":"","adv-header-id-meta":"","stick-header-meta":"","header-above-stick-meta":"","header-main-stick-meta":"","header-below-stick-meta":"","astra-migrate-meta-layouts":"set","ast-page-background-enabled":"default","ast-page-background-meta":{"desktop":{"background-color":"var(--ast-global-color-4)","background-image":"","background-repeat":"repeat","background-position":"center center","background-size":"auto","background-attachment":"scroll","background-type":"","background-media":"","overlay-type":"","overlay-color":"","overlay-opacity":"","overlay-gradient":""},"tablet":{"background-color":"","background-image":"","background-repeat":"repeat","background-position":"center center","background-size":"auto","background-attachment":"scroll","background-type":"","background-media":"","overlay-type":"","overlay-color":"","overlay-opacity":"","overlay-gradient":""},"mobile":{"background-color":"","background-image":"","background-repeat":"repeat","background-position":"center center","background-size":"auto","background-attachment":"scroll","background-type":"","background-media":"","overlay-type":"","overlay-color":"","overlay-opacity":"","overlay-gradient":""}},"ast-content-background-meta":{"desktop":{"background-color":"var(--ast-global-color-5)","background-image":"","background-repeat":"repeat","background-position":"center center","background-size":"auto","background-attachment":"scroll","background-type":"","background-media":"","overlay-type":"","overlay-color":"","overlay-opacity":"","overlay-gradient":""},"tablet":{"background-color":"var(--ast-global-color-5)","background-image":"","background-repeat":"repeat","background-position":"center center","background-size":"auto","background-attachment":"scroll","background-type":"","background-media":"","overlay-type":"","overlay-color":"","overlay-opacity":"","overlay-gradient":""},"mobile":{"background-color":"var(--ast-global-color-5)","background-image":"","background-repeat":"repeat","background-position":"center center","background-size":"auto","background-attachment":"scroll","background-type":"","background-media":"","overlay-type":"","overlay-color":"","overlay-opacity":"","overlay-gradient":""}},"footnotes":""},"class_list":["post-348","page","type-page","status-publish","hentry"],"aioseo_notices":[],"_links":{"self":[{"href":"https:\/\/aracnidatextil.com\/index.php?rest_route=\/wp\/v2\/pages\/348","targetHints":{"allow":["GET"]}}],"collection":[{"href":"https:\/\/aracnidatextil.com\/index.php?rest_route=\/wp\/v2\/pages"}],"about":[{"href":"https:\/\/aracnidatextil.com\/index.php?rest_route=\/wp\/v2\/types\/page"}],"author":[{"embeddable":true,"href":"https:\/\/aracnidatextil.com\/index.php?rest_route=\/wp\/v2\/users\/1"}],"replies":[{"embeddable":true,"href":"https:\/\/aracnidatextil.com\/index.php?rest_route=%2Fwp%2Fv2%2Fcomments&post=348"}],"version-history":[{"count":22,"href":"https:\/\/aracnidatextil.com\/index.php?rest_route=\/wp\/v2\/pages\/348\/revisions"}],"predecessor-version":[{"id":1655,"href":"https:\/\/aracnidatextil.com\/index.php?rest_route=\/wp\/v2\/pages\/348\/revisions\/1655"}],"wp:attachment":[{"href":"https:\/\/aracnidatextil.com\/index.php?rest_route=%2Fwp%2Fv2%2Fmedia&parent=348"}],"curies":[{"name":"wp","href":"https:\/\/api.w.org\/{rel}","templated":true}]}}