{"id":351,"date":"2022-12-03T05:48:13","date_gmt":"2022-12-03T05:48:13","guid":{"rendered":"http:\/\/aracnidatextil.com\/?page_id=351"},"modified":"2025-10-19T11:40:21","modified_gmt":"2025-10-19T11:40:21","slug":"taller-de-cordoneria-andina-iii","status":"publish","type":"page","link":"https:\/\/aracnidatextil.com\/?page_id=351","title":{"rendered":"<strong>Taller de Cordoner\u00eda Andina III<\/strong>"},"content":{"rendered":"\n<div class=\"inherit-container-width wp-block-group caja-curso is-layout-constrained wp-block-group-is-layout-constrained\">\n<h2 class=\"wp-block-heading\">Taller de Cordoner\u00eda Andina IIi<\/h2>\n\n\n\n<p>Dentro de la complejidad de la cordoner\u00eda andina, existe cordones que var\u00edan tanto estructural como iconogr\u00e1ficamente, en la parte estructural el cambio de color de los cordones es a ra\u00edz de un mech\u00f3n de hilos que va en la parte central, esto es imperceptible visto desde \u201cfuera\u201d, pero al tejer tiene una doble complejidad ya que se intercambian los hilos del mech\u00f3n para ser tejidos y dar el nuevo color. La iconograf\u00eda puede ser la misma, sin embargo, se amplifica las l\u00edneas que componen el dise\u00f1o.<\/p>\n\n\n\n<p>En este nivel (avanzado), los cordones son m\u00e1s gruesos y tienen la complejidad de cambiar de color por bloques y cambiar los colores dependiendo del dise\u00f1o.<\/p>\n\n\n\n<p>El objetivo del taller es la obtenci\u00f3n de diferentes piezas, aplicando 2 dise\u00f1os (Urpi\/paloma, \u00d1awi\/ojo) y empleando 28 y 32 hilos al tejer.<\/p>\n\n\n\n<hr class=\"wp-block-separator has-text-color has-alpha-channel-opacity has-background is-style-wide\" style=\"margin-top:var(--wp--preset--spacing--50);margin-bottom:var(--wp--preset--spacing--50);background-color:#9b3231;color:#9b3231\"\/>\n\n\n\n<p><strong>Dirigido a:<\/strong>  P\u00fablico conocedor de cordoner\u00eda andina<\/p>\n\n\n\n<hr class=\"wp-block-separator has-text-color has-alpha-channel-opacity has-background is-style-wide\" style=\"margin-top:var(--wp--preset--spacing--50);margin-bottom:var(--wp--preset--spacing--50);background-color:#9b3231;color:#9b3231\"\/>\n\n\n\n<h5 class=\"wp-block-heading\"><strong>profesora:<\/strong> <\/h5>\n\n\n\n<p><strong>Rosa Garc\u00eda Lobat\u00f3n<\/strong> <\/p>\n\n\n\n<p>(Bach. en Historia del Arte y especialista en Arte Textil)<\/p>\n\n\n\n<hr class=\"wp-block-separator alignwide has-text-color has-alpha-channel-opacity has-background is-style-wide\" style=\"margin-top:var(--wp--preset--spacing--50);margin-bottom:var(--wp--preset--spacing--50);background-color:#9b3231;color:#9b3231\"\/>\n\n\n\n<h5 class=\"wp-block-heading\"><strong>Datos generales:<\/strong> <\/h5>\n\n\n\n<p><strong>Inicio:<\/strong> 6 de enero<\/p>\n\n\n\n<p><strong>Duraci\u00f3n:<\/strong> 6 horas (3 sesiones)<\/p>\n\n\n\n<p><strong>Fechas de las sesiones:<\/strong><\/p>\n\n\n\n<p><strong>Horario<\/strong>:<\/p>\n\n\n\n<p><strong>Modalidad<\/strong>: Virtual<\/p>\n\n\n\n<hr class=\"wp-block-separator alignwide has-text-color has-alpha-channel-opacity has-background is-style-wide\" style=\"margin-top:var(--wp--preset--spacing--50);margin-bottom:var(--wp--preset--spacing--50);background-color:#9b3231;color:#9b3231\"\/>\n\n\n\n<div class=\"inherit-container-width wp-block-group alignwide is-layout-constrained wp-block-group-is-layout-constrained\">\n<h5 class=\"wp-block-heading\">did\u00e1ctica<\/h5>\n\n\n\n<div class=\"inherit-container-width wp-block-group is-layout-constrained wp-block-group-is-layout-constrained\">\n<p><strong>Qu\u00e9 aprender\u00e1s<\/strong><\/p>\n\n\n\n<ul class=\"wp-block-list\">\n<li>Dise\u00f1os urpi\/paloma<\/li>\n\n\n\n<li>Dise\u00f1os \u00f1awi\/ojo<\/li>\n\n\n\n<li>Empleo de 28 y 32 hilos al tejer<\/li>\n<\/ul>\n\n\n\n<p><strong>Qu\u00e9 necesitas<\/strong><\/p>\n\n\n\n<ul class=\"wp-block-list\">\n<li>Hilos (lanas, algod\u00f3n, sint\u00e9tico, etc.). Colores diferentes, 2 o 3 mil\u00edmetros de grosor.<\/li>\n\n\n\n<li>Cinta m\u00e9trica (opcional).<\/li>\n<\/ul>\n\n\n\n<p> <strong>Recursos did\u00e1cticos: <\/strong>Clases grabadas, videos adicionales, manuales y bibliograf\u00eda complementaria.<\/p>\n<\/div>\n\n\n\n<hr class=\"wp-block-separator alignwide has-text-color has-alpha-channel-opacity has-background is-style-wide\" style=\"margin-top:var(--wp--preset--spacing--50);margin-bottom:var(--wp--preset--spacing--50);background-color:#9b3231;color:#9b3231\"\/>\n<\/div>\n\n\n\n<h5 class=\"wp-block-heading\"><strong>Inscripci\u00f3n<\/strong><\/h5>\n\n\n\n<p><strong>Inversi\u00f3n:<\/strong><\/p>\n\n\n\n<ul class=\"wp-block-list\">\n<li>120 Soles (Per\u00fa)<\/li>\n\n\n\n<li>35 mil pesos (Chile)<\/li>\n\n\n\n<li>30 d\u00f3lares, otros pa\u00edses (Incluye comisi\u00f3n)<\/li>\n<\/ul>\n\n\n\n<p><strong>Modo de pago:<\/strong><\/p>\n<\/div>\n\n\n\n<div class=\"wp-block-buttons is-content-justification-center is-layout-flex wp-container-core-buttons-is-layout-a89b3969 wp-block-buttons-is-layout-flex\">\n<div class=\"wp-block-button boton-regresar-talleres\"><a class=\"wp-block-button__link wp-element-button\" href=\"https:\/\/aracnidatextil.com\/?page_id=14\">Regresar a talleres<\/a><\/div>\n<\/div>\n","protected":false},"excerpt":{"rendered":"<p>Taller de Cordoner\u00eda Andina IIi Dentro de la complejidad de la cordoner\u00eda andina, existe cordones que var\u00edan tanto estructural como iconogr\u00e1ficamente, en la parte estructural el cambio de color de los cordones es a ra\u00edz de un mech\u00f3n de hilos que va en la parte central, esto es imperceptible visto desde \u201cfuera\u201d, pero al tejer [&hellip;]<\/p>\n","protected":false},"author":1,"featured_media":0,"parent":0,"menu_order":0,"comment_status":"closed","ping_status":"closed","template":"","meta":{"site-sidebar-layout":"default","site-content-layout":"","ast-site-content-layout":"default","site-content-style":"default","site-sidebar-style":"default","ast-global-header-display":"","ast-banner-title-visibility":"","ast-main-header-display":"","ast-hfb-above-header-display":"","ast-hfb-below-header-display":"","ast-hfb-mobile-header-display":"","site-post-title":"disabled","ast-breadcrumbs-content":"","ast-featured-img":"","footer-sml-layout":"","ast-disable-related-posts":"","theme-transparent-header-meta":"","adv-header-id-meta":"","stick-header-meta":"","header-above-stick-meta":"","header-main-stick-meta":"","header-below-stick-meta":"","astra-migrate-meta-layouts":"set","ast-page-background-enabled":"default","ast-page-background-meta":{"desktop":{"background-color":"var(--ast-global-color-4)","background-image":"","background-repeat":"repeat","background-position":"center center","background-size":"auto","background-attachment":"scroll","background-type":"","background-media":"","overlay-type":"","overlay-color":"","overlay-opacity":"","overlay-gradient":""},"tablet":{"background-color":"","background-image":"","background-repeat":"repeat","background-position":"center center","background-size":"auto","background-attachment":"scroll","background-type":"","background-media":"","overlay-type":"","overlay-color":"","overlay-opacity":"","overlay-gradient":""},"mobile":{"background-color":"","background-image":"","background-repeat":"repeat","background-position":"center center","background-size":"auto","background-attachment":"scroll","background-type":"","background-media":"","overlay-type":"","overlay-color":"","overlay-opacity":"","overlay-gradient":""}},"ast-content-background-meta":{"desktop":{"background-color":"var(--ast-global-color-5)","background-image":"","background-repeat":"repeat","background-position":"center center","background-size":"auto","background-attachment":"scroll","background-type":"","background-media":"","overlay-type":"","overlay-color":"","overlay-opacity":"","overlay-gradient":""},"tablet":{"background-color":"var(--ast-global-color-5)","background-image":"","background-repeat":"repeat","background-position":"center center","background-size":"auto","background-attachment":"scroll","background-type":"","background-media":"","overlay-type":"","overlay-color":"","overlay-opacity":"","overlay-gradient":""},"mobile":{"background-color":"var(--ast-global-color-5)","background-image":"","background-repeat":"repeat","background-position":"center center","background-size":"auto","background-attachment":"scroll","background-type":"","background-media":"","overlay-type":"","overlay-color":"","overlay-opacity":"","overlay-gradient":""}},"footnotes":""},"class_list":["post-351","page","type-page","status-publish","hentry"],"aioseo_notices":[],"_links":{"self":[{"href":"https:\/\/aracnidatextil.com\/index.php?rest_route=\/wp\/v2\/pages\/351","targetHints":{"allow":["GET"]}}],"collection":[{"href":"https:\/\/aracnidatextil.com\/index.php?rest_route=\/wp\/v2\/pages"}],"about":[{"href":"https:\/\/aracnidatextil.com\/index.php?rest_route=\/wp\/v2\/types\/page"}],"author":[{"embeddable":true,"href":"https:\/\/aracnidatextil.com\/index.php?rest_route=\/wp\/v2\/users\/1"}],"replies":[{"embeddable":true,"href":"https:\/\/aracnidatextil.com\/index.php?rest_route=%2Fwp%2Fv2%2Fcomments&post=351"}],"version-history":[{"count":5,"href":"https:\/\/aracnidatextil.com\/index.php?rest_route=\/wp\/v2\/pages\/351\/revisions"}],"predecessor-version":[{"id":2477,"href":"https:\/\/aracnidatextil.com\/index.php?rest_route=\/wp\/v2\/pages\/351\/revisions\/2477"}],"wp:attachment":[{"href":"https:\/\/aracnidatextil.com\/index.php?rest_route=%2Fwp%2Fv2%2Fmedia&parent=351"}],"curies":[{"name":"wp","href":"https:\/\/api.w.org\/{rel}","templated":true}]}}