{"id":449,"date":"2023-01-02T05:15:01","date_gmt":"2023-01-02T05:15:01","guid":{"rendered":"http:\/\/aracnidatextil.com\/?page_id=449"},"modified":"2023-01-03T22:47:34","modified_gmt":"2023-01-03T22:47:34","slug":"taller-de-telar-de-cintura-en-cara-de-urdimbre","status":"publish","type":"page","link":"https:\/\/aracnidatextil.com\/?page_id=449","title":{"rendered":"<strong>Taller de telar de cintura en cara de urdimbre<\/strong>"},"content":{"rendered":"\n<div class=\"inherit-container-width wp-block-group caja-curso is-layout-constrained wp-block-group-is-layout-constrained\">\n<h2 class=\"wp-block-heading\"><strong>Taller de telar de cintura en cara de urdimbre<\/strong><\/h2>\n\n\n\n<p>La t\u00e9cnica de cara de urdimbre se relaciona a la posici\u00f3n en la que se disponen los hilos. En este caso, las urdimbres (hilos verticales) son las que van a tener protagonismo en el acto de tejer y la trama pasar\u00e1 en horizontal para formar la estructura, pero no se la ver\u00e1 en la conclusi\u00f3n del proceso.<\/p>\n\n\n\n<p>Esta t\u00e9cnica se puede elaborar en distintos telares, pero una de las m\u00e1s originarias es en telar de cintura, una tecnolog\u00eda desarrollada a trav\u00e9s del tiempo. Consiste en sostener las urdimbres con un punto fijo y el otro extremo en la cintura, as\u00ed se mantendr\u00e1n firmes para comenzar el tejido que se har\u00e1 mediante unos lisos (illawas) que permiten hacer caladas m\u00e1s r\u00e1pidas. El cuerpo toma una importancia en esta t\u00e9cnica, pues ser\u00e1 parte del telar en la tensi\u00f3n que este ejecute.<\/p>\n\n\n\n<p>En el taller aprenderemos a diferenciar algunas t\u00e9cnicas, la importancia del telar de cintura y su conexi\u00f3n con la cosmovisi\u00f3n andina, adem\u00e1s de la elaboraci\u00f3n de la urdimbre que es la parte fundamental de este tejido, luego tejeremos diversas cintas y para culminar tejeremos un dise\u00f1o que se realiza con el escogido de urdimbres.<\/p>\n\n\n\n<hr class=\"wp-block-separator has-text-color has-alpha-channel-opacity has-background is-style-wide\" style=\"margin-top:var(--wp--preset--spacing--50);margin-bottom:var(--wp--preset--spacing--50);background-color:#9b3231;color:#9b3231\"\/>\n\n\n\n<p><strong>Dirigido a:<\/strong>  P\u00fablico general<\/p>\n\n\n\n<hr class=\"wp-block-separator has-text-color has-alpha-channel-opacity has-background is-style-wide\" style=\"margin-top:var(--wp--preset--spacing--50);margin-bottom:var(--wp--preset--spacing--50);background-color:#9b3231;color:#9b3231\"\/>\n\n\n\n<h5 class=\"wp-block-heading\"><strong>profesora:<\/strong> <\/h5>\n\n\n\n<p><strong>Rosa Garc\u00eda Lobat\u00f3n<\/strong> <\/p>\n\n\n\n<p>(Bach. en Historia del Arte y especialista en Arte Textil)<\/p>\n\n\n\n<hr class=\"wp-block-separator alignwide has-text-color has-alpha-channel-opacity has-background is-style-wide\" style=\"margin-top:var(--wp--preset--spacing--50);margin-bottom:var(--wp--preset--spacing--50);background-color:#9b3231;color:#9b3231\"\/>\n\n\n\n<h5 class=\"wp-block-heading\"><strong>Datos generales:<\/strong> <\/h5>\n\n\n\n<p><strong>Inicio:<\/strong> 6 de enero<\/p>\n\n\n\n<p><strong>Duraci\u00f3n:<\/strong> 6 horas (3 sesiones)<\/p>\n\n\n\n<p><strong>Fechas de las sesiones:<\/strong><\/p>\n\n\n\n<p><strong>Horario<\/strong>:<\/p>\n\n\n\n<p><strong>Modalidad<\/strong>: Virtual<\/p>\n\n\n\n<hr class=\"wp-block-separator alignwide has-text-color has-alpha-channel-opacity has-background is-style-wide\" style=\"margin-top:var(--wp--preset--spacing--50);margin-bottom:var(--wp--preset--spacing--50);background-color:#9b3231;color:#9b3231\"\/>\n\n\n\n<div class=\"inherit-container-width wp-block-group alignwide is-layout-constrained wp-block-group-is-layout-constrained\">\n<h5 class=\"wp-block-heading\"><strong>did\u00e1ctica<\/strong><\/h5>\n\n\n\n<div class=\"inherit-container-width wp-block-group is-layout-constrained wp-block-group-is-layout-constrained\">\n<p><strong>Qu\u00e9 aprender\u00e1s<\/strong><\/p>\n\n\n\n<ul class=\"wp-block-list\">\n<li>Identificar t\u00e9cnicas<\/li>\n\n\n\n<li>Importancia del telar de cintura y su conexi\u00f3n con la cosmovisi\u00f3n andina<\/li>\n\n\n\n<li>Elaboraci\u00f3n de la urdimbre<\/li>\n\n\n\n<li>Dise\u00f1o con el escogido de las urdimbres<\/li>\n<\/ul>\n\n\n\n<p><strong>Qu\u00e9 necesitas<\/strong><\/p>\n\n\n\n<ul class=\"wp-block-list\">\n<li>Urdidores<\/li>\n\n\n\n<li>Espadas<\/li>\n\n\n\n<li>Hilos<\/li>\n<\/ul>\n\n\n\n<p> <strong>Recursos did\u00e1cticos: <\/strong>Clases grabadas, videos adicionales, manuales y bibliograf\u00eda complementaria.<\/p>\n<\/div>\n\n\n\n<hr class=\"wp-block-separator alignwide has-text-color has-alpha-channel-opacity has-background is-style-wide\" style=\"margin-top:var(--wp--preset--spacing--50);margin-bottom:var(--wp--preset--spacing--50);background-color:#9b3231;color:#9b3231\"\/>\n<\/div>\n\n\n\n<h5 class=\"wp-block-heading\"><strong>Inscripci\u00f3n<\/strong><\/h5>\n\n\n\n<p><strong>Inversi\u00f3n:<\/strong><\/p>\n\n\n\n<ul class=\"wp-block-list\">\n<li>150 Soles (Per\u00fa)<\/li>\n\n\n\n<li>35 mil pesos (Chile)<\/li>\n\n\n\n<li>45 d\u00f3lares, otros pa\u00edses (Incluye comisi\u00f3n)<\/li>\n<\/ul>\n\n\n\n<p><strong>Modo de pago:<\/strong><\/p>\n<\/div>\n\n\n\n<div class=\"wp-block-buttons is-content-justification-center is-layout-flex wp-container-core-buttons-is-layout-a89b3969 wp-block-buttons-is-layout-flex\">\n<div class=\"wp-block-button boton-regresar-talleres\"><a class=\"wp-block-button__link wp-element-button\" href=\"https:\/\/aracnidatextil.com\/?page_id=14\">Regresar a talleres<\/a><\/div>\n<\/div>\n","protected":false},"excerpt":{"rendered":"<p>Taller de telar de cintura en cara de urdimbre La t\u00e9cnica de cara de urdimbre se relaciona a la posici\u00f3n en la que se disponen los hilos. En este caso, las urdimbres (hilos verticales) son las que van a tener protagonismo en el acto de tejer y la trama pasar\u00e1 en horizontal para formar la [&hellip;]<\/p>\n","protected":false},"author":1,"featured_media":0,"parent":0,"menu_order":0,"comment_status":"closed","ping_status":"closed","template":"","meta":{"site-sidebar-layout":"default","site-content-layout":"","ast-site-content-layout":"default","site-content-style":"default","site-sidebar-style":"default","ast-global-header-display":"","ast-banner-title-visibility":"","ast-main-header-display":"disabled","ast-hfb-above-header-display":"","ast-hfb-below-header-display":"","ast-hfb-mobile-header-display":"","site-post-title":"disabled","ast-breadcrumbs-content":"","ast-featured-img":"","footer-sml-layout":"","ast-disable-related-posts":"","theme-transparent-header-meta":"","adv-header-id-meta":"","stick-header-meta":"","header-above-stick-meta":"","header-main-stick-meta":"","header-below-stick-meta":"","astra-migrate-meta-layouts":"default","ast-page-background-enabled":"default","ast-page-background-meta":{"desktop":{"background-color":"var(--ast-global-color-4)","background-image":"","background-repeat":"repeat","background-position":"center center","background-size":"auto","background-attachment":"scroll","background-type":"","background-media":"","overlay-type":"","overlay-color":"","overlay-opacity":"","overlay-gradient":""},"tablet":{"background-color":"","background-image":"","background-repeat":"repeat","background-position":"center center","background-size":"auto","background-attachment":"scroll","background-type":"","background-media":"","overlay-type":"","overlay-color":"","overlay-opacity":"","overlay-gradient":""},"mobile":{"background-color":"","background-image":"","background-repeat":"repeat","background-position":"center center","background-size":"auto","background-attachment":"scroll","background-type":"","background-media":"","overlay-type":"","overlay-color":"","overlay-opacity":"","overlay-gradient":""}},"ast-content-background-meta":{"desktop":{"background-color":"var(--ast-global-color-5)","background-image":"","background-repeat":"repeat","background-position":"center center","background-size":"auto","background-attachment":"scroll","background-type":"","background-media":"","overlay-type":"","overlay-color":"","overlay-opacity":"","overlay-gradient":""},"tablet":{"background-color":"var(--ast-global-color-5)","background-image":"","background-repeat":"repeat","background-position":"center center","background-size":"auto","background-attachment":"scroll","background-type":"","background-media":"","overlay-type":"","overlay-color":"","overlay-opacity":"","overlay-gradient":""},"mobile":{"background-color":"var(--ast-global-color-5)","background-image":"","background-repeat":"repeat","background-position":"center center","background-size":"auto","background-attachment":"scroll","background-type":"","background-media":"","overlay-type":"","overlay-color":"","overlay-opacity":"","overlay-gradient":""}},"footnotes":""},"class_list":["post-449","page","type-page","status-publish","hentry"],"aioseo_notices":[],"_links":{"self":[{"href":"https:\/\/aracnidatextil.com\/index.php?rest_route=\/wp\/v2\/pages\/449","targetHints":{"allow":["GET"]}}],"collection":[{"href":"https:\/\/aracnidatextil.com\/index.php?rest_route=\/wp\/v2\/pages"}],"about":[{"href":"https:\/\/aracnidatextil.com\/index.php?rest_route=\/wp\/v2\/types\/page"}],"author":[{"embeddable":true,"href":"https:\/\/aracnidatextil.com\/index.php?rest_route=\/wp\/v2\/users\/1"}],"replies":[{"embeddable":true,"href":"https:\/\/aracnidatextil.com\/index.php?rest_route=%2Fwp%2Fv2%2Fcomments&post=449"}],"version-history":[{"count":4,"href":"https:\/\/aracnidatextil.com\/index.php?rest_route=\/wp\/v2\/pages\/449\/revisions"}],"predecessor-version":[{"id":583,"href":"https:\/\/aracnidatextil.com\/index.php?rest_route=\/wp\/v2\/pages\/449\/revisions\/583"}],"wp:attachment":[{"href":"https:\/\/aracnidatextil.com\/index.php?rest_route=%2Fwp%2Fv2%2Fmedia&parent=449"}],"curies":[{"name":"wp","href":"https:\/\/api.w.org\/{rel}","templated":true}]}}