{"id":606,"date":"2023-06-05T01:26:13","date_gmt":"2023-06-05T01:26:13","guid":{"rendered":"http:\/\/aracnidatextil.com\/?page_id=606"},"modified":"2023-06-05T01:26:14","modified_gmt":"2023-06-05T01:26:14","slug":"taller-tecnicas-textiles","status":"publish","type":"page","link":"https:\/\/aracnidatextil.com\/?page_id=606","title":{"rendered":"Taller t\u00e9cnicas textiles"},"content":{"rendered":"\n<div class=\"inherit-container-width wp-block-group caja-curso is-layout-constrained wp-block-group-is-layout-constrained\">\n<h2 class=\"wp-block-heading\">Taller t\u00e9cnicas textiles<\/h2>\n\n\n\n<p>La cordoner\u00eda tiene una base estructural compleja, cuando comprendemos esa estructura logramos manejar dise\u00f1os en el cord\u00f3n, estos dise\u00f1os en el mundo andino son muchos y los nombres se asemejan a lo que se ve en el espacio y tiempo en el que vive el tejedor. Por ello hay dise\u00f1os que toman el nombre de r\u00edos, paloma, ojos, etc.<\/p>\n\n\n\n<p>El objetivo de este taller es retomar los hilos mediante la elaboraci\u00f3n de cordones con distintos dise\u00f1os y con ellos la obtenci\u00f3n de diferentes piezas; este taller es para personas que ya tengan base de cordoner\u00eda por lo que solo se trabajar\u00e1 nuevos dise\u00f1os para entrar a otros conceptos.<\/p>\n\n\n\n<hr class=\"wp-block-separator has-text-color has-alpha-channel-opacity has-background is-style-wide\" style=\"margin-top:var(--wp--preset--spacing--50);margin-bottom:var(--wp--preset--spacing--50);background-color:#9b3231;color:#9b3231\"\/>\n\n\n\n<p><strong>Dirigido a:<\/strong>  P\u00fablico conocedor de cordoner\u00eda andina<\/p>\n\n\n\n<hr class=\"wp-block-separator has-text-color has-alpha-channel-opacity has-background is-style-wide\" style=\"margin-top:var(--wp--preset--spacing--50);margin-bottom:var(--wp--preset--spacing--50);background-color:#9b3231;color:#9b3231\"\/>\n\n\n\n<h5 class=\"wp-block-heading\"><strong>profesora:<\/strong> <\/h5>\n\n\n\n<p><strong>Rosa Garc\u00eda Lobat\u00f3n<\/strong> <\/p>\n\n\n\n<p>(Bach. en Historia del Arte y especialista en Arte Textil)<\/p>\n\n\n\n<p>Es un proyecto que naci\u00f3 desde la pasi\u00f3n por los textiles, con el sue\u00f1o de educar y difundir a nuestros hermanos y hermanas el arte de tejer. D\u00e1ndole valor a una tradici\u00f3n de nuestros pueblos que reflejan identidad a trav\u00e9s de cada pieza textil.<\/p>\n\n\n\n<p>Nuestro objetivo es poder visibilizar la importancia de los textiles y de los humanos que son quienes lo crean.<\/p>\n\n\n\n<hr class=\"wp-block-separator alignwide has-text-color has-alpha-channel-opacity has-background is-style-wide\" style=\"margin-top:var(--wp--preset--spacing--50);margin-bottom:var(--wp--preset--spacing--50);background-color:#9b3231;color:#9b3231\"\/>\n\n\n\n<h5 class=\"wp-block-heading\"><strong>Datos generales:<\/strong> <\/h5>\n\n\n\n<p><strong>Inicio:<\/strong> 6 de enero<\/p>\n\n\n\n<p><strong>Duraci\u00f3n:<\/strong> 4 horas (2 sesiones)<\/p>\n\n\n\n<p><strong>Fechas de las sesiones:<\/strong><\/p>\n\n\n\n<p><strong>Horario<\/strong>:<\/p>\n\n\n\n<p><strong>Modalidad<\/strong>: Virtual<\/p>\n\n\n\n<hr class=\"wp-block-separator alignwide has-text-color has-alpha-channel-opacity has-background is-style-wide\" style=\"margin-top:var(--wp--preset--spacing--50);margin-bottom:var(--wp--preset--spacing--50);background-color:#9b3231;color:#9b3231\"\/>\n\n\n\n<div class=\"inherit-container-width wp-block-group alignwide is-layout-constrained wp-block-group-is-layout-constrained\">\n<h5 class=\"wp-block-heading\">did\u00e1ctica<\/h5>\n\n\n\n<div class=\"inherit-container-width wp-block-group is-layout-constrained wp-block-group-is-layout-constrained\">\n<p><strong>Qu\u00e9 aprender\u00e1s<\/strong><\/p>\n\n\n\n<ul class=\"wp-block-list\">\n<li>Dise\u00f1os mayu\/rio<\/li>\n\n\n\n<li>Dise\u00f1os qenqo\/laberinto<\/li>\n\n\n\n<li>Dise\u00f1os  kuti\/ volver<\/li>\n\n\n\n<li>Dise\u00f1o chaska con l\u00edneas verticales<\/li>\n\n\n\n<li>Empleo de 16 y 24 hilos al tejer<\/li>\n<\/ul>\n\n\n\n<p><strong>Qu\u00e9 necesitas<\/strong><\/p>\n\n\n\n<ul class=\"wp-block-list\">\n<li>Hilos (lanas, algod\u00f3n, sint\u00e9tico, etc.). Colores diferentes, 2 o 3 mil\u00edmetros de grosor.<\/li>\n\n\n\n<li>Cinta m\u00e9trica (opcional).<\/li>\n<\/ul>\n\n\n\n<p> <strong>Recursos did\u00e1cticos: <\/strong>Clases grabadas, videos adicionales, manuales y bibliograf\u00eda complementaria.<\/p>\n<\/div>\n\n\n\n<hr class=\"wp-block-separator alignwide has-text-color has-alpha-channel-opacity has-background is-style-wide\" style=\"margin-top:var(--wp--preset--spacing--50);margin-bottom:var(--wp--preset--spacing--50);background-color:#9b3231;color:#9b3231\"\/>\n<\/div>\n\n\n\n<h5 class=\"wp-block-heading\"><strong>Inscripci\u00f3n<\/strong><\/h5>\n\n\n\n<p><strong>Inversi\u00f3n:<\/strong><\/p>\n\n\n\n<ul class=\"wp-block-list\">\n<li>120 Soles (Per\u00fa)<\/li>\n\n\n\n<li>35 mil pesos (Chile)<\/li>\n\n\n\n<li>30 d\u00f3lares, otros pa\u00edses (Incluye comisi\u00f3n)<\/li>\n<\/ul>\n\n\n\n<p><strong>Modo de pago:<\/strong><\/p>\n<\/div>\n\n\n\n<figure class=\"wp-block-gallery has-nested-images columns-default is-cropped wp-block-gallery-1 is-layout-flex wp-block-gallery-is-layout-flex\">\n<figure class=\"wp-block-image size-large\"><img loading=\"lazy\" decoding=\"async\" width=\"726\" height=\"737\" data-id=\"520\" src=\"https:\/\/aracnidatextil.com\/wp-content\/uploads\/2023\/01\/2-3.jpg\" alt=\"\" class=\"wp-image-520\" srcset=\"https:\/\/aracnidatextil.com\/wp-content\/uploads\/2023\/01\/2-3.jpg 726w, https:\/\/aracnidatextil.com\/wp-content\/uploads\/2023\/01\/2-3-296x300.jpg 296w, https:\/\/aracnidatextil.com\/wp-content\/uploads\/2023\/01\/2-3-600x609.jpg 600w\" sizes=\"auto, (max-width: 726px) 100vw, 726px\" \/><\/figure>\n\n\n\n<figure class=\"wp-block-image size-large\"><img loading=\"lazy\" decoding=\"async\" width=\"1024\" height=\"683\" data-id=\"519\" src=\"https:\/\/aracnidatextil.com\/wp-content\/uploads\/2023\/01\/1-5-1024x683.jpg\" alt=\"\" class=\"wp-image-519\" srcset=\"https:\/\/aracnidatextil.com\/wp-content\/uploads\/2023\/01\/1-5-1024x683.jpg 1024w, https:\/\/aracnidatextil.com\/wp-content\/uploads\/2023\/01\/1-5-300x200.jpg 300w, https:\/\/aracnidatextil.com\/wp-content\/uploads\/2023\/01\/1-5-768x512.jpg 768w, https:\/\/aracnidatextil.com\/wp-content\/uploads\/2023\/01\/1-5-600x400.jpg 600w, https:\/\/aracnidatextil.com\/wp-content\/uploads\/2023\/01\/1-5.jpg 1362w\" sizes=\"auto, (max-width: 1024px) 100vw, 1024px\" \/><\/figure>\n\n\n\n<figure class=\"wp-block-image size-large\"><img loading=\"lazy\" decoding=\"async\" width=\"775\" height=\"537\" data-id=\"518\" src=\"https:\/\/aracnidatextil.com\/wp-content\/uploads\/2023\/01\/5-3.jpg\" alt=\"\" class=\"wp-image-518\" srcset=\"https:\/\/aracnidatextil.com\/wp-content\/uploads\/2023\/01\/5-3.jpg 775w, https:\/\/aracnidatextil.com\/wp-content\/uploads\/2023\/01\/5-3-300x208.jpg 300w, https:\/\/aracnidatextil.com\/wp-content\/uploads\/2023\/01\/5-3-768x532.jpg 768w, https:\/\/aracnidatextil.com\/wp-content\/uploads\/2023\/01\/5-3-600x416.jpg 600w\" sizes=\"auto, (max-width: 775px) 100vw, 775px\" \/><\/figure>\n\n\n\n<figure class=\"wp-block-image size-large\"><img loading=\"lazy\" decoding=\"async\" width=\"626\" height=\"962\" data-id=\"521\" src=\"https:\/\/aracnidatextil.com\/wp-content\/uploads\/2023\/01\/3-3.jpg\" alt=\"\" class=\"wp-image-521\" srcset=\"https:\/\/aracnidatextil.com\/wp-content\/uploads\/2023\/01\/3-3.jpg 626w, https:\/\/aracnidatextil.com\/wp-content\/uploads\/2023\/01\/3-3-195x300.jpg 195w, https:\/\/aracnidatextil.com\/wp-content\/uploads\/2023\/01\/3-3-600x922.jpg 600w\" sizes=\"auto, (max-width: 626px) 100vw, 626px\" \/><\/figure>\n\n\n\n<figure class=\"wp-block-image size-large\"><img loading=\"lazy\" decoding=\"async\" width=\"638\" height=\"1024\" data-id=\"523\" src=\"https:\/\/aracnidatextil.com\/wp-content\/uploads\/2023\/01\/6-2-638x1024.jpg\" alt=\"\" class=\"wp-image-523\" srcset=\"https:\/\/aracnidatextil.com\/wp-content\/uploads\/2023\/01\/6-2-638x1024.jpg 638w, https:\/\/aracnidatextil.com\/wp-content\/uploads\/2023\/01\/6-2-187x300.jpg 187w, https:\/\/aracnidatextil.com\/wp-content\/uploads\/2023\/01\/6-2-768x1232.jpg 768w, https:\/\/aracnidatextil.com\/wp-content\/uploads\/2023\/01\/6-2-958x1536.jpg 958w, https:\/\/aracnidatextil.com\/wp-content\/uploads\/2023\/01\/6-2-600x962.jpg 600w, https:\/\/aracnidatextil.com\/wp-content\/uploads\/2023\/01\/6-2.jpg 975w\" sizes=\"auto, (max-width: 638px) 100vw, 638px\" \/><\/figure>\n<\/figure>\n","protected":false},"excerpt":{"rendered":"","protected":false},"author":1,"featured_media":0,"parent":0,"menu_order":0,"comment_status":"closed","ping_status":"closed","template":"","meta":{"site-sidebar-layout":"default","site-content-layout":"","ast-site-content-layout":"default","site-content-style":"default","site-sidebar-style":"default","ast-global-header-display":"","ast-banner-title-visibility":"","ast-main-header-display":"disabled","ast-hfb-above-header-display":"disabled","ast-hfb-below-header-display":"","ast-hfb-mobile-header-display":"","site-post-title":"disabled","ast-breadcrumbs-content":"","ast-featured-img":"","footer-sml-layout":"","ast-disable-related-posts":"","theme-transparent-header-meta":"","adv-header-id-meta":"","stick-header-meta":"","header-above-stick-meta":"","header-main-stick-meta":"","header-below-stick-meta":"","astra-migrate-meta-layouts":"default","ast-page-background-enabled":"default","ast-page-background-meta":{"desktop":{"background-color":"var(--ast-global-color-4)","background-image":"","background-repeat":"repeat","background-position":"center center","background-size":"auto","background-attachment":"scroll","background-type":"","background-media":"","overlay-type":"","overlay-color":"","overlay-opacity":"","overlay-gradient":""},"tablet":{"background-color":"","background-image":"","background-repeat":"repeat","background-position":"center center","background-size":"auto","background-attachment":"scroll","background-type":"","background-media":"","overlay-type":"","overlay-color":"","overlay-opacity":"","overlay-gradient":""},"mobile":{"background-color":"","background-image":"","background-repeat":"repeat","background-position":"center center","background-size":"auto","background-attachment":"scroll","background-type":"","background-media":"","overlay-type":"","overlay-color":"","overlay-opacity":"","overlay-gradient":""}},"ast-content-background-meta":{"desktop":{"background-color":"var(--ast-global-color-5)","background-image":"","background-repeat":"repeat","background-position":"center center","background-size":"auto","background-attachment":"scroll","background-type":"","background-media":"","overlay-type":"","overlay-color":"","overlay-opacity":"","overlay-gradient":""},"tablet":{"background-color":"var(--ast-global-color-5)","background-image":"","background-repeat":"repeat","background-position":"center center","background-size":"auto","background-attachment":"scroll","background-type":"","background-media":"","overlay-type":"","overlay-color":"","overlay-opacity":"","overlay-gradient":""},"mobile":{"background-color":"var(--ast-global-color-5)","background-image":"","background-repeat":"repeat","background-position":"center center","background-size":"auto","background-attachment":"scroll","background-type":"","background-media":"","overlay-type":"","overlay-color":"","overlay-opacity":"","overlay-gradient":""}},"footnotes":""},"class_list":["post-606","page","type-page","status-publish","hentry"],"aioseo_notices":[],"_links":{"self":[{"href":"https:\/\/aracnidatextil.com\/index.php?rest_route=\/wp\/v2\/pages\/606","targetHints":{"allow":["GET"]}}],"collection":[{"href":"https:\/\/aracnidatextil.com\/index.php?rest_route=\/wp\/v2\/pages"}],"about":[{"href":"https:\/\/aracnidatextil.com\/index.php?rest_route=\/wp\/v2\/types\/page"}],"author":[{"embeddable":true,"href":"https:\/\/aracnidatextil.com\/index.php?rest_route=\/wp\/v2\/users\/1"}],"replies":[{"embeddable":true,"href":"https:\/\/aracnidatextil.com\/index.php?rest_route=%2Fwp%2Fv2%2Fcomments&post=606"}],"version-history":[{"count":1,"href":"https:\/\/aracnidatextil.com\/index.php?rest_route=\/wp\/v2\/pages\/606\/revisions"}],"predecessor-version":[{"id":607,"href":"https:\/\/aracnidatextil.com\/index.php?rest_route=\/wp\/v2\/pages\/606\/revisions\/607"}],"wp:attachment":[{"href":"https:\/\/aracnidatextil.com\/index.php?rest_route=%2Fwp%2Fv2%2Fmedia&parent=606"}],"curies":[{"name":"wp","href":"https:\/\/api.w.org\/{rel}","templated":true}]}}